{"id":7808,"date":"2025-04-05T13:44:07","date_gmt":"2025-04-05T13:44:07","guid":{"rendered":"https:\/\/ohmondessin.com\/?post_type=product&#038;p=7808"},"modified":"2026-01-15T00:01:50","modified_gmt":"2026-01-15T00:01:50","slug":"nouveau-carnet-a5-le-jardinier","status":"publish","type":"product","link":"https:\/\/ohmondessin.com\/index.php\/product\/nouveau-carnet-a5-le-jardinier\/","title":{"rendered":"NOUVEAU Carnet A5 &#8211; Le Jardinier"},"content":{"rendered":"<dl class=\"flowtabs product-tab\" data-settings=\"{&quot;height&quot;:true}\">\n<dd class=\"tab1 tabs-block active\">\n<p class=\"\" data-start=\"360\" data-end=\"574\">Un joli carnet A5 de 48 pages lign\u00e9es, pens\u00e9 pour les passionn\u00e9s de jardinage. Son format pratique permet de l\u2019avoir toujours \u00e0 port\u00e9e de main, sur la table de jardin ou dans la serre.<\/p>\n<p class=\"\" data-start=\"759\" data-end=\"1004\">Con\u00e7u avec du papier recycl\u00e9 doux et agr\u00e9able au toucher, ce carnet est id\u00e9al pour \u00e9crire au crayon, au stylo ou y glisser des petites photos de ses r\u00e9coltes. Un cadeau original \u00e0 offrir \u00e0 tous les jardiniers du dimanche (ou du quotidien) ! \ud83c\udf31<\/p>\n<ul data-start=\"723\" data-end=\"1472\">\n<li data-start=\"723\" data-end=\"939\"><strong data-start=\"725\" data-end=\"735\">Design<\/strong> : Une illustration rigolote et pleine d\u2019humour.<\/li>\n<li data-start=\"940\" data-end=\"1102\"><strong data-start=\"942\" data-end=\"953\">Qualit\u00e9<\/strong> : Nous utilisons un papier recycl\u00e9 pour la conception compl\u00e8te de ce carnet.<\/li>\n<li data-start=\"940\" data-end=\"1102\"><strong>Fabrication<\/strong> : Fabriqu\u00e9 en France avec un papier recycl\u00e9 certifi\u00e9 FSC.<\/li>\n<li data-start=\"1103\" data-end=\"1232\"><strong data-start=\"1105\" data-end=\"1115\">Format<\/strong> : Carnet de 14,8 x 21 cm, offrant 48 pages lign\u00e9es.<\/li>\n<li data-start=\"1233\" data-end=\"1472\"><strong data-start=\"1235\" data-end=\"1250\">Utilisation<\/strong> : Id\u00e9al pour noter toutes ses plantations, observations ou ses id\u00e9es pour le jardin.<\/li>\n<\/ul>\n<\/dd>\n<\/dl>\n<p>Pour accompagner votre papeterie, nous vous proposons <a href=\"https:\/\/ohmondessin.com\/index.php\/product\/nouveau-grand-cahier-le-journal-du-jardinier\/\">le grand cahier Le Jardinier<\/a> assortit \u00e0 l&rsquo;illustration.<\/p>\n","protected":false},"excerpt":{"rendered":"<p>Un carnet A5 \u00a0de 48 pages plein de fra\u00eecheur pour noter ses plantations, ses observations ou ses id\u00e9es pour le jardin. Id\u00e9al pour tous les amoureux du jardinage, qu\u2019ils aient la main verte ou pas encore !<\/p>\n","protected":false},"featured_media":7809,"comment_status":"open","ping_status":"closed","template":"","meta":[],"product_brand":[],"product_cat":[1359,1235,729,964],"product_tag":[1384,1383,1385,1381,1380,1382,1387,969,1350,1386,1388,1389,970],"class_list":{"0":"post-7808","1":"product","2":"type-product","3":"status-publish","4":"has-post-thumbnail","6":"product_cat-carnets-a5","7":"product_cat-guide-cadeaux-de-noel","8":"product_cat-papeterie","9":"product_cat-carnets","10":"product_tag-cahier-jardin","11":"product_tag-cahier-jardinier","12":"product_tag-cahier-potager","13":"product_tag-carnet-jardin","14":"product_tag-carnet-jardinier","15":"product_tag-carnet-potager","16":"product_tag-dessin-jardinier","17":"product_tag-eco-responsable","18":"product_tag-fabrique-en-france","19":"product_tag-illustration-jardinier","20":"product_tag-papeterie-jardin","21":"product_tag-papeterie-jardinier","22":"product_tag-papier-recycle","24":"first","25":"instock","26":"purchasable","27":"product-type-simple"},"yoast_head":"<!-- This site is optimized with the Yoast SEO plugin v24.6 - https:\/\/yoast.com\/wordpress\/plugins\/seo\/ -->\n<title>NOUVEAU Carnet A5 - Le Jardinier - ohmondessin.com<\/title>\n<meta name=\"description\" content=\"Un joli carnet A5 de 48 pages lign\u00e9es fabriqu\u00e9 en France, pens\u00e9 pour tous les passionn\u00e9s de jardinage.\" \/>\n<meta name=\"robots\" content=\"index, follow, max-snippet:-1, max-image-preview:large, max-video-preview:-1\" \/>\n<link rel=\"canonical\" href=\"https:\/\/ohmondessin.com\/index.php\/product\/nouveau-carnet-a5-le-jardinier\/\" \/>\n<meta property=\"og:locale\" content=\"fr_FR\" \/>\n<meta property=\"og:type\" content=\"article\" \/>\n<meta property=\"og:title\" content=\"NOUVEAU Carnet A5 - Le Jardinier - ohmondessin.com\" \/>\n<meta property=\"og:description\" content=\"Un joli carnet A5 de 48 pages lign\u00e9es fabriqu\u00e9 en France, pens\u00e9 pour tous les passionn\u00e9s de jardinage.\" \/>\n<meta property=\"og:url\" content=\"https:\/\/ohmondessin.com\/index.php\/product\/nouveau-carnet-a5-le-jardinier\/\" \/>\n<meta property=\"og:site_name\" content=\"ohmondessin.com\" \/>\n<meta property=\"article:publisher\" content=\"https:\/\/www.facebook.com\/Ohmondessin\" \/>\n<meta property=\"article:modified_time\" content=\"2026-01-15T00:01:50+00:00\" \/>\n<meta property=\"og:image\" content=\"http:\/\/ohmondessin.com\/wp-content\/uploads\/2025\/04\/Carnet-jardinier-1-scaled.jpg\" \/>\n\t<meta property=\"og:image:width\" content=\"2560\" \/>\n\t<meta property=\"og:image:height\" content=\"2560\" \/>\n\t<meta property=\"og:image:type\" content=\"image\/jpeg\" \/>\n<meta name=\"twitter:card\" content=\"summary_large_image\" \/>\n<meta name=\"twitter:label1\" content=\"Dur\u00e9e de lecture estim\u00e9e\" \/>\n\t<meta name=\"twitter:data1\" content=\"1 minute\" \/>\n<script type=\"application\/ld+json\" class=\"yoast-schema-graph\">{\"@context\":\"https:\/\/schema.org\",\"@graph\":[{\"@type\":\"WebPage\",\"@id\":\"https:\/\/ohmondessin.com\/index.php\/product\/nouveau-carnet-a5-le-jardinier\/\",\"url\":\"https:\/\/ohmondessin.com\/index.php\/product\/nouveau-carnet-a5-le-jardinier\/\",\"name\":\"NOUVEAU Carnet A5 - Le Jardinier - ohmondessin.com\",\"isPartOf\":{\"@id\":\"https:\/\/ohmondessin.com\/#website\"},\"primaryImageOfPage\":{\"@id\":\"https:\/\/ohmondessin.com\/index.php\/product\/nouveau-carnet-a5-le-jardinier\/#primaryimage\"},\"image\":{\"@id\":\"https:\/\/ohmondessin.com\/index.php\/product\/nouveau-carnet-a5-le-jardinier\/#primaryimage\"},\"thumbnailUrl\":\"https:\/\/ohmondessin.com\/wp-content\/uploads\/2025\/04\/Carnet-jardinier-1-scaled.jpg\",\"datePublished\":\"2025-04-05T13:44:07+00:00\",\"dateModified\":\"2026-01-15T00:01:50+00:00\",\"description\":\"Un joli carnet A5 de 48 pages lign\u00e9es fabriqu\u00e9 en France, pens\u00e9 pour tous les passionn\u00e9s de jardinage.\",\"breadcrumb\":{\"@id\":\"https:\/\/ohmondessin.com\/index.php\/product\/nouveau-carnet-a5-le-jardinier\/#breadcrumb\"},\"inLanguage\":\"fr-FR\",\"potentialAction\":[{\"@type\":\"ReadAction\",\"target\":[\"https:\/\/ohmondessin.com\/index.php\/product\/nouveau-carnet-a5-le-jardinier\/\"]}]},{\"@type\":\"ImageObject\",\"inLanguage\":\"fr-FR\",\"@id\":\"https:\/\/ohmondessin.com\/index.php\/product\/nouveau-carnet-a5-le-jardinier\/#primaryimage\",\"url\":\"https:\/\/ohmondessin.com\/wp-content\/uploads\/2025\/04\/Carnet-jardinier-1-scaled.jpg\",\"contentUrl\":\"https:\/\/ohmondessin.com\/wp-content\/uploads\/2025\/04\/Carnet-jardinier-1-scaled.jpg\",\"width\":2560,\"height\":2560},{\"@type\":\"BreadcrumbList\",\"@id\":\"https:\/\/ohmondessin.com\/index.php\/product\/nouveau-carnet-a5-le-jardinier\/#breadcrumb\",\"itemListElement\":[{\"@type\":\"ListItem\",\"position\":1,\"name\":\"Accueil\",\"item\":\"https:\/\/ohmondessin.com\/\"},{\"@type\":\"ListItem\",\"position\":2,\"name\":\"La boutique\",\"item\":\"https:\/\/ohmondessin.com\/index.php\/la-boutique\/\"},{\"@type\":\"ListItem\",\"position\":3,\"name\":\"NOUVEAU Carnet A5 &#8211; Le Jardinier\"}]},{\"@type\":\"WebSite\",\"@id\":\"https:\/\/ohmondessin.com\/#website\",\"url\":\"https:\/\/ohmondessin.com\/\",\"name\":\"ohmondessin.com\",\"description\":\"De l\u2019illustration et du fait-main\",\"publisher\":{\"@id\":\"https:\/\/ohmondessin.com\/#organization\"},\"potentialAction\":[{\"@type\":\"SearchAction\",\"target\":{\"@type\":\"EntryPoint\",\"urlTemplate\":\"https:\/\/ohmondessin.com\/?s={search_term_string}\"},\"query-input\":{\"@type\":\"PropertyValueSpecification\",\"valueRequired\":true,\"valueName\":\"search_term_string\"}}],\"inLanguage\":\"fr-FR\"},{\"@type\":\"Organization\",\"@id\":\"https:\/\/ohmondessin.com\/#organization\",\"name\":\"ohmondessin.com\",\"url\":\"https:\/\/ohmondessin.com\/\",\"logo\":{\"@type\":\"ImageObject\",\"inLanguage\":\"fr-FR\",\"@id\":\"https:\/\/ohmondessin.com\/#\/schema\/logo\/image\/\",\"url\":\"https:\/\/ohmondessin.com\/wp-content\/uploads\/2023\/01\/logo_OHMD-dark.png\",\"contentUrl\":\"https:\/\/ohmondessin.com\/wp-content\/uploads\/2023\/01\/logo_OHMD-dark.png\",\"width\":500,\"height\":500,\"caption\":\"ohmondessin.com\"},\"image\":{\"@id\":\"https:\/\/ohmondessin.com\/#\/schema\/logo\/image\/\"},\"sameAs\":[\"https:\/\/www.facebook.com\/Ohmondessin\",\"https:\/\/www.instagram.com\/ohmondessin\/\"]}]}<\/script>\n<!-- \/ Yoast SEO plugin. -->","yoast_head_json":{"title":"NOUVEAU Carnet A5 - Le Jardinier - ohmondessin.com","description":"Un joli carnet A5 de 48 pages lign\u00e9es fabriqu\u00e9 en France, pens\u00e9 pour tous les passionn\u00e9s de jardinage.","robots":{"index":"index","follow":"follow","max-snippet":"max-snippet:-1","max-image-preview":"max-image-preview:large","max-video-preview":"max-video-preview:-1"},"canonical":"https:\/\/ohmondessin.com\/index.php\/product\/nouveau-carnet-a5-le-jardinier\/","og_locale":"fr_FR","og_type":"article","og_title":"NOUVEAU Carnet A5 - Le Jardinier - ohmondessin.com","og_description":"Un joli carnet A5 de 48 pages lign\u00e9es fabriqu\u00e9 en France, pens\u00e9 pour tous les passionn\u00e9s de jardinage.","og_url":"https:\/\/ohmondessin.com\/index.php\/product\/nouveau-carnet-a5-le-jardinier\/","og_site_name":"ohmondessin.com","article_publisher":"https:\/\/www.facebook.com\/Ohmondessin","article_modified_time":"2026-01-15T00:01:50+00:00","og_image":[{"width":2560,"height":2560,"url":"http:\/\/ohmondessin.com\/wp-content\/uploads\/2025\/04\/Carnet-jardinier-1-scaled.jpg","type":"image\/jpeg"}],"twitter_card":"summary_large_image","twitter_misc":{"Dur\u00e9e de lecture estim\u00e9e":"1 minute"},"schema":{"@context":"https:\/\/schema.org","@graph":[{"@type":"WebPage","@id":"https:\/\/ohmondessin.com\/index.php\/product\/nouveau-carnet-a5-le-jardinier\/","url":"https:\/\/ohmondessin.com\/index.php\/product\/nouveau-carnet-a5-le-jardinier\/","name":"NOUVEAU Carnet A5 - Le Jardinier - ohmondessin.com","isPartOf":{"@id":"https:\/\/ohmondessin.com\/#website"},"primaryImageOfPage":{"@id":"https:\/\/ohmondessin.com\/index.php\/product\/nouveau-carnet-a5-le-jardinier\/#primaryimage"},"image":{"@id":"https:\/\/ohmondessin.com\/index.php\/product\/nouveau-carnet-a5-le-jardinier\/#primaryimage"},"thumbnailUrl":"https:\/\/ohmondessin.com\/wp-content\/uploads\/2025\/04\/Carnet-jardinier-1-scaled.jpg","datePublished":"2025-04-05T13:44:07+00:00","dateModified":"2026-01-15T00:01:50+00:00","description":"Un joli carnet A5 de 48 pages lign\u00e9es fabriqu\u00e9 en France, pens\u00e9 pour tous les passionn\u00e9s de jardinage.","breadcrumb":{"@id":"https:\/\/ohmondessin.com\/index.php\/product\/nouveau-carnet-a5-le-jardinier\/#breadcrumb"},"inLanguage":"fr-FR","potentialAction":[{"@type":"ReadAction","target":["https:\/\/ohmondessin.com\/index.php\/product\/nouveau-carnet-a5-le-jardinier\/"]}]},{"@type":"ImageObject","inLanguage":"fr-FR","@id":"https:\/\/ohmondessin.com\/index.php\/product\/nouveau-carnet-a5-le-jardinier\/#primaryimage","url":"https:\/\/ohmondessin.com\/wp-content\/uploads\/2025\/04\/Carnet-jardinier-1-scaled.jpg","contentUrl":"https:\/\/ohmondessin.com\/wp-content\/uploads\/2025\/04\/Carnet-jardinier-1-scaled.jpg","width":2560,"height":2560},{"@type":"BreadcrumbList","@id":"https:\/\/ohmondessin.com\/index.php\/product\/nouveau-carnet-a5-le-jardinier\/#breadcrumb","itemListElement":[{"@type":"ListItem","position":1,"name":"Accueil","item":"https:\/\/ohmondessin.com\/"},{"@type":"ListItem","position":2,"name":"La boutique","item":"https:\/\/ohmondessin.com\/index.php\/la-boutique\/"},{"@type":"ListItem","position":3,"name":"NOUVEAU Carnet A5 &#8211; Le Jardinier"}]},{"@type":"WebSite","@id":"https:\/\/ohmondessin.com\/#website","url":"https:\/\/ohmondessin.com\/","name":"ohmondessin.com","description":"De l\u2019illustration et du fait-main","publisher":{"@id":"https:\/\/ohmondessin.com\/#organization"},"potentialAction":[{"@type":"SearchAction","target":{"@type":"EntryPoint","urlTemplate":"https:\/\/ohmondessin.com\/?s={search_term_string}"},"query-input":{"@type":"PropertyValueSpecification","valueRequired":true,"valueName":"search_term_string"}}],"inLanguage":"fr-FR"},{"@type":"Organization","@id":"https:\/\/ohmondessin.com\/#organization","name":"ohmondessin.com","url":"https:\/\/ohmondessin.com\/","logo":{"@type":"ImageObject","inLanguage":"fr-FR","@id":"https:\/\/ohmondessin.com\/#\/schema\/logo\/image\/","url":"https:\/\/ohmondessin.com\/wp-content\/uploads\/2023\/01\/logo_OHMD-dark.png","contentUrl":"https:\/\/ohmondessin.com\/wp-content\/uploads\/2023\/01\/logo_OHMD-dark.png","width":500,"height":500,"caption":"ohmondessin.com"},"image":{"@id":"https:\/\/ohmondessin.com\/#\/schema\/logo\/image\/"},"sameAs":["https:\/\/www.facebook.com\/Ohmondessin","https:\/\/www.instagram.com\/ohmondessin\/"]}]}},"jetpack_sharing_enabled":true,"_links":{"self":[{"href":"https:\/\/ohmondessin.com\/index.php\/wp-json\/wp\/v2\/product\/7808","targetHints":{"allow":["GET"]}}],"collection":[{"href":"https:\/\/ohmondessin.com\/index.php\/wp-json\/wp\/v2\/product"}],"about":[{"href":"https:\/\/ohmondessin.com\/index.php\/wp-json\/wp\/v2\/types\/product"}],"replies":[{"embeddable":true,"href":"https:\/\/ohmondessin.com\/index.php\/wp-json\/wp\/v2\/comments?post=7808"}],"wp:featuredmedia":[{"embeddable":true,"href":"https:\/\/ohmondessin.com\/index.php\/wp-json\/wp\/v2\/media\/7809"}],"wp:attachment":[{"href":"https:\/\/ohmondessin.com\/index.php\/wp-json\/wp\/v2\/media?parent=7808"}],"wp:term":[{"taxonomy":"product_brand","embeddable":true,"href":"https:\/\/ohmondessin.com\/index.php\/wp-json\/wp\/v2\/product_brand?post=7808"},{"taxonomy":"product_cat","embeddable":true,"href":"https:\/\/ohmondessin.com\/index.php\/wp-json\/wp\/v2\/product_cat?post=7808"},{"taxonomy":"product_tag","embeddable":true,"href":"https:\/\/ohmondessin.com\/index.php\/wp-json\/wp\/v2\/product_tag?post=7808"}],"curies":[{"name":"wp","href":"https:\/\/api.w.org\/{rel}","templated":true}]}}