{"id":7815,"date":"2025-04-07T10:57:03","date_gmt":"2025-04-07T10:57:03","guid":{"rendered":"https:\/\/ohmondessin.com\/?post_type=product&#038;p=7815"},"modified":"2026-01-15T00:01:50","modified_gmt":"2026-01-15T00:01:50","slug":"nouveau-grand-cahier-le-journal-du-jardinier","status":"publish","type":"product","link":"https:\/\/ohmondessin.com\/index.php\/product\/nouveau-grand-cahier-le-journal-du-jardinier\/","title":{"rendered":"NOUVEAU Grand Cahier &#8211; Le Journal du Jardinier"},"content":{"rendered":"<dl class=\"flowtabs product-tab\" data-settings=\"{&quot;height&quot;:true}\">\n<dd class=\"tab1 tabs-block active\">\n<p style=\"text-align: left;\" data-start=\"428\" data-end=\"721\">Ce journal est con\u00e7u avec du papier recycl\u00e9, offrant une texture douce et lisse, id\u00e9ale pour l\u2019\u00e9criture et les petits collages.<\/p>\n<ul data-start=\"723\" data-end=\"1472\">\n<li data-start=\"723\" data-end=\"939\"><strong data-start=\"725\" data-end=\"735\">Design<\/strong> : Une illustration unique et dessin\u00e9e avec beaucoup d&rsquo;amour!<\/li>\n<li data-start=\"940\" data-end=\"1102\"><strong data-start=\"942\" data-end=\"953\">Qualit\u00e9<\/strong> : Nous utilisons un papier recycl\u00e9 pour la conception compl\u00e8te de ce journal.<\/li>\n<li data-start=\"940\" data-end=\"1102\"><strong>Fabrication<\/strong> : Fabriqu\u00e9 en France avec un papier recycl\u00e9 certifi\u00e9 FSC.<\/li>\n<li data-start=\"1103\" data-end=\"1232\"><strong data-start=\"1105\" data-end=\"1115\">Format<\/strong> : Cahier de 20 x 25,5 cm, offrant 48 pages lign\u00e9es.<\/li>\n<li data-start=\"1233\" data-end=\"1472\"><strong data-start=\"1235\" data-end=\"1250\">Utilisation<\/strong> : Un cadeau symbolique et intemporel \u00e0 offrir \u00e0 tous les amoureux des jardins !<\/li>\n<\/ul>\n<\/dd>\n<\/dl>\n<p>Pour accompagner votre papeterie, nous vous proposons le <a href=\"https:\/\/ohmondessin.com\/index.php\/product\/nouveau-carnet-a5-le-jardinier\/\">Carnet du Jardinier<\/a> assortit \u00e0 l&rsquo;illustration.<\/p>\n","protected":false},"excerpt":{"rendered":"<p style=\"text-align: left;\">Ce grand Journal du Jardinier a \u00e9t\u00e9 pens\u00e9 pour accompagner les amoureux du jardin tout au long des saisons. Avec ses 48 pages lign\u00e9es, il invite \u00e0 noter ses observations, consigner les gestes du jour, dessiner ses plans de plantation, suivre l\u2019\u00e9volution de ses semis ou encore coller quelques fleurs s\u00e9ch\u00e9es.<\/p>\n<p style=\"text-align: left;\">Nous utilisons un papier recycl\u00e9 pour la conception compl\u00e8te de ce journal. Ce papier nous permet d&rsquo;avoir un cahier tr\u00e8s doux et lisse, id\u00e9al pour l\u2019\u00e9criture et les petits collages.<\/p>\n","protected":false},"featured_media":7816,"comment_status":"open","ping_status":"closed","template":"","meta":[],"product_brand":[],"product_cat":[1342,729],"product_tag":[1393,1392,1384,1383,969,1350,1352,1394,1343,1353,1391,1390,1364,1356,1388,1389,970],"class_list":{"0":"post-7815","1":"product","2":"type-product","3":"status-publish","4":"has-post-thumbnail","6":"product_cat-grand-cahier-journal","7":"product_cat-papeterie","8":"product_tag-cadeaux-jardin","9":"product_tag-cadeaux-jardinier","10":"product_tag-cahier-jardin","11":"product_tag-cahier-jardinier","12":"product_tag-eco-responsable","13":"product_tag-fabrique-en-france","14":"product_tag-grand-cahier","15":"product_tag-jardinier-outils","16":"product_tag-journal","17":"product_tag-journal-intime","18":"product_tag-journal-jardin","19":"product_tag-journal-jardinier","20":"product_tag-journal-mariage","21":"product_tag-journal-papeterie","22":"product_tag-papeterie-jardin","23":"product_tag-papeterie-jardinier","24":"product_tag-papier-recycle","26":"first","27":"instock","28":"purchasable","29":"product-type-simple"},"yoast_head":"<!-- This site is optimized with the Yoast SEO plugin v24.6 - https:\/\/yoast.com\/wordpress\/plugins\/seo\/ -->\n<title>NOUVEAU Grand Cahier - Le Journal du Jardinier - ohmondessin.com<\/title>\n<meta name=\"description\" content=\"Le Journal du Jardinier a \u00e9t\u00e9 pens\u00e9 pour accompagner les amoureux du jardin tout au long des saisons. Avec ses 48 pages lign\u00e9es, il invite \u00e0 noter ses observations.\" \/>\n<meta name=\"robots\" content=\"index, follow, max-snippet:-1, max-image-preview:large, max-video-preview:-1\" \/>\n<link rel=\"canonical\" href=\"https:\/\/ohmondessin.com\/index.php\/product\/nouveau-grand-cahier-le-journal-du-jardinier\/\" \/>\n<meta property=\"og:locale\" content=\"fr_FR\" \/>\n<meta property=\"og:type\" content=\"article\" \/>\n<meta property=\"og:title\" content=\"NOUVEAU Grand Cahier - Le Journal du Jardinier - ohmondessin.com\" \/>\n<meta property=\"og:description\" content=\"Le Journal du Jardinier a \u00e9t\u00e9 pens\u00e9 pour accompagner les amoureux du jardin tout au long des saisons. Avec ses 48 pages lign\u00e9es, il invite \u00e0 noter ses observations.\" \/>\n<meta property=\"og:url\" content=\"https:\/\/ohmondessin.com\/index.php\/product\/nouveau-grand-cahier-le-journal-du-jardinier\/\" \/>\n<meta property=\"og:site_name\" content=\"ohmondessin.com\" \/>\n<meta property=\"article:publisher\" content=\"https:\/\/www.facebook.com\/Ohmondessin\" \/>\n<meta property=\"article:modified_time\" content=\"2026-01-15T00:01:50+00:00\" \/>\n<meta property=\"og:image\" content=\"http:\/\/ohmondessin.com\/wp-content\/uploads\/2025\/04\/journal_jardinier-scaled.jpg\" \/>\n\t<meta property=\"og:image:width\" content=\"2560\" \/>\n\t<meta property=\"og:image:height\" content=\"2560\" \/>\n\t<meta property=\"og:image:type\" content=\"image\/jpeg\" \/>\n<meta name=\"twitter:card\" content=\"summary_large_image\" \/>\n<meta name=\"twitter:label1\" content=\"Dur\u00e9e de lecture estim\u00e9e\" \/>\n\t<meta name=\"twitter:data1\" content=\"1 minute\" \/>\n<script type=\"application\/ld+json\" class=\"yoast-schema-graph\">{\"@context\":\"https:\/\/schema.org\",\"@graph\":[{\"@type\":\"WebPage\",\"@id\":\"https:\/\/ohmondessin.com\/index.php\/product\/nouveau-grand-cahier-le-journal-du-jardinier\/\",\"url\":\"https:\/\/ohmondessin.com\/index.php\/product\/nouveau-grand-cahier-le-journal-du-jardinier\/\",\"name\":\"NOUVEAU Grand Cahier - Le Journal du Jardinier - ohmondessin.com\",\"isPartOf\":{\"@id\":\"https:\/\/ohmondessin.com\/#website\"},\"primaryImageOfPage\":{\"@id\":\"https:\/\/ohmondessin.com\/index.php\/product\/nouveau-grand-cahier-le-journal-du-jardinier\/#primaryimage\"},\"image\":{\"@id\":\"https:\/\/ohmondessin.com\/index.php\/product\/nouveau-grand-cahier-le-journal-du-jardinier\/#primaryimage\"},\"thumbnailUrl\":\"https:\/\/ohmondessin.com\/wp-content\/uploads\/2025\/04\/journal_jardinier-scaled.jpg\",\"datePublished\":\"2025-04-07T10:57:03+00:00\",\"dateModified\":\"2026-01-15T00:01:50+00:00\",\"description\":\"Le Journal du Jardinier a \u00e9t\u00e9 pens\u00e9 pour accompagner les amoureux du jardin tout au long des saisons. Avec ses 48 pages lign\u00e9es, il invite \u00e0 noter ses observations.\",\"breadcrumb\":{\"@id\":\"https:\/\/ohmondessin.com\/index.php\/product\/nouveau-grand-cahier-le-journal-du-jardinier\/#breadcrumb\"},\"inLanguage\":\"fr-FR\",\"potentialAction\":[{\"@type\":\"ReadAction\",\"target\":[\"https:\/\/ohmondessin.com\/index.php\/product\/nouveau-grand-cahier-le-journal-du-jardinier\/\"]}]},{\"@type\":\"ImageObject\",\"inLanguage\":\"fr-FR\",\"@id\":\"https:\/\/ohmondessin.com\/index.php\/product\/nouveau-grand-cahier-le-journal-du-jardinier\/#primaryimage\",\"url\":\"https:\/\/ohmondessin.com\/wp-content\/uploads\/2025\/04\/journal_jardinier-scaled.jpg\",\"contentUrl\":\"https:\/\/ohmondessin.com\/wp-content\/uploads\/2025\/04\/journal_jardinier-scaled.jpg\",\"width\":2560,\"height\":2560},{\"@type\":\"BreadcrumbList\",\"@id\":\"https:\/\/ohmondessin.com\/index.php\/product\/nouveau-grand-cahier-le-journal-du-jardinier\/#breadcrumb\",\"itemListElement\":[{\"@type\":\"ListItem\",\"position\":1,\"name\":\"Accueil\",\"item\":\"https:\/\/ohmondessin.com\/\"},{\"@type\":\"ListItem\",\"position\":2,\"name\":\"La boutique\",\"item\":\"https:\/\/ohmondessin.com\/index.php\/la-boutique\/\"},{\"@type\":\"ListItem\",\"position\":3,\"name\":\"NOUVEAU Grand Cahier &#8211; Le Journal du Jardinier\"}]},{\"@type\":\"WebSite\",\"@id\":\"https:\/\/ohmondessin.com\/#website\",\"url\":\"https:\/\/ohmondessin.com\/\",\"name\":\"ohmondessin.com\",\"description\":\"De l\u2019illustration et du fait-main\",\"publisher\":{\"@id\":\"https:\/\/ohmondessin.com\/#organization\"},\"potentialAction\":[{\"@type\":\"SearchAction\",\"target\":{\"@type\":\"EntryPoint\",\"urlTemplate\":\"https:\/\/ohmondessin.com\/?s={search_term_string}\"},\"query-input\":{\"@type\":\"PropertyValueSpecification\",\"valueRequired\":true,\"valueName\":\"search_term_string\"}}],\"inLanguage\":\"fr-FR\"},{\"@type\":\"Organization\",\"@id\":\"https:\/\/ohmondessin.com\/#organization\",\"name\":\"ohmondessin.com\",\"url\":\"https:\/\/ohmondessin.com\/\",\"logo\":{\"@type\":\"ImageObject\",\"inLanguage\":\"fr-FR\",\"@id\":\"https:\/\/ohmondessin.com\/#\/schema\/logo\/image\/\",\"url\":\"https:\/\/ohmondessin.com\/wp-content\/uploads\/2023\/01\/logo_OHMD-dark.png\",\"contentUrl\":\"https:\/\/ohmondessin.com\/wp-content\/uploads\/2023\/01\/logo_OHMD-dark.png\",\"width\":500,\"height\":500,\"caption\":\"ohmondessin.com\"},\"image\":{\"@id\":\"https:\/\/ohmondessin.com\/#\/schema\/logo\/image\/\"},\"sameAs\":[\"https:\/\/www.facebook.com\/Ohmondessin\",\"https:\/\/www.instagram.com\/ohmondessin\/\"]}]}<\/script>\n<!-- \/ Yoast SEO plugin. -->","yoast_head_json":{"title":"NOUVEAU Grand Cahier - Le Journal du Jardinier - ohmondessin.com","description":"Le Journal du Jardinier a \u00e9t\u00e9 pens\u00e9 pour accompagner les amoureux du jardin tout au long des saisons. Avec ses 48 pages lign\u00e9es, il invite \u00e0 noter ses observations.","robots":{"index":"index","follow":"follow","max-snippet":"max-snippet:-1","max-image-preview":"max-image-preview:large","max-video-preview":"max-video-preview:-1"},"canonical":"https:\/\/ohmondessin.com\/index.php\/product\/nouveau-grand-cahier-le-journal-du-jardinier\/","og_locale":"fr_FR","og_type":"article","og_title":"NOUVEAU Grand Cahier - Le Journal du Jardinier - ohmondessin.com","og_description":"Le Journal du Jardinier a \u00e9t\u00e9 pens\u00e9 pour accompagner les amoureux du jardin tout au long des saisons. Avec ses 48 pages lign\u00e9es, il invite \u00e0 noter ses observations.","og_url":"https:\/\/ohmondessin.com\/index.php\/product\/nouveau-grand-cahier-le-journal-du-jardinier\/","og_site_name":"ohmondessin.com","article_publisher":"https:\/\/www.facebook.com\/Ohmondessin","article_modified_time":"2026-01-15T00:01:50+00:00","og_image":[{"width":2560,"height":2560,"url":"http:\/\/ohmondessin.com\/wp-content\/uploads\/2025\/04\/journal_jardinier-scaled.jpg","type":"image\/jpeg"}],"twitter_card":"summary_large_image","twitter_misc":{"Dur\u00e9e de lecture estim\u00e9e":"1 minute"},"schema":{"@context":"https:\/\/schema.org","@graph":[{"@type":"WebPage","@id":"https:\/\/ohmondessin.com\/index.php\/product\/nouveau-grand-cahier-le-journal-du-jardinier\/","url":"https:\/\/ohmondessin.com\/index.php\/product\/nouveau-grand-cahier-le-journal-du-jardinier\/","name":"NOUVEAU Grand Cahier - Le Journal du Jardinier - ohmondessin.com","isPartOf":{"@id":"https:\/\/ohmondessin.com\/#website"},"primaryImageOfPage":{"@id":"https:\/\/ohmondessin.com\/index.php\/product\/nouveau-grand-cahier-le-journal-du-jardinier\/#primaryimage"},"image":{"@id":"https:\/\/ohmondessin.com\/index.php\/product\/nouveau-grand-cahier-le-journal-du-jardinier\/#primaryimage"},"thumbnailUrl":"https:\/\/ohmondessin.com\/wp-content\/uploads\/2025\/04\/journal_jardinier-scaled.jpg","datePublished":"2025-04-07T10:57:03+00:00","dateModified":"2026-01-15T00:01:50+00:00","description":"Le Journal du Jardinier a \u00e9t\u00e9 pens\u00e9 pour accompagner les amoureux du jardin tout au long des saisons. Avec ses 48 pages lign\u00e9es, il invite \u00e0 noter ses observations.","breadcrumb":{"@id":"https:\/\/ohmondessin.com\/index.php\/product\/nouveau-grand-cahier-le-journal-du-jardinier\/#breadcrumb"},"inLanguage":"fr-FR","potentialAction":[{"@type":"ReadAction","target":["https:\/\/ohmondessin.com\/index.php\/product\/nouveau-grand-cahier-le-journal-du-jardinier\/"]}]},{"@type":"ImageObject","inLanguage":"fr-FR","@id":"https:\/\/ohmondessin.com\/index.php\/product\/nouveau-grand-cahier-le-journal-du-jardinier\/#primaryimage","url":"https:\/\/ohmondessin.com\/wp-content\/uploads\/2025\/04\/journal_jardinier-scaled.jpg","contentUrl":"https:\/\/ohmondessin.com\/wp-content\/uploads\/2025\/04\/journal_jardinier-scaled.jpg","width":2560,"height":2560},{"@type":"BreadcrumbList","@id":"https:\/\/ohmondessin.com\/index.php\/product\/nouveau-grand-cahier-le-journal-du-jardinier\/#breadcrumb","itemListElement":[{"@type":"ListItem","position":1,"name":"Accueil","item":"https:\/\/ohmondessin.com\/"},{"@type":"ListItem","position":2,"name":"La boutique","item":"https:\/\/ohmondessin.com\/index.php\/la-boutique\/"},{"@type":"ListItem","position":3,"name":"NOUVEAU Grand Cahier &#8211; Le Journal du Jardinier"}]},{"@type":"WebSite","@id":"https:\/\/ohmondessin.com\/#website","url":"https:\/\/ohmondessin.com\/","name":"ohmondessin.com","description":"De l\u2019illustration et du fait-main","publisher":{"@id":"https:\/\/ohmondessin.com\/#organization"},"potentialAction":[{"@type":"SearchAction","target":{"@type":"EntryPoint","urlTemplate":"https:\/\/ohmondessin.com\/?s={search_term_string}"},"query-input":{"@type":"PropertyValueSpecification","valueRequired":true,"valueName":"search_term_string"}}],"inLanguage":"fr-FR"},{"@type":"Organization","@id":"https:\/\/ohmondessin.com\/#organization","name":"ohmondessin.com","url":"https:\/\/ohmondessin.com\/","logo":{"@type":"ImageObject","inLanguage":"fr-FR","@id":"https:\/\/ohmondessin.com\/#\/schema\/logo\/image\/","url":"https:\/\/ohmondessin.com\/wp-content\/uploads\/2023\/01\/logo_OHMD-dark.png","contentUrl":"https:\/\/ohmondessin.com\/wp-content\/uploads\/2023\/01\/logo_OHMD-dark.png","width":500,"height":500,"caption":"ohmondessin.com"},"image":{"@id":"https:\/\/ohmondessin.com\/#\/schema\/logo\/image\/"},"sameAs":["https:\/\/www.facebook.com\/Ohmondessin","https:\/\/www.instagram.com\/ohmondessin\/"]}]}},"jetpack_sharing_enabled":true,"_links":{"self":[{"href":"https:\/\/ohmondessin.com\/index.php\/wp-json\/wp\/v2\/product\/7815","targetHints":{"allow":["GET"]}}],"collection":[{"href":"https:\/\/ohmondessin.com\/index.php\/wp-json\/wp\/v2\/product"}],"about":[{"href":"https:\/\/ohmondessin.com\/index.php\/wp-json\/wp\/v2\/types\/product"}],"replies":[{"embeddable":true,"href":"https:\/\/ohmondessin.com\/index.php\/wp-json\/wp\/v2\/comments?post=7815"}],"wp:featuredmedia":[{"embeddable":true,"href":"https:\/\/ohmondessin.com\/index.php\/wp-json\/wp\/v2\/media\/7816"}],"wp:attachment":[{"href":"https:\/\/ohmondessin.com\/index.php\/wp-json\/wp\/v2\/media?parent=7815"}],"wp:term":[{"taxonomy":"product_brand","embeddable":true,"href":"https:\/\/ohmondessin.com\/index.php\/wp-json\/wp\/v2\/product_brand?post=7815"},{"taxonomy":"product_cat","embeddable":true,"href":"https:\/\/ohmondessin.com\/index.php\/wp-json\/wp\/v2\/product_cat?post=7815"},{"taxonomy":"product_tag","embeddable":true,"href":"https:\/\/ohmondessin.com\/index.php\/wp-json\/wp\/v2\/product_tag?post=7815"}],"curies":[{"name":"wp","href":"https:\/\/api.w.org\/{rel}","templated":true}]}}