{"id":7817,"date":"2025-04-07T11:16:23","date_gmt":"2025-04-07T11:16:23","guid":{"rendered":"https:\/\/ohmondessin.com\/?post_type=product&#038;p=7817"},"modified":"2026-01-15T00:01:50","modified_gmt":"2026-01-15T00:01:50","slug":"nouveau-grand-cahier-n006-les-paons","status":"publish","type":"product","link":"https:\/\/ohmondessin.com\/index.php\/product\/nouveau-grand-cahier-n006-les-paons\/","title":{"rendered":"NOUVEAU Grand Cahier &#8211; N\u00b0007 Les Paons"},"content":{"rendered":"<dl class=\"flowtabs product-tab\" data-settings=\"{&quot;height&quot;:true}\">\n<dd class=\"tab1 tabs-block active\">\n<p style=\"text-align: left;\" data-start=\"428\" data-end=\"721\">Ce journal est con\u00e7u avec du papier recycl\u00e9, offrant une texture douce et lisse, id\u00e9ale pour l\u2019\u00e9criture et les petits collages.<\/p>\n<ul data-start=\"723\" data-end=\"1472\">\n<li data-start=\"723\" data-end=\"939\"><strong data-start=\"725\" data-end=\"735\">Design<\/strong> : Ce journal au motif \u00e9l\u00e9gant de paons est une v\u00e9ritable invitation \u00e0 la cr\u00e9ativit\u00e9.<\/li>\n<li data-start=\"940\" data-end=\"1102\"><strong data-start=\"942\" data-end=\"953\">Qualit\u00e9<\/strong> : Nous utilisons un papier recycl\u00e9 pour la conception compl\u00e8te de ce journal.<\/li>\n<li data-start=\"940\" data-end=\"1102\"><strong>Fabrication<\/strong> : Fabriqu\u00e9 en France avec un papier recycl\u00e9 certifi\u00e9 FSC.<\/li>\n<li data-start=\"1103\" data-end=\"1232\"><strong data-start=\"1105\" data-end=\"1115\">Format<\/strong> : Cahier de 20 x 25,5 cm, offrant 48 pages lign\u00e9es.<\/li>\n<li data-start=\"1233\" data-end=\"1472\"><strong data-start=\"1235\" data-end=\"1250\">Utilisation<\/strong> : Pens\u00e9 pour recueillir vos pens\u00e9es, croquis, souvenirs, ou projets de vie, il vous accompagnera jour apr\u00e8s jour avec douceur et inspiration.<\/li>\n<\/ul>\n<\/dd>\n<\/dl>\n<p>Pour accompagner votre papeterie, nous vous proposons le <a href=\"https:\/\/ohmondessin.com\/index.php\/product\/nouveau-carnet-a5-les-projets\/\">Carnet de Projets<\/a> assortit \u00e0 l&rsquo;illustration.<\/p>\n","protected":false},"excerpt":{"rendered":"<p style=\"text-align: left;\">Un joli journal de 48 pages lign\u00e9es, imagin\u00e9 pour \u00e9crire, dessiner, coller, raconter votre vie. Son illustration po\u00e9tique et son grand format (20 x 25,5 cm) en font un compagnon unique pour votre quotidien.<\/p>\n<p style=\"text-align: left;\">Nous utilisons un papier recycl\u00e9 pour la conception compl\u00e8te de ce journal. Ce papier nous permet d&rsquo;avoir un cahier tr\u00e8s doux et lisse, id\u00e9al pour l\u2019\u00e9criture et les petits collages.<\/p>\n","protected":false},"featured_media":7818,"comment_status":"open","ping_status":"closed","template":"","meta":[],"product_brand":[],"product_cat":[1342,1235,729],"product_tag":[1398,969,1350,1352,1401,1397,1343,1353,1396,1356,1400,1388,1399,1395,970],"class_list":{"0":"post-7817","1":"product","2":"type-product","3":"status-publish","4":"has-post-thumbnail","6":"product_cat-grand-cahier-journal","7":"product_cat-guide-cadeaux-de-noel","8":"product_cat-papeterie","9":"product_tag-carnet-paons","10":"product_tag-eco-responsable","11":"product_tag-fabrique-en-france","12":"product_tag-grand-cahier","13":"product_tag-illustration-botanique","14":"product_tag-illustration-paons","15":"product_tag-journal","16":"product_tag-journal-intime","17":"product_tag-journal-paons","18":"product_tag-journal-papeterie","19":"product_tag-papeterie-botanique","20":"product_tag-papeterie-jardin","21":"product_tag-papeterie-paon","22":"product_tag-papeterie-paons","23":"product_tag-papier-recycle","25":"first","26":"instock","27":"purchasable","28":"product-type-simple"},"yoast_head":"<!-- This site is optimized with the Yoast SEO plugin v24.6 - https:\/\/yoast.com\/wordpress\/plugins\/seo\/ -->\n<title>NOUVEAU Grand Cahier - N\u00b0007 Les Paons - ohmondessin.com<\/title>\n<meta name=\"description\" content=\"Un joli journal de 48 pages lign\u00e9es fabriqu\u00e9 en France, imagin\u00e9 pour \u00e9crire, dessiner, coller, raconter votre vie.\" \/>\n<meta name=\"robots\" content=\"index, follow, max-snippet:-1, max-image-preview:large, max-video-preview:-1\" \/>\n<link rel=\"canonical\" href=\"https:\/\/ohmondessin.com\/index.php\/product\/nouveau-grand-cahier-n006-les-paons\/\" \/>\n<meta property=\"og:locale\" content=\"fr_FR\" \/>\n<meta property=\"og:type\" content=\"article\" \/>\n<meta property=\"og:title\" content=\"NOUVEAU Grand Cahier - N\u00b0007 Les Paons - ohmondessin.com\" \/>\n<meta property=\"og:description\" content=\"Un joli journal de 48 pages lign\u00e9es fabriqu\u00e9 en France, imagin\u00e9 pour \u00e9crire, dessiner, coller, raconter votre vie.\" \/>\n<meta property=\"og:url\" content=\"https:\/\/ohmondessin.com\/index.php\/product\/nouveau-grand-cahier-n006-les-paons\/\" \/>\n<meta property=\"og:site_name\" content=\"ohmondessin.com\" \/>\n<meta property=\"article:publisher\" content=\"https:\/\/www.facebook.com\/Ohmondessin\" \/>\n<meta property=\"article:modified_time\" content=\"2026-01-15T00:01:50+00:00\" \/>\n<meta property=\"og:image\" content=\"http:\/\/ohmondessin.com\/wp-content\/uploads\/2025\/04\/JOURNAL-Paons-scaled.jpg\" \/>\n\t<meta property=\"og:image:width\" content=\"2560\" \/>\n\t<meta property=\"og:image:height\" content=\"2560\" \/>\n\t<meta property=\"og:image:type\" content=\"image\/jpeg\" \/>\n<meta name=\"twitter:card\" content=\"summary_large_image\" \/>\n<meta name=\"twitter:label1\" content=\"Dur\u00e9e de lecture estim\u00e9e\" \/>\n\t<meta name=\"twitter:data1\" content=\"1 minute\" \/>\n<script type=\"application\/ld+json\" class=\"yoast-schema-graph\">{\"@context\":\"https:\/\/schema.org\",\"@graph\":[{\"@type\":\"WebPage\",\"@id\":\"https:\/\/ohmondessin.com\/index.php\/product\/nouveau-grand-cahier-n006-les-paons\/\",\"url\":\"https:\/\/ohmondessin.com\/index.php\/product\/nouveau-grand-cahier-n006-les-paons\/\",\"name\":\"NOUVEAU Grand Cahier - N\u00b0007 Les Paons - ohmondessin.com\",\"isPartOf\":{\"@id\":\"https:\/\/ohmondessin.com\/#website\"},\"primaryImageOfPage\":{\"@id\":\"https:\/\/ohmondessin.com\/index.php\/product\/nouveau-grand-cahier-n006-les-paons\/#primaryimage\"},\"image\":{\"@id\":\"https:\/\/ohmondessin.com\/index.php\/product\/nouveau-grand-cahier-n006-les-paons\/#primaryimage\"},\"thumbnailUrl\":\"https:\/\/ohmondessin.com\/wp-content\/uploads\/2025\/04\/JOURNAL-Paons-scaled.jpg\",\"datePublished\":\"2025-04-07T11:16:23+00:00\",\"dateModified\":\"2026-01-15T00:01:50+00:00\",\"description\":\"Un joli journal de 48 pages lign\u00e9es fabriqu\u00e9 en France, imagin\u00e9 pour \u00e9crire, dessiner, coller, raconter votre vie.\",\"breadcrumb\":{\"@id\":\"https:\/\/ohmondessin.com\/index.php\/product\/nouveau-grand-cahier-n006-les-paons\/#breadcrumb\"},\"inLanguage\":\"fr-FR\",\"potentialAction\":[{\"@type\":\"ReadAction\",\"target\":[\"https:\/\/ohmondessin.com\/index.php\/product\/nouveau-grand-cahier-n006-les-paons\/\"]}]},{\"@type\":\"ImageObject\",\"inLanguage\":\"fr-FR\",\"@id\":\"https:\/\/ohmondessin.com\/index.php\/product\/nouveau-grand-cahier-n006-les-paons\/#primaryimage\",\"url\":\"https:\/\/ohmondessin.com\/wp-content\/uploads\/2025\/04\/JOURNAL-Paons-scaled.jpg\",\"contentUrl\":\"https:\/\/ohmondessin.com\/wp-content\/uploads\/2025\/04\/JOURNAL-Paons-scaled.jpg\",\"width\":2560,\"height\":2560},{\"@type\":\"BreadcrumbList\",\"@id\":\"https:\/\/ohmondessin.com\/index.php\/product\/nouveau-grand-cahier-n006-les-paons\/#breadcrumb\",\"itemListElement\":[{\"@type\":\"ListItem\",\"position\":1,\"name\":\"Accueil\",\"item\":\"https:\/\/ohmondessin.com\/\"},{\"@type\":\"ListItem\",\"position\":2,\"name\":\"La boutique\",\"item\":\"https:\/\/ohmondessin.com\/index.php\/la-boutique\/\"},{\"@type\":\"ListItem\",\"position\":3,\"name\":\"NOUVEAU Grand Cahier &#8211; N\u00b0007 Les Paons\"}]},{\"@type\":\"WebSite\",\"@id\":\"https:\/\/ohmondessin.com\/#website\",\"url\":\"https:\/\/ohmondessin.com\/\",\"name\":\"ohmondessin.com\",\"description\":\"De l\u2019illustration et du fait-main\",\"publisher\":{\"@id\":\"https:\/\/ohmondessin.com\/#organization\"},\"potentialAction\":[{\"@type\":\"SearchAction\",\"target\":{\"@type\":\"EntryPoint\",\"urlTemplate\":\"https:\/\/ohmondessin.com\/?s={search_term_string}\"},\"query-input\":{\"@type\":\"PropertyValueSpecification\",\"valueRequired\":true,\"valueName\":\"search_term_string\"}}],\"inLanguage\":\"fr-FR\"},{\"@type\":\"Organization\",\"@id\":\"https:\/\/ohmondessin.com\/#organization\",\"name\":\"ohmondessin.com\",\"url\":\"https:\/\/ohmondessin.com\/\",\"logo\":{\"@type\":\"ImageObject\",\"inLanguage\":\"fr-FR\",\"@id\":\"https:\/\/ohmondessin.com\/#\/schema\/logo\/image\/\",\"url\":\"https:\/\/ohmondessin.com\/wp-content\/uploads\/2023\/01\/logo_OHMD-dark.png\",\"contentUrl\":\"https:\/\/ohmondessin.com\/wp-content\/uploads\/2023\/01\/logo_OHMD-dark.png\",\"width\":500,\"height\":500,\"caption\":\"ohmondessin.com\"},\"image\":{\"@id\":\"https:\/\/ohmondessin.com\/#\/schema\/logo\/image\/\"},\"sameAs\":[\"https:\/\/www.facebook.com\/Ohmondessin\",\"https:\/\/www.instagram.com\/ohmondessin\/\"]}]}<\/script>\n<!-- \/ Yoast SEO plugin. -->","yoast_head_json":{"title":"NOUVEAU Grand Cahier - N\u00b0007 Les Paons - ohmondessin.com","description":"Un joli journal de 48 pages lign\u00e9es fabriqu\u00e9 en France, imagin\u00e9 pour \u00e9crire, dessiner, coller, raconter votre vie.","robots":{"index":"index","follow":"follow","max-snippet":"max-snippet:-1","max-image-preview":"max-image-preview:large","max-video-preview":"max-video-preview:-1"},"canonical":"https:\/\/ohmondessin.com\/index.php\/product\/nouveau-grand-cahier-n006-les-paons\/","og_locale":"fr_FR","og_type":"article","og_title":"NOUVEAU Grand Cahier - N\u00b0007 Les Paons - ohmondessin.com","og_description":"Un joli journal de 48 pages lign\u00e9es fabriqu\u00e9 en France, imagin\u00e9 pour \u00e9crire, dessiner, coller, raconter votre vie.","og_url":"https:\/\/ohmondessin.com\/index.php\/product\/nouveau-grand-cahier-n006-les-paons\/","og_site_name":"ohmondessin.com","article_publisher":"https:\/\/www.facebook.com\/Ohmondessin","article_modified_time":"2026-01-15T00:01:50+00:00","og_image":[{"width":2560,"height":2560,"url":"http:\/\/ohmondessin.com\/wp-content\/uploads\/2025\/04\/JOURNAL-Paons-scaled.jpg","type":"image\/jpeg"}],"twitter_card":"summary_large_image","twitter_misc":{"Dur\u00e9e de lecture estim\u00e9e":"1 minute"},"schema":{"@context":"https:\/\/schema.org","@graph":[{"@type":"WebPage","@id":"https:\/\/ohmondessin.com\/index.php\/product\/nouveau-grand-cahier-n006-les-paons\/","url":"https:\/\/ohmondessin.com\/index.php\/product\/nouveau-grand-cahier-n006-les-paons\/","name":"NOUVEAU Grand Cahier - N\u00b0007 Les Paons - ohmondessin.com","isPartOf":{"@id":"https:\/\/ohmondessin.com\/#website"},"primaryImageOfPage":{"@id":"https:\/\/ohmondessin.com\/index.php\/product\/nouveau-grand-cahier-n006-les-paons\/#primaryimage"},"image":{"@id":"https:\/\/ohmondessin.com\/index.php\/product\/nouveau-grand-cahier-n006-les-paons\/#primaryimage"},"thumbnailUrl":"https:\/\/ohmondessin.com\/wp-content\/uploads\/2025\/04\/JOURNAL-Paons-scaled.jpg","datePublished":"2025-04-07T11:16:23+00:00","dateModified":"2026-01-15T00:01:50+00:00","description":"Un joli journal de 48 pages lign\u00e9es fabriqu\u00e9 en France, imagin\u00e9 pour \u00e9crire, dessiner, coller, raconter votre vie.","breadcrumb":{"@id":"https:\/\/ohmondessin.com\/index.php\/product\/nouveau-grand-cahier-n006-les-paons\/#breadcrumb"},"inLanguage":"fr-FR","potentialAction":[{"@type":"ReadAction","target":["https:\/\/ohmondessin.com\/index.php\/product\/nouveau-grand-cahier-n006-les-paons\/"]}]},{"@type":"ImageObject","inLanguage":"fr-FR","@id":"https:\/\/ohmondessin.com\/index.php\/product\/nouveau-grand-cahier-n006-les-paons\/#primaryimage","url":"https:\/\/ohmondessin.com\/wp-content\/uploads\/2025\/04\/JOURNAL-Paons-scaled.jpg","contentUrl":"https:\/\/ohmondessin.com\/wp-content\/uploads\/2025\/04\/JOURNAL-Paons-scaled.jpg","width":2560,"height":2560},{"@type":"BreadcrumbList","@id":"https:\/\/ohmondessin.com\/index.php\/product\/nouveau-grand-cahier-n006-les-paons\/#breadcrumb","itemListElement":[{"@type":"ListItem","position":1,"name":"Accueil","item":"https:\/\/ohmondessin.com\/"},{"@type":"ListItem","position":2,"name":"La boutique","item":"https:\/\/ohmondessin.com\/index.php\/la-boutique\/"},{"@type":"ListItem","position":3,"name":"NOUVEAU Grand Cahier &#8211; N\u00b0007 Les Paons"}]},{"@type":"WebSite","@id":"https:\/\/ohmondessin.com\/#website","url":"https:\/\/ohmondessin.com\/","name":"ohmondessin.com","description":"De l\u2019illustration et du fait-main","publisher":{"@id":"https:\/\/ohmondessin.com\/#organization"},"potentialAction":[{"@type":"SearchAction","target":{"@type":"EntryPoint","urlTemplate":"https:\/\/ohmondessin.com\/?s={search_term_string}"},"query-input":{"@type":"PropertyValueSpecification","valueRequired":true,"valueName":"search_term_string"}}],"inLanguage":"fr-FR"},{"@type":"Organization","@id":"https:\/\/ohmondessin.com\/#organization","name":"ohmondessin.com","url":"https:\/\/ohmondessin.com\/","logo":{"@type":"ImageObject","inLanguage":"fr-FR","@id":"https:\/\/ohmondessin.com\/#\/schema\/logo\/image\/","url":"https:\/\/ohmondessin.com\/wp-content\/uploads\/2023\/01\/logo_OHMD-dark.png","contentUrl":"https:\/\/ohmondessin.com\/wp-content\/uploads\/2023\/01\/logo_OHMD-dark.png","width":500,"height":500,"caption":"ohmondessin.com"},"image":{"@id":"https:\/\/ohmondessin.com\/#\/schema\/logo\/image\/"},"sameAs":["https:\/\/www.facebook.com\/Ohmondessin","https:\/\/www.instagram.com\/ohmondessin\/"]}]}},"jetpack_sharing_enabled":true,"_links":{"self":[{"href":"https:\/\/ohmondessin.com\/index.php\/wp-json\/wp\/v2\/product\/7817","targetHints":{"allow":["GET"]}}],"collection":[{"href":"https:\/\/ohmondessin.com\/index.php\/wp-json\/wp\/v2\/product"}],"about":[{"href":"https:\/\/ohmondessin.com\/index.php\/wp-json\/wp\/v2\/types\/product"}],"replies":[{"embeddable":true,"href":"https:\/\/ohmondessin.com\/index.php\/wp-json\/wp\/v2\/comments?post=7817"}],"wp:featuredmedia":[{"embeddable":true,"href":"https:\/\/ohmondessin.com\/index.php\/wp-json\/wp\/v2\/media\/7818"}],"wp:attachment":[{"href":"https:\/\/ohmondessin.com\/index.php\/wp-json\/wp\/v2\/media?parent=7817"}],"wp:term":[{"taxonomy":"product_brand","embeddable":true,"href":"https:\/\/ohmondessin.com\/index.php\/wp-json\/wp\/v2\/product_brand?post=7817"},{"taxonomy":"product_cat","embeddable":true,"href":"https:\/\/ohmondessin.com\/index.php\/wp-json\/wp\/v2\/product_cat?post=7817"},{"taxonomy":"product_tag","embeddable":true,"href":"https:\/\/ohmondessin.com\/index.php\/wp-json\/wp\/v2\/product_tag?post=7817"}],"curies":[{"name":"wp","href":"https:\/\/api.w.org\/{rel}","templated":true}]}}