{"id":7902,"date":"2025-09-08T07:36:33","date_gmt":"2025-09-08T07:36:33","guid":{"rendered":"https:\/\/ohmondessin.com\/?post_type=product&#038;p=7902"},"modified":"2026-02-19T00:42:27","modified_gmt":"2026-02-19T00:42:27","slug":"puzzle-24-pieces-le-chien-joueur-made-in-france","status":"publish","type":"product","link":"https:\/\/ohmondessin.com\/index.php\/product\/puzzle-24-pieces-le-chien-joueur-made-in-france\/","title":{"rendered":"Puzzle 24 pi\u00e8ces \u201cLe Chien Joueur\u201d \u2013 Made in France"},"content":{"rendered":"<p>\u00ab\u00a0Le Chien Joueur\u00a0\u00bb un puzzle A5 de 24 pi\u00e8ces au design unique et po\u00e9tique, enti\u00e8rement fabriqu\u00e9 en France.<\/p>\n<p>Caract\u00e9ristiques :<\/p>\n<ul>\n<li>Puzzle de 24 pi\u00e8ces (Format A5 : 21 x 14,8 cm)<\/li>\n<li>Chaque pi\u00e8ce mesure 3,5 x 3,5 cm<\/li>\n<li>Illustration originale : Le Chien Joueur<\/li>\n<li>Fabrication 100 % fran\u00e7aise<\/li>\n<li>Conditionnement sous blister individuel<\/li>\n<li>Impression de qualit\u00e9 premium\n<div class=\"woocommerce-tabs wc-tabs-wrapper product-details-tabs desc-layout-boxed\">\n<div id=\"tab-description\" class=\"woocommerce-Tabs-panel woocommerce-Tabs-panel--description panel entry-content wc-tab\" role=\"tabpanel\" aria-labelledby=\"tab-title-description\"><\/div>\n<\/div>\n<section class=\"related products\"><\/section>\n<\/li>\n<li>Convient aux enfants d\u00e8s 4 ans et adapt\u00e9 aux adultes<br \/>\navec difficult\u00e9s cognitives<\/li>\n<\/ul>\n","protected":false},"excerpt":{"rendered":"<div class=\"wrapper_desc_content\">\n<div class=\"productDescription__block productDescription__bs\">\n<p>\u00ab\u00a0Le Chien Joueur\u00a0\u00bb un puzzle A5 de 24 pi\u00e8ces au design unique et po\u00e9tique, enti\u00e8rement fabriqu\u00e9 en France.<\/p>\n<p>Con\u00e7u et dessin\u00e9 par mes soins, ce puzzle repr\u00e9sente un chien attachant et espi\u00e8gle. C\u2019est le cadeau id\u00e9al pour les amateurs d\u2019illustration, de puzzles et\u2026 de chiens !<\/p>\n<p>Son petit format A5 le rend id\u00e9al pour les collectionneurs, les enfants (\u00e0 partir de 4 ans), les amateurs de belles illustrations et aux adultes avec difficult\u00e9s cognitives.<\/p>\n<p><b>Nos engagements<\/b> :<\/p>\n<p>\ud83d\ude9a Livraison rapide &amp; suivie<br \/>\n\ud83c\uddeb\ud83c\uddf7 Puzzles cr\u00e9\u00e9s et fabriqu\u00e9s en France<br \/>\n\ud83d\udc9b Tirages en petite s\u00e9rie, pi\u00e8ces exclusives<br \/>\n\ud83d\udd12 Paiement 100 % s\u00e9curis\u00e9<\/p>\n<\/div>\n<\/div>\n","protected":false},"featured_media":7913,"comment_status":"open","ping_status":"closed","template":"","meta":[],"product_brand":[],"product_cat":[1234,1235],"product_tag":[1418,1411,735,1270,1410,1271,1409,1416,1417,1279,1283,1408,1276,1292,1278,1274,1419,1291],"class_list":{"0":"post-7902","1":"product","2":"type-product","3":"status-publish","4":"has-post-thumbnail","6":"product_cat-puzzles","7":"product_cat-guide-cadeaux-de-noel","8":"product_tag-affiche-chien","9":"product_tag-cadeaux-enfants","10":"product_tag-illustration-chien","11":"product_tag-puzzle","12":"product_tag-puzzle-24-pieces","13":"product_tag-puzzle-adulte","14":"product_tag-puzzle-animaux","15":"product_tag-puzzle-chien","16":"product_tag-puzzle-chiens","17":"product_tag-puzzle-design","18":"product_tag-puzzle-enfant","19":"product_tag-puzzle-enfants","20":"product_tag-puzzle-fait-en-france","21":"product_tag-puzzle-france","22":"product_tag-puzzle-illustratice","23":"product_tag-puzzle-illustration","24":"product_tag-puzzle-labrador","25":"product_tag-puzzle-paris","26":"product_shipping_class-lettre-suivie","28":"first","29":"instock","30":"taxable","31":"shipping-taxable","32":"purchasable","33":"product-type-simple"},"yoast_head":"<!-- This site is optimized with the Yoast SEO plugin v24.6 - https:\/\/yoast.com\/wordpress\/plugins\/seo\/ -->\n<title>Puzzle 24 pi\u00e8ces \u201cLe Chien Joueur\u201d \u2013 Made in France - ohmondessin.com<\/title>\n<meta name=\"description\" content=\"&quot;Le Chien Joueur&quot; un puzzle A5 de 24 pi\u00e8ces au design unique et po\u00e9tique, enti\u00e8rement fabriqu\u00e9 en France.\" \/>\n<meta name=\"robots\" content=\"index, follow, max-snippet:-1, max-image-preview:large, max-video-preview:-1\" \/>\n<link rel=\"canonical\" href=\"https:\/\/ohmondessin.com\/index.php\/product\/puzzle-24-pieces-le-chien-joueur-made-in-france\/\" \/>\n<meta property=\"og:locale\" content=\"fr_FR\" \/>\n<meta property=\"og:type\" content=\"article\" \/>\n<meta property=\"og:title\" content=\"Puzzle 24 pi\u00e8ces \u201cLe Chien Joueur\u201d \u2013 Made in France - ohmondessin.com\" \/>\n<meta property=\"og:description\" content=\"&quot;Le Chien Joueur&quot; un puzzle A5 de 24 pi\u00e8ces au design unique et po\u00e9tique, enti\u00e8rement fabriqu\u00e9 en France.\" \/>\n<meta property=\"og:url\" content=\"https:\/\/ohmondessin.com\/index.php\/product\/puzzle-24-pieces-le-chien-joueur-made-in-france\/\" \/>\n<meta property=\"og:site_name\" content=\"ohmondessin.com\" \/>\n<meta property=\"article:publisher\" content=\"https:\/\/www.facebook.com\/Ohmondessin\" \/>\n<meta property=\"article:modified_time\" content=\"2026-02-19T00:42:27+00:00\" \/>\n<meta property=\"og:image\" content=\"http:\/\/ohmondessin.com\/wp-content\/uploads\/2025\/09\/PUZZLE_24P-CHIEN-JOUEUR-5-web.jpg\" \/>\n\t<meta property=\"og:image:width\" content=\"2558\" \/>\n\t<meta property=\"og:image:height\" content=\"2558\" \/>\n\t<meta property=\"og:image:type\" content=\"image\/jpeg\" \/>\n<meta name=\"twitter:card\" content=\"summary_large_image\" \/>\n<meta name=\"twitter:label1\" content=\"Dur\u00e9e de lecture estim\u00e9e\" \/>\n\t<meta name=\"twitter:data1\" content=\"1 minute\" \/>\n<script type=\"application\/ld+json\" class=\"yoast-schema-graph\">{\"@context\":\"https:\/\/schema.org\",\"@graph\":[{\"@type\":\"WebPage\",\"@id\":\"https:\/\/ohmondessin.com\/index.php\/product\/puzzle-24-pieces-le-chien-joueur-made-in-france\/\",\"url\":\"https:\/\/ohmondessin.com\/index.php\/product\/puzzle-24-pieces-le-chien-joueur-made-in-france\/\",\"name\":\"Puzzle 24 pi\u00e8ces \u201cLe Chien Joueur\u201d \u2013 Made in France - ohmondessin.com\",\"isPartOf\":{\"@id\":\"https:\/\/ohmondessin.com\/#website\"},\"primaryImageOfPage\":{\"@id\":\"https:\/\/ohmondessin.com\/index.php\/product\/puzzle-24-pieces-le-chien-joueur-made-in-france\/#primaryimage\"},\"image\":{\"@id\":\"https:\/\/ohmondessin.com\/index.php\/product\/puzzle-24-pieces-le-chien-joueur-made-in-france\/#primaryimage\"},\"thumbnailUrl\":\"https:\/\/ohmondessin.com\/wp-content\/uploads\/2025\/09\/PUZZLE_24P-CHIEN-JOUEUR-5-web.jpg\",\"datePublished\":\"2025-09-08T07:36:33+00:00\",\"dateModified\":\"2026-02-19T00:42:27+00:00\",\"description\":\"\\\"Le Chien Joueur\\\" un puzzle A5 de 24 pi\u00e8ces au design unique et po\u00e9tique, enti\u00e8rement fabriqu\u00e9 en France.\",\"breadcrumb\":{\"@id\":\"https:\/\/ohmondessin.com\/index.php\/product\/puzzle-24-pieces-le-chien-joueur-made-in-france\/#breadcrumb\"},\"inLanguage\":\"fr-FR\",\"potentialAction\":[{\"@type\":\"ReadAction\",\"target\":[\"https:\/\/ohmondessin.com\/index.php\/product\/puzzle-24-pieces-le-chien-joueur-made-in-france\/\"]}]},{\"@type\":\"ImageObject\",\"inLanguage\":\"fr-FR\",\"@id\":\"https:\/\/ohmondessin.com\/index.php\/product\/puzzle-24-pieces-le-chien-joueur-made-in-france\/#primaryimage\",\"url\":\"https:\/\/ohmondessin.com\/wp-content\/uploads\/2025\/09\/PUZZLE_24P-CHIEN-JOUEUR-5-web.jpg\",\"contentUrl\":\"https:\/\/ohmondessin.com\/wp-content\/uploads\/2025\/09\/PUZZLE_24P-CHIEN-JOUEUR-5-web.jpg\",\"width\":2558,\"height\":2558},{\"@type\":\"BreadcrumbList\",\"@id\":\"https:\/\/ohmondessin.com\/index.php\/product\/puzzle-24-pieces-le-chien-joueur-made-in-france\/#breadcrumb\",\"itemListElement\":[{\"@type\":\"ListItem\",\"position\":1,\"name\":\"Accueil\",\"item\":\"https:\/\/ohmondessin.com\/\"},{\"@type\":\"ListItem\",\"position\":2,\"name\":\"La boutique\",\"item\":\"https:\/\/ohmondessin.com\/index.php\/la-boutique\/\"},{\"@type\":\"ListItem\",\"position\":3,\"name\":\"Puzzle 24 pi\u00e8ces \u201cLe Chien Joueur\u201d \u2013 Made in France\"}]},{\"@type\":\"WebSite\",\"@id\":\"https:\/\/ohmondessin.com\/#website\",\"url\":\"https:\/\/ohmondessin.com\/\",\"name\":\"ohmondessin.com\",\"description\":\"De l\u2019illustration et du fait-main\",\"publisher\":{\"@id\":\"https:\/\/ohmondessin.com\/#organization\"},\"potentialAction\":[{\"@type\":\"SearchAction\",\"target\":{\"@type\":\"EntryPoint\",\"urlTemplate\":\"https:\/\/ohmondessin.com\/?s={search_term_string}\"},\"query-input\":{\"@type\":\"PropertyValueSpecification\",\"valueRequired\":true,\"valueName\":\"search_term_string\"}}],\"inLanguage\":\"fr-FR\"},{\"@type\":\"Organization\",\"@id\":\"https:\/\/ohmondessin.com\/#organization\",\"name\":\"ohmondessin.com\",\"url\":\"https:\/\/ohmondessin.com\/\",\"logo\":{\"@type\":\"ImageObject\",\"inLanguage\":\"fr-FR\",\"@id\":\"https:\/\/ohmondessin.com\/#\/schema\/logo\/image\/\",\"url\":\"https:\/\/ohmondessin.com\/wp-content\/uploads\/2023\/01\/logo_OHMD-dark.png\",\"contentUrl\":\"https:\/\/ohmondessin.com\/wp-content\/uploads\/2023\/01\/logo_OHMD-dark.png\",\"width\":500,\"height\":500,\"caption\":\"ohmondessin.com\"},\"image\":{\"@id\":\"https:\/\/ohmondessin.com\/#\/schema\/logo\/image\/\"},\"sameAs\":[\"https:\/\/www.facebook.com\/Ohmondessin\",\"https:\/\/www.instagram.com\/ohmondessin\/\"]}]}<\/script>\n<!-- \/ Yoast SEO plugin. -->","yoast_head_json":{"title":"Puzzle 24 pi\u00e8ces \u201cLe Chien Joueur\u201d \u2013 Made in France - ohmondessin.com","description":"\"Le Chien Joueur\" un puzzle A5 de 24 pi\u00e8ces au design unique et po\u00e9tique, enti\u00e8rement fabriqu\u00e9 en France.","robots":{"index":"index","follow":"follow","max-snippet":"max-snippet:-1","max-image-preview":"max-image-preview:large","max-video-preview":"max-video-preview:-1"},"canonical":"https:\/\/ohmondessin.com\/index.php\/product\/puzzle-24-pieces-le-chien-joueur-made-in-france\/","og_locale":"fr_FR","og_type":"article","og_title":"Puzzle 24 pi\u00e8ces \u201cLe Chien Joueur\u201d \u2013 Made in France - ohmondessin.com","og_description":"\"Le Chien Joueur\" un puzzle A5 de 24 pi\u00e8ces au design unique et po\u00e9tique, enti\u00e8rement fabriqu\u00e9 en France.","og_url":"https:\/\/ohmondessin.com\/index.php\/product\/puzzle-24-pieces-le-chien-joueur-made-in-france\/","og_site_name":"ohmondessin.com","article_publisher":"https:\/\/www.facebook.com\/Ohmondessin","article_modified_time":"2026-02-19T00:42:27+00:00","og_image":[{"width":2558,"height":2558,"url":"http:\/\/ohmondessin.com\/wp-content\/uploads\/2025\/09\/PUZZLE_24P-CHIEN-JOUEUR-5-web.jpg","type":"image\/jpeg"}],"twitter_card":"summary_large_image","twitter_misc":{"Dur\u00e9e de lecture estim\u00e9e":"1 minute"},"schema":{"@context":"https:\/\/schema.org","@graph":[{"@type":"WebPage","@id":"https:\/\/ohmondessin.com\/index.php\/product\/puzzle-24-pieces-le-chien-joueur-made-in-france\/","url":"https:\/\/ohmondessin.com\/index.php\/product\/puzzle-24-pieces-le-chien-joueur-made-in-france\/","name":"Puzzle 24 pi\u00e8ces \u201cLe Chien Joueur\u201d \u2013 Made in France - ohmondessin.com","isPartOf":{"@id":"https:\/\/ohmondessin.com\/#website"},"primaryImageOfPage":{"@id":"https:\/\/ohmondessin.com\/index.php\/product\/puzzle-24-pieces-le-chien-joueur-made-in-france\/#primaryimage"},"image":{"@id":"https:\/\/ohmondessin.com\/index.php\/product\/puzzle-24-pieces-le-chien-joueur-made-in-france\/#primaryimage"},"thumbnailUrl":"https:\/\/ohmondessin.com\/wp-content\/uploads\/2025\/09\/PUZZLE_24P-CHIEN-JOUEUR-5-web.jpg","datePublished":"2025-09-08T07:36:33+00:00","dateModified":"2026-02-19T00:42:27+00:00","description":"\"Le Chien Joueur\" un puzzle A5 de 24 pi\u00e8ces au design unique et po\u00e9tique, enti\u00e8rement fabriqu\u00e9 en France.","breadcrumb":{"@id":"https:\/\/ohmondessin.com\/index.php\/product\/puzzle-24-pieces-le-chien-joueur-made-in-france\/#breadcrumb"},"inLanguage":"fr-FR","potentialAction":[{"@type":"ReadAction","target":["https:\/\/ohmondessin.com\/index.php\/product\/puzzle-24-pieces-le-chien-joueur-made-in-france\/"]}]},{"@type":"ImageObject","inLanguage":"fr-FR","@id":"https:\/\/ohmondessin.com\/index.php\/product\/puzzle-24-pieces-le-chien-joueur-made-in-france\/#primaryimage","url":"https:\/\/ohmondessin.com\/wp-content\/uploads\/2025\/09\/PUZZLE_24P-CHIEN-JOUEUR-5-web.jpg","contentUrl":"https:\/\/ohmondessin.com\/wp-content\/uploads\/2025\/09\/PUZZLE_24P-CHIEN-JOUEUR-5-web.jpg","width":2558,"height":2558},{"@type":"BreadcrumbList","@id":"https:\/\/ohmondessin.com\/index.php\/product\/puzzle-24-pieces-le-chien-joueur-made-in-france\/#breadcrumb","itemListElement":[{"@type":"ListItem","position":1,"name":"Accueil","item":"https:\/\/ohmondessin.com\/"},{"@type":"ListItem","position":2,"name":"La boutique","item":"https:\/\/ohmondessin.com\/index.php\/la-boutique\/"},{"@type":"ListItem","position":3,"name":"Puzzle 24 pi\u00e8ces \u201cLe Chien Joueur\u201d \u2013 Made in France"}]},{"@type":"WebSite","@id":"https:\/\/ohmondessin.com\/#website","url":"https:\/\/ohmondessin.com\/","name":"ohmondessin.com","description":"De l\u2019illustration et du fait-main","publisher":{"@id":"https:\/\/ohmondessin.com\/#organization"},"potentialAction":[{"@type":"SearchAction","target":{"@type":"EntryPoint","urlTemplate":"https:\/\/ohmondessin.com\/?s={search_term_string}"},"query-input":{"@type":"PropertyValueSpecification","valueRequired":true,"valueName":"search_term_string"}}],"inLanguage":"fr-FR"},{"@type":"Organization","@id":"https:\/\/ohmondessin.com\/#organization","name":"ohmondessin.com","url":"https:\/\/ohmondessin.com\/","logo":{"@type":"ImageObject","inLanguage":"fr-FR","@id":"https:\/\/ohmondessin.com\/#\/schema\/logo\/image\/","url":"https:\/\/ohmondessin.com\/wp-content\/uploads\/2023\/01\/logo_OHMD-dark.png","contentUrl":"https:\/\/ohmondessin.com\/wp-content\/uploads\/2023\/01\/logo_OHMD-dark.png","width":500,"height":500,"caption":"ohmondessin.com"},"image":{"@id":"https:\/\/ohmondessin.com\/#\/schema\/logo\/image\/"},"sameAs":["https:\/\/www.facebook.com\/Ohmondessin","https:\/\/www.instagram.com\/ohmondessin\/"]}]}},"jetpack_sharing_enabled":true,"_links":{"self":[{"href":"https:\/\/ohmondessin.com\/index.php\/wp-json\/wp\/v2\/product\/7902","targetHints":{"allow":["GET"]}}],"collection":[{"href":"https:\/\/ohmondessin.com\/index.php\/wp-json\/wp\/v2\/product"}],"about":[{"href":"https:\/\/ohmondessin.com\/index.php\/wp-json\/wp\/v2\/types\/product"}],"replies":[{"embeddable":true,"href":"https:\/\/ohmondessin.com\/index.php\/wp-json\/wp\/v2\/comments?post=7902"}],"wp:featuredmedia":[{"embeddable":true,"href":"https:\/\/ohmondessin.com\/index.php\/wp-json\/wp\/v2\/media\/7913"}],"wp:attachment":[{"href":"https:\/\/ohmondessin.com\/index.php\/wp-json\/wp\/v2\/media?parent=7902"}],"wp:term":[{"taxonomy":"product_brand","embeddable":true,"href":"https:\/\/ohmondessin.com\/index.php\/wp-json\/wp\/v2\/product_brand?post=7902"},{"taxonomy":"product_cat","embeddable":true,"href":"https:\/\/ohmondessin.com\/index.php\/wp-json\/wp\/v2\/product_cat?post=7902"},{"taxonomy":"product_tag","embeddable":true,"href":"https:\/\/ohmondessin.com\/index.php\/wp-json\/wp\/v2\/product_tag?post=7902"}],"curies":[{"name":"wp","href":"https:\/\/api.w.org\/{rel}","templated":true}]}}