{"id":7916,"date":"2025-09-08T09:09:47","date_gmt":"2025-09-08T09:09:47","guid":{"rendered":"https:\/\/ohmondessin.com\/?post_type=product&#038;p=7916"},"modified":"2026-01-15T09:01:09","modified_gmt":"2026-01-15T09:01:09","slug":"puzzle-24-pieces-jardin-a-paris-made-in-france","status":"publish","type":"product","link":"https:\/\/ohmondessin.com\/index.php\/product\/puzzle-24-pieces-jardin-a-paris-made-in-france\/","title":{"rendered":"Puzzle 24 pi\u00e8ces \u201cJardin \u00e0 Paris\u201d \u2013 Made in France"},"content":{"rendered":"<p>Plongez dans l\u2019ambiance po\u00e9tique de Paris avec le puzzle \u00ab\u00a0Jardin \u00e0 Paris\u00a0\u00bb, un format A5 de 24 pi\u00e8ces enti\u00e8rement fabriqu\u00e9 en France.<\/p>\n<p>Caract\u00e9ristiques :<\/p>\n<ul>\n<li>Puzzle de 24 pi\u00e8ces (Format A5 : 21 x 14,8 cm)<\/li>\n<li>Chaque pi\u00e8ce mesure 3,5 x 3,5 cm<\/li>\n<li>Illustration originale : Le Chien Joueur<\/li>\n<li>Fabrication 100 % fran\u00e7aise<\/li>\n<li>Conditionnement sous blister individuel<\/li>\n<li>Impression de qualit\u00e9 premium<\/li>\n<li>Convient aux enfants d\u00e8s 4 ans et adapt\u00e9 aux adultes<br \/>\navec difficult\u00e9s cognitives<\/li>\n<\/ul>\n","protected":false},"excerpt":{"rendered":"<div class=\"wrapper_desc_content\">\n<div class=\"productDescription__block productDescription__bs\">\n<p>Plongez dans l\u2019ambiance po\u00e9tique de Paris avec le puzzle \u00ab\u00a0Jardin \u00e0 Paris\u00a0\u00bb, un format A5 de 24 pi\u00e8ces enti\u00e8rement fabriqu\u00e9 en France.<\/p>\n<p>Illustr\u00e9 par mes soins, ce puzzle capture la beaut\u00e9 des parcs parisiens \u00e0 la tomb\u00e9e du jour, entre architecture \u00e9l\u00e9gante et atmosph\u00e8re romantique.<\/p>\n<p>Id\u00e9al en cadeau ou pour une pause d\u00e9tente, il invite \u00e0 d\u00e9couvrir Paris avec ses animaux rigolos.<\/p>\n<p>Compact et pratique, il est parfait pour les collectionneurs, les familles et les enfants \u00e0 partir de 4 ans et aux adultes avec difficult\u00e9s cognitives.<\/p>\n<p><b>Nos engagements<\/b> :<\/p>\n<p>\ud83d\ude9a Livraison rapide &amp; suivie<br \/>\n\ud83c\uddeb\ud83c\uddf7 Puzzles cr\u00e9\u00e9s et fabriqu\u00e9s en France<br \/>\n\ud83d\udc9b Tirages en petite s\u00e9rie, pi\u00e8ces exclusives<br \/>\n\ud83d\udd12 Paiement 100 % s\u00e9curis\u00e9<\/p>\n<\/div>\n<\/div>\n","protected":false},"featured_media":7920,"comment_status":"open","ping_status":"closed","template":"","meta":[],"product_brand":[],"product_cat":[1234,1235],"product_tag":[138,1411,541,1270,1410,1271,1422,1409,1279,1283,1408,1276,1278,1274,1420,1421,1291,1423,1424],"class_list":{"0":"post-7916","1":"product","2":"type-product","3":"status-publish","4":"has-post-thumbnail","6":"product_cat-puzzles","7":"product_cat-guide-cadeaux-de-noel","8":"product_tag-affiche-paris","9":"product_tag-cadeaux-enfants","10":"product_tag-illustration-paris","11":"product_tag-puzzle","12":"product_tag-puzzle-24-pieces","13":"product_tag-puzzle-adulte","14":"product_tag-puzzle-ambiance-paris","15":"product_tag-puzzle-animaux","16":"product_tag-puzzle-design","17":"product_tag-puzzle-enfant","18":"product_tag-puzzle-enfants","19":"product_tag-puzzle-fait-en-france","20":"product_tag-puzzle-illustratice","21":"product_tag-puzzle-illustration","22":"product_tag-puzzle-jardin-paris","23":"product_tag-puzzle-parc-paris","24":"product_tag-puzzle-paris","25":"product_tag-puzzle-paris-amour","26":"product_tag-puzzle-parisien","27":"product_shipping_class-lettre-suivie","29":"first","30":"instock","31":"taxable","32":"shipping-taxable","33":"purchasable","34":"product-type-simple"},"yoast_head":"<!-- This site is optimized with the Yoast SEO plugin v24.6 - https:\/\/yoast.com\/wordpress\/plugins\/seo\/ -->\n<title>Puzzle 24 pi\u00e8ces \u201cJardin \u00e0 Paris\u201d \u2013 Made in France - ohmondessin.com<\/title>\n<meta name=\"description\" content=\"Plongez dans l\u2019ambiance po\u00e9tique de Paris avec le puzzle &quot;Jardin \u00e0 Paris&quot;, un format A5 de 24 pi\u00e8ces enti\u00e8rement fabriqu\u00e9 en France.\" \/>\n<meta name=\"robots\" content=\"index, follow, max-snippet:-1, max-image-preview:large, max-video-preview:-1\" \/>\n<link rel=\"canonical\" href=\"https:\/\/ohmondessin.com\/index.php\/product\/puzzle-24-pieces-jardin-a-paris-made-in-france\/\" \/>\n<meta property=\"og:locale\" content=\"fr_FR\" \/>\n<meta property=\"og:type\" content=\"article\" \/>\n<meta property=\"og:title\" content=\"Puzzle 24 pi\u00e8ces \u201cJardin \u00e0 Paris\u201d \u2013 Made in France - ohmondessin.com\" \/>\n<meta property=\"og:description\" content=\"Plongez dans l\u2019ambiance po\u00e9tique de Paris avec le puzzle &quot;Jardin \u00e0 Paris&quot;, un format A5 de 24 pi\u00e8ces enti\u00e8rement fabriqu\u00e9 en France.\" \/>\n<meta property=\"og:url\" content=\"https:\/\/ohmondessin.com\/index.php\/product\/puzzle-24-pieces-jardin-a-paris-made-in-france\/\" \/>\n<meta property=\"og:site_name\" content=\"ohmondessin.com\" \/>\n<meta property=\"article:publisher\" content=\"https:\/\/www.facebook.com\/Ohmondessin\" \/>\n<meta property=\"article:modified_time\" content=\"2026-01-15T09:01:09+00:00\" \/>\n<meta property=\"og:image\" content=\"http:\/\/ohmondessin.com\/wp-content\/uploads\/2025\/09\/PUZZLE_24P-JARDINS-PARIS-2-scaled.jpg\" \/>\n\t<meta property=\"og:image:width\" content=\"2560\" \/>\n\t<meta property=\"og:image:height\" content=\"2560\" \/>\n\t<meta property=\"og:image:type\" content=\"image\/jpeg\" \/>\n<meta name=\"twitter:card\" content=\"summary_large_image\" \/>\n<meta name=\"twitter:label1\" content=\"Dur\u00e9e de lecture estim\u00e9e\" \/>\n\t<meta name=\"twitter:data1\" content=\"1 minute\" \/>\n<script type=\"application\/ld+json\" class=\"yoast-schema-graph\">{\"@context\":\"https:\/\/schema.org\",\"@graph\":[{\"@type\":\"WebPage\",\"@id\":\"https:\/\/ohmondessin.com\/index.php\/product\/puzzle-24-pieces-jardin-a-paris-made-in-france\/\",\"url\":\"https:\/\/ohmondessin.com\/index.php\/product\/puzzle-24-pieces-jardin-a-paris-made-in-france\/\",\"name\":\"Puzzle 24 pi\u00e8ces \u201cJardin \u00e0 Paris\u201d \u2013 Made in France - ohmondessin.com\",\"isPartOf\":{\"@id\":\"https:\/\/ohmondessin.com\/#website\"},\"primaryImageOfPage\":{\"@id\":\"https:\/\/ohmondessin.com\/index.php\/product\/puzzle-24-pieces-jardin-a-paris-made-in-france\/#primaryimage\"},\"image\":{\"@id\":\"https:\/\/ohmondessin.com\/index.php\/product\/puzzle-24-pieces-jardin-a-paris-made-in-france\/#primaryimage\"},\"thumbnailUrl\":\"https:\/\/ohmondessin.com\/wp-content\/uploads\/2025\/09\/PUZZLE_24P-JARDINS-PARIS-2-scaled.jpg\",\"datePublished\":\"2025-09-08T09:09:47+00:00\",\"dateModified\":\"2026-01-15T09:01:09+00:00\",\"description\":\"Plongez dans l\u2019ambiance po\u00e9tique de Paris avec le puzzle \\\"Jardin \u00e0 Paris\\\", un format A5 de 24 pi\u00e8ces enti\u00e8rement fabriqu\u00e9 en France.\",\"breadcrumb\":{\"@id\":\"https:\/\/ohmondessin.com\/index.php\/product\/puzzle-24-pieces-jardin-a-paris-made-in-france\/#breadcrumb\"},\"inLanguage\":\"fr-FR\",\"potentialAction\":[{\"@type\":\"ReadAction\",\"target\":[\"https:\/\/ohmondessin.com\/index.php\/product\/puzzle-24-pieces-jardin-a-paris-made-in-france\/\"]}]},{\"@type\":\"ImageObject\",\"inLanguage\":\"fr-FR\",\"@id\":\"https:\/\/ohmondessin.com\/index.php\/product\/puzzle-24-pieces-jardin-a-paris-made-in-france\/#primaryimage\",\"url\":\"https:\/\/ohmondessin.com\/wp-content\/uploads\/2025\/09\/PUZZLE_24P-JARDINS-PARIS-2-scaled.jpg\",\"contentUrl\":\"https:\/\/ohmondessin.com\/wp-content\/uploads\/2025\/09\/PUZZLE_24P-JARDINS-PARIS-2-scaled.jpg\",\"width\":2560,\"height\":2560},{\"@type\":\"BreadcrumbList\",\"@id\":\"https:\/\/ohmondessin.com\/index.php\/product\/puzzle-24-pieces-jardin-a-paris-made-in-france\/#breadcrumb\",\"itemListElement\":[{\"@type\":\"ListItem\",\"position\":1,\"name\":\"Accueil\",\"item\":\"https:\/\/ohmondessin.com\/\"},{\"@type\":\"ListItem\",\"position\":2,\"name\":\"La boutique\",\"item\":\"https:\/\/ohmondessin.com\/index.php\/la-boutique\/\"},{\"@type\":\"ListItem\",\"position\":3,\"name\":\"Puzzle 24 pi\u00e8ces \u201cJardin \u00e0 Paris\u201d \u2013 Made in France\"}]},{\"@type\":\"WebSite\",\"@id\":\"https:\/\/ohmondessin.com\/#website\",\"url\":\"https:\/\/ohmondessin.com\/\",\"name\":\"ohmondessin.com\",\"description\":\"De l\u2019illustration et du fait-main\",\"publisher\":{\"@id\":\"https:\/\/ohmondessin.com\/#organization\"},\"potentialAction\":[{\"@type\":\"SearchAction\",\"target\":{\"@type\":\"EntryPoint\",\"urlTemplate\":\"https:\/\/ohmondessin.com\/?s={search_term_string}\"},\"query-input\":{\"@type\":\"PropertyValueSpecification\",\"valueRequired\":true,\"valueName\":\"search_term_string\"}}],\"inLanguage\":\"fr-FR\"},{\"@type\":\"Organization\",\"@id\":\"https:\/\/ohmondessin.com\/#organization\",\"name\":\"ohmondessin.com\",\"url\":\"https:\/\/ohmondessin.com\/\",\"logo\":{\"@type\":\"ImageObject\",\"inLanguage\":\"fr-FR\",\"@id\":\"https:\/\/ohmondessin.com\/#\/schema\/logo\/image\/\",\"url\":\"https:\/\/ohmondessin.com\/wp-content\/uploads\/2023\/01\/logo_OHMD-dark.png\",\"contentUrl\":\"https:\/\/ohmondessin.com\/wp-content\/uploads\/2023\/01\/logo_OHMD-dark.png\",\"width\":500,\"height\":500,\"caption\":\"ohmondessin.com\"},\"image\":{\"@id\":\"https:\/\/ohmondessin.com\/#\/schema\/logo\/image\/\"},\"sameAs\":[\"https:\/\/www.facebook.com\/Ohmondessin\",\"https:\/\/www.instagram.com\/ohmondessin\/\"]}]}<\/script>\n<!-- \/ Yoast SEO plugin. -->","yoast_head_json":{"title":"Puzzle 24 pi\u00e8ces \u201cJardin \u00e0 Paris\u201d \u2013 Made in France - ohmondessin.com","description":"Plongez dans l\u2019ambiance po\u00e9tique de Paris avec le puzzle \"Jardin \u00e0 Paris\", un format A5 de 24 pi\u00e8ces enti\u00e8rement fabriqu\u00e9 en France.","robots":{"index":"index","follow":"follow","max-snippet":"max-snippet:-1","max-image-preview":"max-image-preview:large","max-video-preview":"max-video-preview:-1"},"canonical":"https:\/\/ohmondessin.com\/index.php\/product\/puzzle-24-pieces-jardin-a-paris-made-in-france\/","og_locale":"fr_FR","og_type":"article","og_title":"Puzzle 24 pi\u00e8ces \u201cJardin \u00e0 Paris\u201d \u2013 Made in France - ohmondessin.com","og_description":"Plongez dans l\u2019ambiance po\u00e9tique de Paris avec le puzzle \"Jardin \u00e0 Paris\", un format A5 de 24 pi\u00e8ces enti\u00e8rement fabriqu\u00e9 en France.","og_url":"https:\/\/ohmondessin.com\/index.php\/product\/puzzle-24-pieces-jardin-a-paris-made-in-france\/","og_site_name":"ohmondessin.com","article_publisher":"https:\/\/www.facebook.com\/Ohmondessin","article_modified_time":"2026-01-15T09:01:09+00:00","og_image":[{"width":2560,"height":2560,"url":"http:\/\/ohmondessin.com\/wp-content\/uploads\/2025\/09\/PUZZLE_24P-JARDINS-PARIS-2-scaled.jpg","type":"image\/jpeg"}],"twitter_card":"summary_large_image","twitter_misc":{"Dur\u00e9e de lecture estim\u00e9e":"1 minute"},"schema":{"@context":"https:\/\/schema.org","@graph":[{"@type":"WebPage","@id":"https:\/\/ohmondessin.com\/index.php\/product\/puzzle-24-pieces-jardin-a-paris-made-in-france\/","url":"https:\/\/ohmondessin.com\/index.php\/product\/puzzle-24-pieces-jardin-a-paris-made-in-france\/","name":"Puzzle 24 pi\u00e8ces \u201cJardin \u00e0 Paris\u201d \u2013 Made in France - ohmondessin.com","isPartOf":{"@id":"https:\/\/ohmondessin.com\/#website"},"primaryImageOfPage":{"@id":"https:\/\/ohmondessin.com\/index.php\/product\/puzzle-24-pieces-jardin-a-paris-made-in-france\/#primaryimage"},"image":{"@id":"https:\/\/ohmondessin.com\/index.php\/product\/puzzle-24-pieces-jardin-a-paris-made-in-france\/#primaryimage"},"thumbnailUrl":"https:\/\/ohmondessin.com\/wp-content\/uploads\/2025\/09\/PUZZLE_24P-JARDINS-PARIS-2-scaled.jpg","datePublished":"2025-09-08T09:09:47+00:00","dateModified":"2026-01-15T09:01:09+00:00","description":"Plongez dans l\u2019ambiance po\u00e9tique de Paris avec le puzzle \"Jardin \u00e0 Paris\", un format A5 de 24 pi\u00e8ces enti\u00e8rement fabriqu\u00e9 en France.","breadcrumb":{"@id":"https:\/\/ohmondessin.com\/index.php\/product\/puzzle-24-pieces-jardin-a-paris-made-in-france\/#breadcrumb"},"inLanguage":"fr-FR","potentialAction":[{"@type":"ReadAction","target":["https:\/\/ohmondessin.com\/index.php\/product\/puzzle-24-pieces-jardin-a-paris-made-in-france\/"]}]},{"@type":"ImageObject","inLanguage":"fr-FR","@id":"https:\/\/ohmondessin.com\/index.php\/product\/puzzle-24-pieces-jardin-a-paris-made-in-france\/#primaryimage","url":"https:\/\/ohmondessin.com\/wp-content\/uploads\/2025\/09\/PUZZLE_24P-JARDINS-PARIS-2-scaled.jpg","contentUrl":"https:\/\/ohmondessin.com\/wp-content\/uploads\/2025\/09\/PUZZLE_24P-JARDINS-PARIS-2-scaled.jpg","width":2560,"height":2560},{"@type":"BreadcrumbList","@id":"https:\/\/ohmondessin.com\/index.php\/product\/puzzle-24-pieces-jardin-a-paris-made-in-france\/#breadcrumb","itemListElement":[{"@type":"ListItem","position":1,"name":"Accueil","item":"https:\/\/ohmondessin.com\/"},{"@type":"ListItem","position":2,"name":"La boutique","item":"https:\/\/ohmondessin.com\/index.php\/la-boutique\/"},{"@type":"ListItem","position":3,"name":"Puzzle 24 pi\u00e8ces \u201cJardin \u00e0 Paris\u201d \u2013 Made in France"}]},{"@type":"WebSite","@id":"https:\/\/ohmondessin.com\/#website","url":"https:\/\/ohmondessin.com\/","name":"ohmondessin.com","description":"De l\u2019illustration et du fait-main","publisher":{"@id":"https:\/\/ohmondessin.com\/#organization"},"potentialAction":[{"@type":"SearchAction","target":{"@type":"EntryPoint","urlTemplate":"https:\/\/ohmondessin.com\/?s={search_term_string}"},"query-input":{"@type":"PropertyValueSpecification","valueRequired":true,"valueName":"search_term_string"}}],"inLanguage":"fr-FR"},{"@type":"Organization","@id":"https:\/\/ohmondessin.com\/#organization","name":"ohmondessin.com","url":"https:\/\/ohmondessin.com\/","logo":{"@type":"ImageObject","inLanguage":"fr-FR","@id":"https:\/\/ohmondessin.com\/#\/schema\/logo\/image\/","url":"https:\/\/ohmondessin.com\/wp-content\/uploads\/2023\/01\/logo_OHMD-dark.png","contentUrl":"https:\/\/ohmondessin.com\/wp-content\/uploads\/2023\/01\/logo_OHMD-dark.png","width":500,"height":500,"caption":"ohmondessin.com"},"image":{"@id":"https:\/\/ohmondessin.com\/#\/schema\/logo\/image\/"},"sameAs":["https:\/\/www.facebook.com\/Ohmondessin","https:\/\/www.instagram.com\/ohmondessin\/"]}]}},"jetpack_sharing_enabled":true,"_links":{"self":[{"href":"https:\/\/ohmondessin.com\/index.php\/wp-json\/wp\/v2\/product\/7916","targetHints":{"allow":["GET"]}}],"collection":[{"href":"https:\/\/ohmondessin.com\/index.php\/wp-json\/wp\/v2\/product"}],"about":[{"href":"https:\/\/ohmondessin.com\/index.php\/wp-json\/wp\/v2\/types\/product"}],"replies":[{"embeddable":true,"href":"https:\/\/ohmondessin.com\/index.php\/wp-json\/wp\/v2\/comments?post=7916"}],"wp:featuredmedia":[{"embeddable":true,"href":"https:\/\/ohmondessin.com\/index.php\/wp-json\/wp\/v2\/media\/7920"}],"wp:attachment":[{"href":"https:\/\/ohmondessin.com\/index.php\/wp-json\/wp\/v2\/media?parent=7916"}],"wp:term":[{"taxonomy":"product_brand","embeddable":true,"href":"https:\/\/ohmondessin.com\/index.php\/wp-json\/wp\/v2\/product_brand?post=7916"},{"taxonomy":"product_cat","embeddable":true,"href":"https:\/\/ohmondessin.com\/index.php\/wp-json\/wp\/v2\/product_cat?post=7916"},{"taxonomy":"product_tag","embeddable":true,"href":"https:\/\/ohmondessin.com\/index.php\/wp-json\/wp\/v2\/product_tag?post=7916"}],"curies":[{"name":"wp","href":"https:\/\/api.w.org\/{rel}","templated":true}]}}