{"id":8015,"date":"2025-10-06T13:28:58","date_gmt":"2025-10-06T13:28:58","guid":{"rendered":"https:\/\/ohmondessin.com\/?post_type=product&#038;p=8015"},"modified":"2026-01-15T00:03:31","modified_gmt":"2026-01-15T00:03:31","slug":"nouveau-carte-de-voeux-le-chat-du-pere-noel","status":"publish","type":"product","link":"https:\/\/ohmondessin.com\/index.php\/product\/nouveau-carte-de-voeux-le-chat-du-pere-noel\/","title":{"rendered":"Carte de Voeux &#8211; \u00ab\u00a0Le Chat du P\u00e8re No\u00ebl\u00a0\u00bb"},"content":{"rendered":"<p>Carte double fournie avec son enveloppe.<br \/>\nDessin\u00e9e, imprim\u00e9e et emball\u00e9e dans mon atelier \u00e0 Maisons-Laffitte (78).<\/p>\n<p>Format 11,5&#215;11,5cm &#8211; Fabriqu\u00e9e en France<\/p>\n","protected":false},"excerpt":{"rendered":"<p>Et si le P\u00e8re No\u00ebl emmenait son chat lors de la distribution des cadeaux ?<br \/>\nIllustration r\u00e9alis\u00e9e avec des encres pigment\u00e9es puis imprim\u00e9e sur un beau papier mat pour se souhaiter de belles f\u00eates ou une belle ann\u00e9e.<\/p>\n<p>Carte double format 11,5&#215;11,5cm avec enveloppe &#8211; Fabriqu\u00e9e en France<\/p>\n<p>Vendue \u00e0 l&rsquo;unit\u00e9 ou par lot de 5 cartes.<\/p>\n","protected":false},"featured_media":8018,"comment_status":"open","ping_status":"closed","template":"","meta":[],"product_brand":[],"product_cat":[1235,719,874,722],"product_tag":[505,1434,853,843,841,842,1211,844,868,1433,372,852,139,1435,1436,851],"class_list":{"0":"post-8015","1":"product","2":"type-product","3":"status-publish","4":"has-post-thumbnail","6":"product_cat-guide-cadeaux-de-noel","7":"product_cat-carterie","8":"product_cat-cartes-de-voeux","9":"product_cat-toutes-les-cartes","10":"product_tag-carte-chat","11":"product_tag-carte-chat-blanc","12":"product_tag-carte-de-bonne-annee","13":"product_tag-carte-de-noel","14":"product_tag-carte-de-voeux","15":"product_tag-carte-de-voeux-lot","16":"product_tag-carte-de-voeux-made-in-france","17":"product_tag-carte-noel","18":"product_tag-carte-pere-noel","19":"product_tag-carte-perne-noel","20":"product_tag-carte-postale","21":"product_tag-decoration-noel","22":"product_tag-fait-main","23":"product_tag-illustration-chat-blanc","24":"product_tag-illustration-chat-blanc-noel","25":"product_tag-illustration-noel","26":"product_shipping_class-lettre-suivie","28":"first","29":"instock","30":"taxable","31":"shipping-taxable","32":"purchasable","33":"product-type-variable"},"yoast_head":"<!-- This site is optimized with the Yoast SEO plugin v24.6 - https:\/\/yoast.com\/wordpress\/plugins\/seo\/ -->\n<title>Carte de Voeux - &quot;Le Chat du P\u00e8re No\u00ebl&quot; - ohmondessin.com<\/title>\n<meta name=\"robots\" content=\"index, follow, max-snippet:-1, max-image-preview:large, max-video-preview:-1\" \/>\n<link rel=\"canonical\" href=\"https:\/\/ohmondessin.com\/index.php\/product\/nouveau-carte-de-voeux-le-chat-du-pere-noel\/\" \/>\n<meta property=\"og:locale\" content=\"fr_FR\" \/>\n<meta property=\"og:type\" content=\"article\" \/>\n<meta property=\"og:title\" content=\"Carte de Voeux - &quot;Le Chat du P\u00e8re No\u00ebl&quot; - ohmondessin.com\" \/>\n<meta property=\"og:description\" content=\"Et si le P\u00e8re No\u00ebl emmenait son chat lors de la distribution des cadeaux ? Illustration r\u00e9alis\u00e9e avec des encres pigment\u00e9es puis imprim\u00e9e sur un beau papier mat pour se souhaiter de belles f\u00eates ou une belle ann\u00e9e.  Carte double format 11,5x11,5cm avec enveloppe - Fabriqu\u00e9e en France  Vendue \u00e0 l&#039;unit\u00e9 ou par lot de 5 cartes.\" \/>\n<meta property=\"og:url\" content=\"https:\/\/ohmondessin.com\/index.php\/product\/nouveau-carte-de-voeux-le-chat-du-pere-noel\/\" \/>\n<meta property=\"og:site_name\" content=\"ohmondessin.com\" \/>\n<meta property=\"article:publisher\" content=\"https:\/\/www.facebook.com\/Ohmondessin\" \/>\n<meta property=\"article:modified_time\" content=\"2026-01-15T00:03:31+00:00\" \/>\n<meta property=\"og:image\" content=\"http:\/\/ohmondessin.com\/wp-content\/uploads\/2025\/10\/Cartecarreedouble_chatperenoel.jpg\" \/>\n\t<meta property=\"og:image:width\" content=\"1000\" \/>\n\t<meta property=\"og:image:height\" content=\"1000\" \/>\n\t<meta property=\"og:image:type\" content=\"image\/jpeg\" \/>\n<meta name=\"twitter:card\" content=\"summary_large_image\" \/>\n<meta name=\"twitter:label1\" content=\"Dur\u00e9e de lecture estim\u00e9e\" \/>\n\t<meta name=\"twitter:data1\" content=\"1 minute\" \/>\n<script type=\"application\/ld+json\" class=\"yoast-schema-graph\">{\"@context\":\"https:\/\/schema.org\",\"@graph\":[{\"@type\":\"WebPage\",\"@id\":\"https:\/\/ohmondessin.com\/index.php\/product\/nouveau-carte-de-voeux-le-chat-du-pere-noel\/\",\"url\":\"https:\/\/ohmondessin.com\/index.php\/product\/nouveau-carte-de-voeux-le-chat-du-pere-noel\/\",\"name\":\"Carte de Voeux - \\\"Le Chat du P\u00e8re No\u00ebl\\\" - ohmondessin.com\",\"isPartOf\":{\"@id\":\"https:\/\/ohmondessin.com\/#website\"},\"primaryImageOfPage\":{\"@id\":\"https:\/\/ohmondessin.com\/index.php\/product\/nouveau-carte-de-voeux-le-chat-du-pere-noel\/#primaryimage\"},\"image\":{\"@id\":\"https:\/\/ohmondessin.com\/index.php\/product\/nouveau-carte-de-voeux-le-chat-du-pere-noel\/#primaryimage\"},\"thumbnailUrl\":\"https:\/\/ohmondessin.com\/wp-content\/uploads\/2025\/10\/Cartecarreedouble_chatperenoel.jpg\",\"datePublished\":\"2025-10-06T13:28:58+00:00\",\"dateModified\":\"2026-01-15T00:03:31+00:00\",\"breadcrumb\":{\"@id\":\"https:\/\/ohmondessin.com\/index.php\/product\/nouveau-carte-de-voeux-le-chat-du-pere-noel\/#breadcrumb\"},\"inLanguage\":\"fr-FR\",\"potentialAction\":[{\"@type\":\"ReadAction\",\"target\":[\"https:\/\/ohmondessin.com\/index.php\/product\/nouveau-carte-de-voeux-le-chat-du-pere-noel\/\"]}]},{\"@type\":\"ImageObject\",\"inLanguage\":\"fr-FR\",\"@id\":\"https:\/\/ohmondessin.com\/index.php\/product\/nouveau-carte-de-voeux-le-chat-du-pere-noel\/#primaryimage\",\"url\":\"https:\/\/ohmondessin.com\/wp-content\/uploads\/2025\/10\/Cartecarreedouble_chatperenoel.jpg\",\"contentUrl\":\"https:\/\/ohmondessin.com\/wp-content\/uploads\/2025\/10\/Cartecarreedouble_chatperenoel.jpg\",\"width\":1000,\"height\":1000},{\"@type\":\"BreadcrumbList\",\"@id\":\"https:\/\/ohmondessin.com\/index.php\/product\/nouveau-carte-de-voeux-le-chat-du-pere-noel\/#breadcrumb\",\"itemListElement\":[{\"@type\":\"ListItem\",\"position\":1,\"name\":\"Accueil\",\"item\":\"https:\/\/ohmondessin.com\/\"},{\"@type\":\"ListItem\",\"position\":2,\"name\":\"La boutique\",\"item\":\"https:\/\/ohmondessin.com\/index.php\/la-boutique\/\"},{\"@type\":\"ListItem\",\"position\":3,\"name\":\"Carte de Voeux &#8211; \u00ab\u00a0Le Chat du P\u00e8re No\u00ebl\u00a0\u00bb\"}]},{\"@type\":\"WebSite\",\"@id\":\"https:\/\/ohmondessin.com\/#website\",\"url\":\"https:\/\/ohmondessin.com\/\",\"name\":\"ohmondessin.com\",\"description\":\"De l\u2019illustration et du fait-main\",\"publisher\":{\"@id\":\"https:\/\/ohmondessin.com\/#organization\"},\"potentialAction\":[{\"@type\":\"SearchAction\",\"target\":{\"@type\":\"EntryPoint\",\"urlTemplate\":\"https:\/\/ohmondessin.com\/?s={search_term_string}\"},\"query-input\":{\"@type\":\"PropertyValueSpecification\",\"valueRequired\":true,\"valueName\":\"search_term_string\"}}],\"inLanguage\":\"fr-FR\"},{\"@type\":\"Organization\",\"@id\":\"https:\/\/ohmondessin.com\/#organization\",\"name\":\"ohmondessin.com\",\"url\":\"https:\/\/ohmondessin.com\/\",\"logo\":{\"@type\":\"ImageObject\",\"inLanguage\":\"fr-FR\",\"@id\":\"https:\/\/ohmondessin.com\/#\/schema\/logo\/image\/\",\"url\":\"https:\/\/ohmondessin.com\/wp-content\/uploads\/2023\/01\/logo_OHMD-dark.png\",\"contentUrl\":\"https:\/\/ohmondessin.com\/wp-content\/uploads\/2023\/01\/logo_OHMD-dark.png\",\"width\":500,\"height\":500,\"caption\":\"ohmondessin.com\"},\"image\":{\"@id\":\"https:\/\/ohmondessin.com\/#\/schema\/logo\/image\/\"},\"sameAs\":[\"https:\/\/www.facebook.com\/Ohmondessin\",\"https:\/\/www.instagram.com\/ohmondessin\/\"]}]}<\/script>\n<!-- \/ Yoast SEO plugin. -->","yoast_head_json":{"title":"Carte de Voeux - \"Le Chat du P\u00e8re No\u00ebl\" - ohmondessin.com","robots":{"index":"index","follow":"follow","max-snippet":"max-snippet:-1","max-image-preview":"max-image-preview:large","max-video-preview":"max-video-preview:-1"},"canonical":"https:\/\/ohmondessin.com\/index.php\/product\/nouveau-carte-de-voeux-le-chat-du-pere-noel\/","og_locale":"fr_FR","og_type":"article","og_title":"Carte de Voeux - \"Le Chat du P\u00e8re No\u00ebl\" - ohmondessin.com","og_description":"Et si le P\u00e8re No\u00ebl emmenait son chat lors de la distribution des cadeaux ? Illustration r\u00e9alis\u00e9e avec des encres pigment\u00e9es puis imprim\u00e9e sur un beau papier mat pour se souhaiter de belles f\u00eates ou une belle ann\u00e9e.  Carte double format 11,5x11,5cm avec enveloppe - Fabriqu\u00e9e en France  Vendue \u00e0 l'unit\u00e9 ou par lot de 5 cartes.","og_url":"https:\/\/ohmondessin.com\/index.php\/product\/nouveau-carte-de-voeux-le-chat-du-pere-noel\/","og_site_name":"ohmondessin.com","article_publisher":"https:\/\/www.facebook.com\/Ohmondessin","article_modified_time":"2026-01-15T00:03:31+00:00","og_image":[{"width":1000,"height":1000,"url":"http:\/\/ohmondessin.com\/wp-content\/uploads\/2025\/10\/Cartecarreedouble_chatperenoel.jpg","type":"image\/jpeg"}],"twitter_card":"summary_large_image","twitter_misc":{"Dur\u00e9e de lecture estim\u00e9e":"1 minute"},"schema":{"@context":"https:\/\/schema.org","@graph":[{"@type":"WebPage","@id":"https:\/\/ohmondessin.com\/index.php\/product\/nouveau-carte-de-voeux-le-chat-du-pere-noel\/","url":"https:\/\/ohmondessin.com\/index.php\/product\/nouveau-carte-de-voeux-le-chat-du-pere-noel\/","name":"Carte de Voeux - \"Le Chat du P\u00e8re No\u00ebl\" - ohmondessin.com","isPartOf":{"@id":"https:\/\/ohmondessin.com\/#website"},"primaryImageOfPage":{"@id":"https:\/\/ohmondessin.com\/index.php\/product\/nouveau-carte-de-voeux-le-chat-du-pere-noel\/#primaryimage"},"image":{"@id":"https:\/\/ohmondessin.com\/index.php\/product\/nouveau-carte-de-voeux-le-chat-du-pere-noel\/#primaryimage"},"thumbnailUrl":"https:\/\/ohmondessin.com\/wp-content\/uploads\/2025\/10\/Cartecarreedouble_chatperenoel.jpg","datePublished":"2025-10-06T13:28:58+00:00","dateModified":"2026-01-15T00:03:31+00:00","breadcrumb":{"@id":"https:\/\/ohmondessin.com\/index.php\/product\/nouveau-carte-de-voeux-le-chat-du-pere-noel\/#breadcrumb"},"inLanguage":"fr-FR","potentialAction":[{"@type":"ReadAction","target":["https:\/\/ohmondessin.com\/index.php\/product\/nouveau-carte-de-voeux-le-chat-du-pere-noel\/"]}]},{"@type":"ImageObject","inLanguage":"fr-FR","@id":"https:\/\/ohmondessin.com\/index.php\/product\/nouveau-carte-de-voeux-le-chat-du-pere-noel\/#primaryimage","url":"https:\/\/ohmondessin.com\/wp-content\/uploads\/2025\/10\/Cartecarreedouble_chatperenoel.jpg","contentUrl":"https:\/\/ohmondessin.com\/wp-content\/uploads\/2025\/10\/Cartecarreedouble_chatperenoel.jpg","width":1000,"height":1000},{"@type":"BreadcrumbList","@id":"https:\/\/ohmondessin.com\/index.php\/product\/nouveau-carte-de-voeux-le-chat-du-pere-noel\/#breadcrumb","itemListElement":[{"@type":"ListItem","position":1,"name":"Accueil","item":"https:\/\/ohmondessin.com\/"},{"@type":"ListItem","position":2,"name":"La boutique","item":"https:\/\/ohmondessin.com\/index.php\/la-boutique\/"},{"@type":"ListItem","position":3,"name":"Carte de Voeux &#8211; \u00ab\u00a0Le Chat du P\u00e8re No\u00ebl\u00a0\u00bb"}]},{"@type":"WebSite","@id":"https:\/\/ohmondessin.com\/#website","url":"https:\/\/ohmondessin.com\/","name":"ohmondessin.com","description":"De l\u2019illustration et du fait-main","publisher":{"@id":"https:\/\/ohmondessin.com\/#organization"},"potentialAction":[{"@type":"SearchAction","target":{"@type":"EntryPoint","urlTemplate":"https:\/\/ohmondessin.com\/?s={search_term_string}"},"query-input":{"@type":"PropertyValueSpecification","valueRequired":true,"valueName":"search_term_string"}}],"inLanguage":"fr-FR"},{"@type":"Organization","@id":"https:\/\/ohmondessin.com\/#organization","name":"ohmondessin.com","url":"https:\/\/ohmondessin.com\/","logo":{"@type":"ImageObject","inLanguage":"fr-FR","@id":"https:\/\/ohmondessin.com\/#\/schema\/logo\/image\/","url":"https:\/\/ohmondessin.com\/wp-content\/uploads\/2023\/01\/logo_OHMD-dark.png","contentUrl":"https:\/\/ohmondessin.com\/wp-content\/uploads\/2023\/01\/logo_OHMD-dark.png","width":500,"height":500,"caption":"ohmondessin.com"},"image":{"@id":"https:\/\/ohmondessin.com\/#\/schema\/logo\/image\/"},"sameAs":["https:\/\/www.facebook.com\/Ohmondessin","https:\/\/www.instagram.com\/ohmondessin\/"]}]}},"jetpack_sharing_enabled":true,"_links":{"self":[{"href":"https:\/\/ohmondessin.com\/index.php\/wp-json\/wp\/v2\/product\/8015","targetHints":{"allow":["GET"]}}],"collection":[{"href":"https:\/\/ohmondessin.com\/index.php\/wp-json\/wp\/v2\/product"}],"about":[{"href":"https:\/\/ohmondessin.com\/index.php\/wp-json\/wp\/v2\/types\/product"}],"replies":[{"embeddable":true,"href":"https:\/\/ohmondessin.com\/index.php\/wp-json\/wp\/v2\/comments?post=8015"}],"wp:featuredmedia":[{"embeddable":true,"href":"https:\/\/ohmondessin.com\/index.php\/wp-json\/wp\/v2\/media\/8018"}],"wp:attachment":[{"href":"https:\/\/ohmondessin.com\/index.php\/wp-json\/wp\/v2\/media?parent=8015"}],"wp:term":[{"taxonomy":"product_brand","embeddable":true,"href":"https:\/\/ohmondessin.com\/index.php\/wp-json\/wp\/v2\/product_brand?post=8015"},{"taxonomy":"product_cat","embeddable":true,"href":"https:\/\/ohmondessin.com\/index.php\/wp-json\/wp\/v2\/product_cat?post=8015"},{"taxonomy":"product_tag","embeddable":true,"href":"https:\/\/ohmondessin.com\/index.php\/wp-json\/wp\/v2\/product_tag?post=8015"}],"curies":[{"name":"wp","href":"https:\/\/api.w.org\/{rel}","templated":true}]}}