{"id":8229,"date":"2026-01-27T09:37:34","date_gmt":"2026-01-27T09:37:34","guid":{"rendered":"https:\/\/ohmondessin.com\/?post_type=product&#038;p=8229"},"modified":"2026-01-27T09:41:14","modified_gmt":"2026-01-27T09:41:14","slug":"carnet-de-poche-illustre-le-fleuriste","status":"publish","type":"product","link":"https:\/\/ohmondessin.com\/index.php\/product\/carnet-de-poche-illustre-le-fleuriste\/","title":{"rendered":"Carnet de poche illustr\u00e9 &#8211; Le Fleuriste"},"content":{"rendered":"<dl class=\"flowtabs product-tab\" data-settings=\"{&quot;height&quot;:true}\">\n<dd class=\"tab1 tabs-block active\">\u2728 Carnet de poche aux coins arrondis, format 9 x 12,5 cm<\/p>\n<p>\u2728 Fabrication fran\u00e7aise sur papier offset recycl\u00e9 90 g &#8211; de la couverture \u00e0 l&rsquo;int\u00e9rieur du carnet !<\/p>\n<p>\u2728 48 pages pour \u00e9crire et dessiner<\/p>\n<p>&nbsp;<\/dd>\n<\/dl>\n","protected":false},"excerpt":{"rendered":"<p>\u00c9vadez-vous le temps d\u2019une page avec le carnet Le Fleuriste.<br \/>\nUn carnet de poche illustr\u00e9, fabriqu\u00e9 en France sur papier recycl\u00e9, parfait pour \u00e9crire, dessiner ou noter vos id\u00e9es au fil de vos balades.<\/p>\n","protected":false},"featured_media":8230,"comment_status":"open","ping_status":"closed","template":"","meta":[],"product_brand":[],"product_cat":[1358,729,964],"product_tag":[1456,1452,1453,1447,1450,1449,1451,1457,1446,978,1455,1180,541,1454,1443,1448,970],"class_list":{"0":"post-8229","1":"product","2":"type-product","3":"status-publish","4":"has-post-thumbnail","6":"product_cat-carnets-de-poche","7":"product_cat-papeterie","8":"product_cat-carnets","9":"product_tag-boutique-fleuriste","10":"product_tag-cadeau-papeterie","11":"product_tag-carnet-artistique","12":"product_tag-carnet-de-poche","13":"product_tag-carnet-dessin","14":"product_tag-carnet-ecologique","15":"product_tag-carnet-ecriture","16":"product_tag-carnet-fleuriste","17":"product_tag-carnet-illustre","18":"product_tag-carnet-paris","19":"product_tag-fleuriste","20":"product_tag-illustration-fleuriste","21":"product_tag-illustration-paris","22":"product_tag-made-in-france","23":"product_tag-papeterie-francaise","24":"product_tag-papeterie-illustree","25":"product_tag-papier-recycle","27":"first","28":"instock","29":"purchasable","30":"product-type-simple"},"yoast_head":"<!-- This site is optimized with the Yoast SEO plugin v24.6 - https:\/\/yoast.com\/wordpress\/plugins\/seo\/ -->\n<title>Carnet de poche illustr\u00e9 - Le Fleuriste - ohmondessin.com<\/title>\n<meta name=\"description\" content=\"Carnet de poche illustr\u00e9 \u00ab Le Fleuriste \u00bb, fabrication fran\u00e7aise sur papier recycl\u00e9. 48 pages pour \u00e9crire et dessiner, format 9 x 12,5 cm.\" \/>\n<meta name=\"robots\" content=\"index, follow, max-snippet:-1, max-image-preview:large, max-video-preview:-1\" \/>\n<link rel=\"canonical\" href=\"https:\/\/ohmondessin.com\/index.php\/product\/carnet-de-poche-illustre-le-fleuriste\/\" \/>\n<meta property=\"og:locale\" content=\"fr_FR\" \/>\n<meta property=\"og:type\" content=\"article\" \/>\n<meta property=\"og:title\" content=\"Carnet de poche illustr\u00e9 - Le Fleuriste - ohmondessin.com\" \/>\n<meta property=\"og:description\" content=\"Carnet de poche illustr\u00e9 \u00ab Le Fleuriste \u00bb, fabrication fran\u00e7aise sur papier recycl\u00e9. 48 pages pour \u00e9crire et dessiner, format 9 x 12,5 cm.\" \/>\n<meta property=\"og:url\" content=\"https:\/\/ohmondessin.com\/index.php\/product\/carnet-de-poche-illustre-le-fleuriste\/\" \/>\n<meta property=\"og:site_name\" content=\"ohmondessin.com\" \/>\n<meta property=\"article:publisher\" content=\"https:\/\/www.facebook.com\/Ohmondessin\" \/>\n<meta property=\"article:modified_time\" content=\"2026-01-27T09:41:14+00:00\" \/>\n<meta property=\"og:image\" content=\"http:\/\/ohmondessin.com\/wp-content\/uploads\/2026\/01\/carnetdepoche-lefleuriste.jpg\" \/>\n\t<meta property=\"og:image:width\" content=\"1033\" \/>\n\t<meta property=\"og:image:height\" content=\"1000\" \/>\n\t<meta property=\"og:image:type\" content=\"image\/jpeg\" \/>\n<meta name=\"twitter:card\" content=\"summary_large_image\" \/>\n<meta name=\"twitter:label1\" content=\"Dur\u00e9e de lecture estim\u00e9e\" \/>\n\t<meta name=\"twitter:data1\" content=\"1 minute\" \/>\n<script type=\"application\/ld+json\" class=\"yoast-schema-graph\">{\"@context\":\"https:\/\/schema.org\",\"@graph\":[{\"@type\":\"WebPage\",\"@id\":\"https:\/\/ohmondessin.com\/index.php\/product\/carnet-de-poche-illustre-le-fleuriste\/\",\"url\":\"https:\/\/ohmondessin.com\/index.php\/product\/carnet-de-poche-illustre-le-fleuriste\/\",\"name\":\"Carnet de poche illustr\u00e9 - Le Fleuriste - ohmondessin.com\",\"isPartOf\":{\"@id\":\"https:\/\/ohmondessin.com\/#website\"},\"primaryImageOfPage\":{\"@id\":\"https:\/\/ohmondessin.com\/index.php\/product\/carnet-de-poche-illustre-le-fleuriste\/#primaryimage\"},\"image\":{\"@id\":\"https:\/\/ohmondessin.com\/index.php\/product\/carnet-de-poche-illustre-le-fleuriste\/#primaryimage\"},\"thumbnailUrl\":\"https:\/\/ohmondessin.com\/wp-content\/uploads\/2026\/01\/carnetdepoche-lefleuriste.jpg\",\"datePublished\":\"2026-01-27T09:37:34+00:00\",\"dateModified\":\"2026-01-27T09:41:14+00:00\",\"description\":\"Carnet de poche illustr\u00e9 \u00ab Le Fleuriste \u00bb, fabrication fran\u00e7aise sur papier recycl\u00e9. 48 pages pour \u00e9crire et dessiner, format 9 x 12,5 cm.\",\"breadcrumb\":{\"@id\":\"https:\/\/ohmondessin.com\/index.php\/product\/carnet-de-poche-illustre-le-fleuriste\/#breadcrumb\"},\"inLanguage\":\"fr-FR\",\"potentialAction\":[{\"@type\":\"ReadAction\",\"target\":[\"https:\/\/ohmondessin.com\/index.php\/product\/carnet-de-poche-illustre-le-fleuriste\/\"]}]},{\"@type\":\"ImageObject\",\"inLanguage\":\"fr-FR\",\"@id\":\"https:\/\/ohmondessin.com\/index.php\/product\/carnet-de-poche-illustre-le-fleuriste\/#primaryimage\",\"url\":\"https:\/\/ohmondessin.com\/wp-content\/uploads\/2026\/01\/carnetdepoche-lefleuriste.jpg\",\"contentUrl\":\"https:\/\/ohmondessin.com\/wp-content\/uploads\/2026\/01\/carnetdepoche-lefleuriste.jpg\",\"width\":1033,\"height\":1000},{\"@type\":\"BreadcrumbList\",\"@id\":\"https:\/\/ohmondessin.com\/index.php\/product\/carnet-de-poche-illustre-le-fleuriste\/#breadcrumb\",\"itemListElement\":[{\"@type\":\"ListItem\",\"position\":1,\"name\":\"Accueil\",\"item\":\"https:\/\/ohmondessin.com\/\"},{\"@type\":\"ListItem\",\"position\":2,\"name\":\"La boutique\",\"item\":\"https:\/\/ohmondessin.com\/index.php\/la-boutique\/\"},{\"@type\":\"ListItem\",\"position\":3,\"name\":\"Carnet de poche illustr\u00e9 &#8211; Le Fleuriste\"}]},{\"@type\":\"WebSite\",\"@id\":\"https:\/\/ohmondessin.com\/#website\",\"url\":\"https:\/\/ohmondessin.com\/\",\"name\":\"ohmondessin.com\",\"description\":\"De l\u2019illustration et du fait-main\",\"publisher\":{\"@id\":\"https:\/\/ohmondessin.com\/#organization\"},\"potentialAction\":[{\"@type\":\"SearchAction\",\"target\":{\"@type\":\"EntryPoint\",\"urlTemplate\":\"https:\/\/ohmondessin.com\/?s={search_term_string}\"},\"query-input\":{\"@type\":\"PropertyValueSpecification\",\"valueRequired\":true,\"valueName\":\"search_term_string\"}}],\"inLanguage\":\"fr-FR\"},{\"@type\":\"Organization\",\"@id\":\"https:\/\/ohmondessin.com\/#organization\",\"name\":\"ohmondessin.com\",\"url\":\"https:\/\/ohmondessin.com\/\",\"logo\":{\"@type\":\"ImageObject\",\"inLanguage\":\"fr-FR\",\"@id\":\"https:\/\/ohmondessin.com\/#\/schema\/logo\/image\/\",\"url\":\"https:\/\/ohmondessin.com\/wp-content\/uploads\/2023\/01\/logo_OHMD-dark.png\",\"contentUrl\":\"https:\/\/ohmondessin.com\/wp-content\/uploads\/2023\/01\/logo_OHMD-dark.png\",\"width\":500,\"height\":500,\"caption\":\"ohmondessin.com\"},\"image\":{\"@id\":\"https:\/\/ohmondessin.com\/#\/schema\/logo\/image\/\"},\"sameAs\":[\"https:\/\/www.facebook.com\/Ohmondessin\",\"https:\/\/www.instagram.com\/ohmondessin\/\"]}]}<\/script>\n<!-- \/ Yoast SEO plugin. -->","yoast_head_json":{"title":"Carnet de poche illustr\u00e9 - Le Fleuriste - ohmondessin.com","description":"Carnet de poche illustr\u00e9 \u00ab Le Fleuriste \u00bb, fabrication fran\u00e7aise sur papier recycl\u00e9. 48 pages pour \u00e9crire et dessiner, format 9 x 12,5 cm.","robots":{"index":"index","follow":"follow","max-snippet":"max-snippet:-1","max-image-preview":"max-image-preview:large","max-video-preview":"max-video-preview:-1"},"canonical":"https:\/\/ohmondessin.com\/index.php\/product\/carnet-de-poche-illustre-le-fleuriste\/","og_locale":"fr_FR","og_type":"article","og_title":"Carnet de poche illustr\u00e9 - Le Fleuriste - ohmondessin.com","og_description":"Carnet de poche illustr\u00e9 \u00ab Le Fleuriste \u00bb, fabrication fran\u00e7aise sur papier recycl\u00e9. 48 pages pour \u00e9crire et dessiner, format 9 x 12,5 cm.","og_url":"https:\/\/ohmondessin.com\/index.php\/product\/carnet-de-poche-illustre-le-fleuriste\/","og_site_name":"ohmondessin.com","article_publisher":"https:\/\/www.facebook.com\/Ohmondessin","article_modified_time":"2026-01-27T09:41:14+00:00","og_image":[{"width":1033,"height":1000,"url":"http:\/\/ohmondessin.com\/wp-content\/uploads\/2026\/01\/carnetdepoche-lefleuriste.jpg","type":"image\/jpeg"}],"twitter_card":"summary_large_image","twitter_misc":{"Dur\u00e9e de lecture estim\u00e9e":"1 minute"},"schema":{"@context":"https:\/\/schema.org","@graph":[{"@type":"WebPage","@id":"https:\/\/ohmondessin.com\/index.php\/product\/carnet-de-poche-illustre-le-fleuriste\/","url":"https:\/\/ohmondessin.com\/index.php\/product\/carnet-de-poche-illustre-le-fleuriste\/","name":"Carnet de poche illustr\u00e9 - Le Fleuriste - ohmondessin.com","isPartOf":{"@id":"https:\/\/ohmondessin.com\/#website"},"primaryImageOfPage":{"@id":"https:\/\/ohmondessin.com\/index.php\/product\/carnet-de-poche-illustre-le-fleuriste\/#primaryimage"},"image":{"@id":"https:\/\/ohmondessin.com\/index.php\/product\/carnet-de-poche-illustre-le-fleuriste\/#primaryimage"},"thumbnailUrl":"https:\/\/ohmondessin.com\/wp-content\/uploads\/2026\/01\/carnetdepoche-lefleuriste.jpg","datePublished":"2026-01-27T09:37:34+00:00","dateModified":"2026-01-27T09:41:14+00:00","description":"Carnet de poche illustr\u00e9 \u00ab Le Fleuriste \u00bb, fabrication fran\u00e7aise sur papier recycl\u00e9. 48 pages pour \u00e9crire et dessiner, format 9 x 12,5 cm.","breadcrumb":{"@id":"https:\/\/ohmondessin.com\/index.php\/product\/carnet-de-poche-illustre-le-fleuriste\/#breadcrumb"},"inLanguage":"fr-FR","potentialAction":[{"@type":"ReadAction","target":["https:\/\/ohmondessin.com\/index.php\/product\/carnet-de-poche-illustre-le-fleuriste\/"]}]},{"@type":"ImageObject","inLanguage":"fr-FR","@id":"https:\/\/ohmondessin.com\/index.php\/product\/carnet-de-poche-illustre-le-fleuriste\/#primaryimage","url":"https:\/\/ohmondessin.com\/wp-content\/uploads\/2026\/01\/carnetdepoche-lefleuriste.jpg","contentUrl":"https:\/\/ohmondessin.com\/wp-content\/uploads\/2026\/01\/carnetdepoche-lefleuriste.jpg","width":1033,"height":1000},{"@type":"BreadcrumbList","@id":"https:\/\/ohmondessin.com\/index.php\/product\/carnet-de-poche-illustre-le-fleuriste\/#breadcrumb","itemListElement":[{"@type":"ListItem","position":1,"name":"Accueil","item":"https:\/\/ohmondessin.com\/"},{"@type":"ListItem","position":2,"name":"La boutique","item":"https:\/\/ohmondessin.com\/index.php\/la-boutique\/"},{"@type":"ListItem","position":3,"name":"Carnet de poche illustr\u00e9 &#8211; Le Fleuriste"}]},{"@type":"WebSite","@id":"https:\/\/ohmondessin.com\/#website","url":"https:\/\/ohmondessin.com\/","name":"ohmondessin.com","description":"De l\u2019illustration et du fait-main","publisher":{"@id":"https:\/\/ohmondessin.com\/#organization"},"potentialAction":[{"@type":"SearchAction","target":{"@type":"EntryPoint","urlTemplate":"https:\/\/ohmondessin.com\/?s={search_term_string}"},"query-input":{"@type":"PropertyValueSpecification","valueRequired":true,"valueName":"search_term_string"}}],"inLanguage":"fr-FR"},{"@type":"Organization","@id":"https:\/\/ohmondessin.com\/#organization","name":"ohmondessin.com","url":"https:\/\/ohmondessin.com\/","logo":{"@type":"ImageObject","inLanguage":"fr-FR","@id":"https:\/\/ohmondessin.com\/#\/schema\/logo\/image\/","url":"https:\/\/ohmondessin.com\/wp-content\/uploads\/2023\/01\/logo_OHMD-dark.png","contentUrl":"https:\/\/ohmondessin.com\/wp-content\/uploads\/2023\/01\/logo_OHMD-dark.png","width":500,"height":500,"caption":"ohmondessin.com"},"image":{"@id":"https:\/\/ohmondessin.com\/#\/schema\/logo\/image\/"},"sameAs":["https:\/\/www.facebook.com\/Ohmondessin","https:\/\/www.instagram.com\/ohmondessin\/"]}]}},"jetpack_sharing_enabled":true,"_links":{"self":[{"href":"https:\/\/ohmondessin.com\/index.php\/wp-json\/wp\/v2\/product\/8229","targetHints":{"allow":["GET"]}}],"collection":[{"href":"https:\/\/ohmondessin.com\/index.php\/wp-json\/wp\/v2\/product"}],"about":[{"href":"https:\/\/ohmondessin.com\/index.php\/wp-json\/wp\/v2\/types\/product"}],"replies":[{"embeddable":true,"href":"https:\/\/ohmondessin.com\/index.php\/wp-json\/wp\/v2\/comments?post=8229"}],"wp:featuredmedia":[{"embeddable":true,"href":"https:\/\/ohmondessin.com\/index.php\/wp-json\/wp\/v2\/media\/8230"}],"wp:attachment":[{"href":"https:\/\/ohmondessin.com\/index.php\/wp-json\/wp\/v2\/media?parent=8229"}],"wp:term":[{"taxonomy":"product_brand","embeddable":true,"href":"https:\/\/ohmondessin.com\/index.php\/wp-json\/wp\/v2\/product_brand?post=8229"},{"taxonomy":"product_cat","embeddable":true,"href":"https:\/\/ohmondessin.com\/index.php\/wp-json\/wp\/v2\/product_cat?post=8229"},{"taxonomy":"product_tag","embeddable":true,"href":"https:\/\/ohmondessin.com\/index.php\/wp-json\/wp\/v2\/product_tag?post=8229"}],"curies":[{"name":"wp","href":"https:\/\/api.w.org\/{rel}","templated":true}]}}