{"id":8242,"date":"2026-02-23T07:31:07","date_gmt":"2026-02-23T07:31:07","guid":{"rendered":"https:\/\/ohmondessin.com\/?post_type=product&#038;p=8242"},"modified":"2026-02-23T08:03:16","modified_gmt":"2026-02-23T08:03:16","slug":"carte-decoupee-chat-roux-anniversaire","status":"publish","type":"product","link":"https:\/\/ohmondessin.com\/index.php\/product\/carte-decoupee-chat-roux-anniversaire\/","title":{"rendered":"Carte d\u00e9coup\u00e9e \u2013 Chat Roux Anniversaire"},"content":{"rendered":"<p data-start=\"523\" data-end=\"728\">\u2728 Illustration originale Oh ! Mon dessin, imprim\u00e9e sur papier \u00e9pais de qualit\u00e9.<\/p>\n<p data-start=\"523\" data-end=\"728\">\u2728 Vendue avec enveloppe kraft<\/p>\n<p data-start=\"523\" data-end=\"728\">\u2728 Format de la carte environ 10x15cm<\/p>\n<p data-start=\"523\" data-end=\"728\">\u2728 Imagin\u00e9e, dessin\u00e9e, imprim\u00e9e et d\u00e9coup\u00e9e dans les Yvelines en France<\/p>\n<p data-start=\"1014\" data-end=\"1126\">\n","protected":false},"excerpt":{"rendered":"<p data-start=\"523\" data-end=\"728\">Cette carte d\u00e9coup\u00e9e illustr\u00e9e d&rsquo;un chat roux malicieux c\u00e9l\u00e8bre les anniversaires avec tendresse et une pointe d\u2019espi\u00e8glerie.<br data-start=\"613\" data-end=\"616\" \/>Son format original, aux contours du dessin, lui donne un charme particulier et en fait un objet \u00e0 poser sur une table, bureau, \u00e9tag\u00e8re&#8230;<\/p>\n<p data-start=\"730\" data-end=\"860\">\u00c0 offrir pour souhaiter un anniversaire tout en douceur, pour accompagner un cadeau ou simplement pour envoyer un mot attentionn\u00e9.<\/p>\n<p data-start=\"862\" data-end=\"1012\">Imagin\u00e9e, dessin\u00e9e, imprim\u00e9e et d\u00e9coup\u00e9e dans les Yvelines en France.<\/p>\n","protected":false},"featured_media":8243,"comment_status":"open","ping_status":"closed","template":"","meta":[],"product_brand":[],"product_cat":[1090,719,725,726,722],"product_tag":[570,1469,504,1468,1462,1467,1463,1471,505,1464,1466,1465,509,1470,508,507,139,342,503,1448],"class_list":{"0":"post-8242","1":"product","2":"type-product","3":"status-publish","4":"has-post-thumbnail","6":"product_cat-affiches-cartes","7":"product_cat-carterie","8":"product_cat-collection-anniversaire-cartes-postales","9":"product_cat-collection-remerciement","10":"product_cat-toutes-les-cartes","11":"product_tag-cadeau-anniversaire","12":"product_tag-carte-a-collectionner","13":"product_tag-carte-anniversaire","14":"product_tag-carte-anniversaire-adulte","15":"product_tag-carte-anniversaire-chat","16":"product_tag-carte-anniversaire-enfant","17":"product_tag-carte-anniversaire-originale","18":"product_tag-carte-cadeau-anniversaire","19":"product_tag-carte-chat","20":"product_tag-carte-chat-roux","21":"product_tag-carte-decoupee","22":"product_tag-carte-illustree-anniversaire","23":"product_tag-carte-joyeux-anniversaire","24":"product_tag-carte-mignonne","25":"product_tag-chat-anniversaire","26":"product_tag-chat-fleurs","27":"product_tag-fait-main","28":"product_tag-illustration-chat","29":"product_tag-joyeux-anniversaire","30":"product_tag-papeterie-illustree","31":"product_shipping_class-lettre-suivie","33":"first","34":"instock","35":"taxable","36":"shipping-taxable","37":"purchasable","38":"product-type-simple"},"yoast_head":"<!-- This site is optimized with the Yoast SEO plugin v24.6 - https:\/\/yoast.com\/wordpress\/plugins\/seo\/ -->\n<title>Carte d\u00e9coup\u00e9e \u2013 Chat Roux Anniversaire - ohmondessin.com<\/title>\n<meta name=\"robots\" content=\"index, follow, max-snippet:-1, max-image-preview:large, max-video-preview:-1\" \/>\n<link rel=\"canonical\" href=\"https:\/\/ohmondessin.com\/index.php\/product\/carte-decoupee-chat-roux-anniversaire\/\" \/>\n<meta property=\"og:locale\" content=\"fr_FR\" \/>\n<meta property=\"og:type\" content=\"article\" \/>\n<meta property=\"og:title\" content=\"Carte d\u00e9coup\u00e9e \u2013 Chat Roux Anniversaire - ohmondessin.com\" \/>\n<meta property=\"og:description\" content=\"Cette carte d\u00e9coup\u00e9e illustr\u00e9e d&#039;un chat roux malicieux c\u00e9l\u00e8bre les anniversaires avec tendresse et une pointe d\u2019espi\u00e8glerie.Son format original, aux contours du dessin, lui donne un charme particulier et en fait un objet \u00e0 poser sur une table, bureau, \u00e9tag\u00e8re... \u00c0 offrir pour souhaiter un anniversaire tout en douceur, pour accompagner un cadeau ou simplement pour envoyer un mot attentionn\u00e9. Imagin\u00e9e, dessin\u00e9e, imprim\u00e9e et d\u00e9coup\u00e9e dans les Yvelines en France.\" \/>\n<meta property=\"og:url\" content=\"https:\/\/ohmondessin.com\/index.php\/product\/carte-decoupee-chat-roux-anniversaire\/\" \/>\n<meta property=\"og:site_name\" content=\"ohmondessin.com\" \/>\n<meta property=\"article:publisher\" content=\"https:\/\/www.facebook.com\/Ohmondessin\" \/>\n<meta property=\"article:modified_time\" content=\"2026-02-23T08:03:16+00:00\" \/>\n<meta property=\"og:image\" content=\"http:\/\/ohmondessin.com\/wp-content\/uploads\/2026\/02\/CP_ChatRouxDecoupe-scaled.jpg\" \/>\n\t<meta property=\"og:image:width\" content=\"2560\" \/>\n\t<meta property=\"og:image:height\" content=\"2560\" \/>\n\t<meta property=\"og:image:type\" content=\"image\/jpeg\" \/>\n<meta name=\"twitter:card\" content=\"summary_large_image\" \/>\n<meta name=\"twitter:label1\" content=\"Dur\u00e9e de lecture estim\u00e9e\" \/>\n\t<meta name=\"twitter:data1\" content=\"1 minute\" \/>\n<script type=\"application\/ld+json\" class=\"yoast-schema-graph\">{\"@context\":\"https:\/\/schema.org\",\"@graph\":[{\"@type\":\"WebPage\",\"@id\":\"https:\/\/ohmondessin.com\/index.php\/product\/carte-decoupee-chat-roux-anniversaire\/\",\"url\":\"https:\/\/ohmondessin.com\/index.php\/product\/carte-decoupee-chat-roux-anniversaire\/\",\"name\":\"Carte d\u00e9coup\u00e9e \u2013 Chat Roux Anniversaire - ohmondessin.com\",\"isPartOf\":{\"@id\":\"https:\/\/ohmondessin.com\/#website\"},\"primaryImageOfPage\":{\"@id\":\"https:\/\/ohmondessin.com\/index.php\/product\/carte-decoupee-chat-roux-anniversaire\/#primaryimage\"},\"image\":{\"@id\":\"https:\/\/ohmondessin.com\/index.php\/product\/carte-decoupee-chat-roux-anniversaire\/#primaryimage\"},\"thumbnailUrl\":\"https:\/\/ohmondessin.com\/wp-content\/uploads\/2026\/02\/CP_ChatRouxDecoupe-scaled.jpg\",\"datePublished\":\"2026-02-23T07:31:07+00:00\",\"dateModified\":\"2026-02-23T08:03:16+00:00\",\"breadcrumb\":{\"@id\":\"https:\/\/ohmondessin.com\/index.php\/product\/carte-decoupee-chat-roux-anniversaire\/#breadcrumb\"},\"inLanguage\":\"fr-FR\",\"potentialAction\":[{\"@type\":\"ReadAction\",\"target\":[\"https:\/\/ohmondessin.com\/index.php\/product\/carte-decoupee-chat-roux-anniversaire\/\"]}]},{\"@type\":\"ImageObject\",\"inLanguage\":\"fr-FR\",\"@id\":\"https:\/\/ohmondessin.com\/index.php\/product\/carte-decoupee-chat-roux-anniversaire\/#primaryimage\",\"url\":\"https:\/\/ohmondessin.com\/wp-content\/uploads\/2026\/02\/CP_ChatRouxDecoupe-scaled.jpg\",\"contentUrl\":\"https:\/\/ohmondessin.com\/wp-content\/uploads\/2026\/02\/CP_ChatRouxDecoupe-scaled.jpg\",\"width\":2560,\"height\":2560,\"caption\":\"Carte d\u00e9coup\u00e9e \u2013 Chat roux Anniversaire\"},{\"@type\":\"BreadcrumbList\",\"@id\":\"https:\/\/ohmondessin.com\/index.php\/product\/carte-decoupee-chat-roux-anniversaire\/#breadcrumb\",\"itemListElement\":[{\"@type\":\"ListItem\",\"position\":1,\"name\":\"Accueil\",\"item\":\"https:\/\/ohmondessin.com\/\"},{\"@type\":\"ListItem\",\"position\":2,\"name\":\"La boutique\",\"item\":\"https:\/\/ohmondessin.com\/index.php\/la-boutique\/\"},{\"@type\":\"ListItem\",\"position\":3,\"name\":\"Carte d\u00e9coup\u00e9e \u2013 Chat Roux Anniversaire\"}]},{\"@type\":\"WebSite\",\"@id\":\"https:\/\/ohmondessin.com\/#website\",\"url\":\"https:\/\/ohmondessin.com\/\",\"name\":\"ohmondessin.com\",\"description\":\"De l\u2019illustration et du fait-main\",\"publisher\":{\"@id\":\"https:\/\/ohmondessin.com\/#organization\"},\"potentialAction\":[{\"@type\":\"SearchAction\",\"target\":{\"@type\":\"EntryPoint\",\"urlTemplate\":\"https:\/\/ohmondessin.com\/?s={search_term_string}\"},\"query-input\":{\"@type\":\"PropertyValueSpecification\",\"valueRequired\":true,\"valueName\":\"search_term_string\"}}],\"inLanguage\":\"fr-FR\"},{\"@type\":\"Organization\",\"@id\":\"https:\/\/ohmondessin.com\/#organization\",\"name\":\"ohmondessin.com\",\"url\":\"https:\/\/ohmondessin.com\/\",\"logo\":{\"@type\":\"ImageObject\",\"inLanguage\":\"fr-FR\",\"@id\":\"https:\/\/ohmondessin.com\/#\/schema\/logo\/image\/\",\"url\":\"https:\/\/ohmondessin.com\/wp-content\/uploads\/2023\/01\/logo_OHMD-dark.png\",\"contentUrl\":\"https:\/\/ohmondessin.com\/wp-content\/uploads\/2023\/01\/logo_OHMD-dark.png\",\"width\":500,\"height\":500,\"caption\":\"ohmondessin.com\"},\"image\":{\"@id\":\"https:\/\/ohmondessin.com\/#\/schema\/logo\/image\/\"},\"sameAs\":[\"https:\/\/www.facebook.com\/Ohmondessin\",\"https:\/\/www.instagram.com\/ohmondessin\/\"]}]}<\/script>\n<!-- \/ Yoast SEO plugin. -->","yoast_head_json":{"title":"Carte d\u00e9coup\u00e9e \u2013 Chat Roux Anniversaire - ohmondessin.com","robots":{"index":"index","follow":"follow","max-snippet":"max-snippet:-1","max-image-preview":"max-image-preview:large","max-video-preview":"max-video-preview:-1"},"canonical":"https:\/\/ohmondessin.com\/index.php\/product\/carte-decoupee-chat-roux-anniversaire\/","og_locale":"fr_FR","og_type":"article","og_title":"Carte d\u00e9coup\u00e9e \u2013 Chat Roux Anniversaire - ohmondessin.com","og_description":"Cette carte d\u00e9coup\u00e9e illustr\u00e9e d'un chat roux malicieux c\u00e9l\u00e8bre les anniversaires avec tendresse et une pointe d\u2019espi\u00e8glerie.Son format original, aux contours du dessin, lui donne un charme particulier et en fait un objet \u00e0 poser sur une table, bureau, \u00e9tag\u00e8re... \u00c0 offrir pour souhaiter un anniversaire tout en douceur, pour accompagner un cadeau ou simplement pour envoyer un mot attentionn\u00e9. Imagin\u00e9e, dessin\u00e9e, imprim\u00e9e et d\u00e9coup\u00e9e dans les Yvelines en France.","og_url":"https:\/\/ohmondessin.com\/index.php\/product\/carte-decoupee-chat-roux-anniversaire\/","og_site_name":"ohmondessin.com","article_publisher":"https:\/\/www.facebook.com\/Ohmondessin","article_modified_time":"2026-02-23T08:03:16+00:00","og_image":[{"width":2560,"height":2560,"url":"http:\/\/ohmondessin.com\/wp-content\/uploads\/2026\/02\/CP_ChatRouxDecoupe-scaled.jpg","type":"image\/jpeg"}],"twitter_card":"summary_large_image","twitter_misc":{"Dur\u00e9e de lecture estim\u00e9e":"1 minute"},"schema":{"@context":"https:\/\/schema.org","@graph":[{"@type":"WebPage","@id":"https:\/\/ohmondessin.com\/index.php\/product\/carte-decoupee-chat-roux-anniversaire\/","url":"https:\/\/ohmondessin.com\/index.php\/product\/carte-decoupee-chat-roux-anniversaire\/","name":"Carte d\u00e9coup\u00e9e \u2013 Chat Roux Anniversaire - ohmondessin.com","isPartOf":{"@id":"https:\/\/ohmondessin.com\/#website"},"primaryImageOfPage":{"@id":"https:\/\/ohmondessin.com\/index.php\/product\/carte-decoupee-chat-roux-anniversaire\/#primaryimage"},"image":{"@id":"https:\/\/ohmondessin.com\/index.php\/product\/carte-decoupee-chat-roux-anniversaire\/#primaryimage"},"thumbnailUrl":"https:\/\/ohmondessin.com\/wp-content\/uploads\/2026\/02\/CP_ChatRouxDecoupe-scaled.jpg","datePublished":"2026-02-23T07:31:07+00:00","dateModified":"2026-02-23T08:03:16+00:00","breadcrumb":{"@id":"https:\/\/ohmondessin.com\/index.php\/product\/carte-decoupee-chat-roux-anniversaire\/#breadcrumb"},"inLanguage":"fr-FR","potentialAction":[{"@type":"ReadAction","target":["https:\/\/ohmondessin.com\/index.php\/product\/carte-decoupee-chat-roux-anniversaire\/"]}]},{"@type":"ImageObject","inLanguage":"fr-FR","@id":"https:\/\/ohmondessin.com\/index.php\/product\/carte-decoupee-chat-roux-anniversaire\/#primaryimage","url":"https:\/\/ohmondessin.com\/wp-content\/uploads\/2026\/02\/CP_ChatRouxDecoupe-scaled.jpg","contentUrl":"https:\/\/ohmondessin.com\/wp-content\/uploads\/2026\/02\/CP_ChatRouxDecoupe-scaled.jpg","width":2560,"height":2560,"caption":"Carte d\u00e9coup\u00e9e \u2013 Chat roux Anniversaire"},{"@type":"BreadcrumbList","@id":"https:\/\/ohmondessin.com\/index.php\/product\/carte-decoupee-chat-roux-anniversaire\/#breadcrumb","itemListElement":[{"@type":"ListItem","position":1,"name":"Accueil","item":"https:\/\/ohmondessin.com\/"},{"@type":"ListItem","position":2,"name":"La boutique","item":"https:\/\/ohmondessin.com\/index.php\/la-boutique\/"},{"@type":"ListItem","position":3,"name":"Carte d\u00e9coup\u00e9e \u2013 Chat Roux Anniversaire"}]},{"@type":"WebSite","@id":"https:\/\/ohmondessin.com\/#website","url":"https:\/\/ohmondessin.com\/","name":"ohmondessin.com","description":"De l\u2019illustration et du fait-main","publisher":{"@id":"https:\/\/ohmondessin.com\/#organization"},"potentialAction":[{"@type":"SearchAction","target":{"@type":"EntryPoint","urlTemplate":"https:\/\/ohmondessin.com\/?s={search_term_string}"},"query-input":{"@type":"PropertyValueSpecification","valueRequired":true,"valueName":"search_term_string"}}],"inLanguage":"fr-FR"},{"@type":"Organization","@id":"https:\/\/ohmondessin.com\/#organization","name":"ohmondessin.com","url":"https:\/\/ohmondessin.com\/","logo":{"@type":"ImageObject","inLanguage":"fr-FR","@id":"https:\/\/ohmondessin.com\/#\/schema\/logo\/image\/","url":"https:\/\/ohmondessin.com\/wp-content\/uploads\/2023\/01\/logo_OHMD-dark.png","contentUrl":"https:\/\/ohmondessin.com\/wp-content\/uploads\/2023\/01\/logo_OHMD-dark.png","width":500,"height":500,"caption":"ohmondessin.com"},"image":{"@id":"https:\/\/ohmondessin.com\/#\/schema\/logo\/image\/"},"sameAs":["https:\/\/www.facebook.com\/Ohmondessin","https:\/\/www.instagram.com\/ohmondessin\/"]}]}},"jetpack_sharing_enabled":true,"_links":{"self":[{"href":"https:\/\/ohmondessin.com\/index.php\/wp-json\/wp\/v2\/product\/8242","targetHints":{"allow":["GET"]}}],"collection":[{"href":"https:\/\/ohmondessin.com\/index.php\/wp-json\/wp\/v2\/product"}],"about":[{"href":"https:\/\/ohmondessin.com\/index.php\/wp-json\/wp\/v2\/types\/product"}],"replies":[{"embeddable":true,"href":"https:\/\/ohmondessin.com\/index.php\/wp-json\/wp\/v2\/comments?post=8242"}],"wp:featuredmedia":[{"embeddable":true,"href":"https:\/\/ohmondessin.com\/index.php\/wp-json\/wp\/v2\/media\/8243"}],"wp:attachment":[{"href":"https:\/\/ohmondessin.com\/index.php\/wp-json\/wp\/v2\/media?parent=8242"}],"wp:term":[{"taxonomy":"product_brand","embeddable":true,"href":"https:\/\/ohmondessin.com\/index.php\/wp-json\/wp\/v2\/product_brand?post=8242"},{"taxonomy":"product_cat","embeddable":true,"href":"https:\/\/ohmondessin.com\/index.php\/wp-json\/wp\/v2\/product_cat?post=8242"},{"taxonomy":"product_tag","embeddable":true,"href":"https:\/\/ohmondessin.com\/index.php\/wp-json\/wp\/v2\/product_tag?post=8242"}],"curies":[{"name":"wp","href":"https:\/\/api.w.org\/{rel}","templated":true}]}}