{"id":8254,"date":"2026-03-05T13:10:30","date_gmt":"2026-03-05T13:10:30","guid":{"rendered":"https:\/\/ohmondessin.com\/?post_type=product&#038;p=8254"},"modified":"2026-03-05T13:54:06","modified_gmt":"2026-03-05T13:54:06","slug":"carte-decoupee-le-gouter","status":"publish","type":"product","link":"https:\/\/ohmondessin.com\/index.php\/product\/carte-decoupee-le-gouter\/","title":{"rendered":"Carte d\u00e9coup\u00e9e \u2013 Le Go\u00fbter"},"content":{"rendered":"<p data-start=\"523\" data-end=\"728\">\u2728 Illustration originale Oh ! Mon dessin, imprim\u00e9e sur papier \u00e9pais de qualit\u00e9.<\/p>\n<p data-start=\"523\" data-end=\"728\">\u2728 Vendue avec enveloppe kraft<\/p>\n<p data-start=\"523\" data-end=\"728\">\u2728 Format de la carte environ 10x15cm<\/p>\n<p data-start=\"523\" data-end=\"728\">\u2728 Imagin\u00e9e, dessin\u00e9e, imprim\u00e9e et d\u00e9coup\u00e9e dans les Yvelines en France<\/p>\n<p data-start=\"1014\" data-end=\"1126\">\n","protected":false},"excerpt":{"rendered":"<p data-start=\"399\" data-end=\"528\">Cette carte d\u00e9coup\u00e9e \u00e9voque les instants doux du quotidien, ces pauses gourmandes partag\u00e9es (oh ! miam des madeleines !) ou savour\u00e9es tranquillement chez soi.<\/p>\n<p data-start=\"530\" data-end=\"760\">Avec ses contours d\u00e9coup\u00e9s et ses couleurs d\u00e9licates, elle devient une petite illustration \u00e0 offrir ou \u00e0 exposer.<br data-start=\"643\" data-end=\"646\" \/>Parfaite pour accompagner un mot amical, un remerciement, une invitation ou simplement pour envoyer une attention.<\/p>\n<p data-start=\"862\" data-end=\"1012\">Imagin\u00e9e, dessin\u00e9e, imprim\u00e9e et d\u00e9coup\u00e9e dans les Yvelines en France.<\/p>\n","protected":false},"featured_media":8255,"comment_status":"open","ping_status":"closed","template":"","meta":[],"product_brand":[],"product_cat":[1090,719,783,725,727,726,722],"product_tag":[1469,1490,1503,1486,1492,1466,1484,1491,1476,1489,1470,1487,139,1485,1448],"class_list":{"0":"post-8254","1":"product","2":"type-product","3":"status-publish","4":"has-post-thumbnail","6":"product_cat-affiches-cartes","7":"product_cat-carterie","8":"product_cat-collection-amour","9":"product_cat-collection-anniversaire-cartes-postales","10":"product_cat-collection-mariage","11":"product_cat-collection-remerciement","12":"product_cat-toutes-les-cartes","13":"product_tag-carte-a-collectionner","14":"product_tag-carte-art-de-vivre","15":"product_tag-carte-cuisine-francaise","16":"product_tag-carte-cuisine-illustree","17":"product_tag-carte-decoration-cuisine","18":"product_tag-carte-decoupee","19":"product_tag-carte-gouter","20":"product_tag-carte-illustration-cuisine","21":"product_tag-carte-illustree-originale","22":"product_tag-carte-invitation-gouter","23":"product_tag-carte-mignonne","24":"product_tag-carte-mimosa","25":"product_tag-fait-main","26":"product_tag-gouter-danniversaire","27":"product_tag-papeterie-illustree","28":"product_shipping_class-lettre-suivie","30":"first","31":"instock","32":"taxable","33":"shipping-taxable","34":"purchasable","35":"product-type-simple"},"yoast_head":"<!-- This site is optimized with the Yoast SEO plugin v24.6 - https:\/\/yoast.com\/wordpress\/plugins\/seo\/ -->\n<title>Carte d\u00e9coup\u00e9e \u2013 Le Go\u00fbter - ohmondessin.com<\/title>\n<meta name=\"description\" content=\"Cette carte d\u00e9coup\u00e9e \u00e9voque les instants doux du quotidien, ces pauses gourmandes partag\u00e9es. Elle est parfaite pour accompagner un mot amical, un remerciement.\" \/>\n<meta name=\"robots\" content=\"index, follow, max-snippet:-1, max-image-preview:large, max-video-preview:-1\" \/>\n<link rel=\"canonical\" href=\"https:\/\/ohmondessin.com\/index.php\/product\/carte-decoupee-le-gouter\/\" \/>\n<meta property=\"og:locale\" content=\"fr_FR\" \/>\n<meta property=\"og:type\" content=\"article\" \/>\n<meta property=\"og:title\" content=\"Carte d\u00e9coup\u00e9e \u2013 Le Go\u00fbter - ohmondessin.com\" \/>\n<meta property=\"og:description\" content=\"Cette carte d\u00e9coup\u00e9e \u00e9voque les instants doux du quotidien, ces pauses gourmandes partag\u00e9es. Elle est parfaite pour accompagner un mot amical, un remerciement.\" \/>\n<meta property=\"og:url\" content=\"https:\/\/ohmondessin.com\/index.php\/product\/carte-decoupee-le-gouter\/\" \/>\n<meta property=\"og:site_name\" content=\"ohmondessin.com\" \/>\n<meta property=\"article:publisher\" content=\"https:\/\/www.facebook.com\/Ohmondessin\" \/>\n<meta property=\"article:modified_time\" content=\"2026-03-05T13:54:06+00:00\" \/>\n<meta property=\"og:image\" content=\"http:\/\/ohmondessin.com\/wp-content\/uploads\/2026\/03\/CP_Gouter3-scaled.jpg\" \/>\n\t<meta property=\"og:image:width\" content=\"2560\" \/>\n\t<meta property=\"og:image:height\" content=\"2560\" \/>\n\t<meta property=\"og:image:type\" content=\"image\/jpeg\" \/>\n<meta name=\"twitter:card\" content=\"summary_large_image\" \/>\n<meta name=\"twitter:label1\" content=\"Dur\u00e9e de lecture estim\u00e9e\" \/>\n\t<meta name=\"twitter:data1\" content=\"1 minute\" \/>\n<script type=\"application\/ld+json\" class=\"yoast-schema-graph\">{\"@context\":\"https:\/\/schema.org\",\"@graph\":[{\"@type\":\"WebPage\",\"@id\":\"https:\/\/ohmondessin.com\/index.php\/product\/carte-decoupee-le-gouter\/\",\"url\":\"https:\/\/ohmondessin.com\/index.php\/product\/carte-decoupee-le-gouter\/\",\"name\":\"Carte d\u00e9coup\u00e9e \u2013 Le Go\u00fbter - ohmondessin.com\",\"isPartOf\":{\"@id\":\"https:\/\/ohmondessin.com\/#website\"},\"primaryImageOfPage\":{\"@id\":\"https:\/\/ohmondessin.com\/index.php\/product\/carte-decoupee-le-gouter\/#primaryimage\"},\"image\":{\"@id\":\"https:\/\/ohmondessin.com\/index.php\/product\/carte-decoupee-le-gouter\/#primaryimage\"},\"thumbnailUrl\":\"https:\/\/ohmondessin.com\/wp-content\/uploads\/2026\/03\/CP_Gouter3-scaled.jpg\",\"datePublished\":\"2026-03-05T13:10:30+00:00\",\"dateModified\":\"2026-03-05T13:54:06+00:00\",\"description\":\"Cette carte d\u00e9coup\u00e9e \u00e9voque les instants doux du quotidien, ces pauses gourmandes partag\u00e9es. Elle est parfaite pour accompagner un mot amical, un remerciement.\",\"breadcrumb\":{\"@id\":\"https:\/\/ohmondessin.com\/index.php\/product\/carte-decoupee-le-gouter\/#breadcrumb\"},\"inLanguage\":\"fr-FR\",\"potentialAction\":[{\"@type\":\"ReadAction\",\"target\":[\"https:\/\/ohmondessin.com\/index.php\/product\/carte-decoupee-le-gouter\/\"]}]},{\"@type\":\"ImageObject\",\"inLanguage\":\"fr-FR\",\"@id\":\"https:\/\/ohmondessin.com\/index.php\/product\/carte-decoupee-le-gouter\/#primaryimage\",\"url\":\"https:\/\/ohmondessin.com\/wp-content\/uploads\/2026\/03\/CP_Gouter3-scaled.jpg\",\"contentUrl\":\"https:\/\/ohmondessin.com\/wp-content\/uploads\/2026\/03\/CP_Gouter3-scaled.jpg\",\"width\":2560,\"height\":2560},{\"@type\":\"BreadcrumbList\",\"@id\":\"https:\/\/ohmondessin.com\/index.php\/product\/carte-decoupee-le-gouter\/#breadcrumb\",\"itemListElement\":[{\"@type\":\"ListItem\",\"position\":1,\"name\":\"Accueil\",\"item\":\"https:\/\/ohmondessin.com\/\"},{\"@type\":\"ListItem\",\"position\":2,\"name\":\"La boutique\",\"item\":\"https:\/\/ohmondessin.com\/index.php\/la-boutique\/\"},{\"@type\":\"ListItem\",\"position\":3,\"name\":\"Carte d\u00e9coup\u00e9e \u2013 Le Go\u00fbter\"}]},{\"@type\":\"WebSite\",\"@id\":\"https:\/\/ohmondessin.com\/#website\",\"url\":\"https:\/\/ohmondessin.com\/\",\"name\":\"ohmondessin.com\",\"description\":\"De l\u2019illustration et du fait-main\",\"publisher\":{\"@id\":\"https:\/\/ohmondessin.com\/#organization\"},\"potentialAction\":[{\"@type\":\"SearchAction\",\"target\":{\"@type\":\"EntryPoint\",\"urlTemplate\":\"https:\/\/ohmondessin.com\/?s={search_term_string}\"},\"query-input\":{\"@type\":\"PropertyValueSpecification\",\"valueRequired\":true,\"valueName\":\"search_term_string\"}}],\"inLanguage\":\"fr-FR\"},{\"@type\":\"Organization\",\"@id\":\"https:\/\/ohmondessin.com\/#organization\",\"name\":\"ohmondessin.com\",\"url\":\"https:\/\/ohmondessin.com\/\",\"logo\":{\"@type\":\"ImageObject\",\"inLanguage\":\"fr-FR\",\"@id\":\"https:\/\/ohmondessin.com\/#\/schema\/logo\/image\/\",\"url\":\"https:\/\/ohmondessin.com\/wp-content\/uploads\/2023\/01\/logo_OHMD-dark.png\",\"contentUrl\":\"https:\/\/ohmondessin.com\/wp-content\/uploads\/2023\/01\/logo_OHMD-dark.png\",\"width\":500,\"height\":500,\"caption\":\"ohmondessin.com\"},\"image\":{\"@id\":\"https:\/\/ohmondessin.com\/#\/schema\/logo\/image\/\"},\"sameAs\":[\"https:\/\/www.facebook.com\/Ohmondessin\",\"https:\/\/www.instagram.com\/ohmondessin\/\"]}]}<\/script>\n<!-- \/ Yoast SEO plugin. -->","yoast_head_json":{"title":"Carte d\u00e9coup\u00e9e \u2013 Le Go\u00fbter - ohmondessin.com","description":"Cette carte d\u00e9coup\u00e9e \u00e9voque les instants doux du quotidien, ces pauses gourmandes partag\u00e9es. Elle est parfaite pour accompagner un mot amical, un remerciement.","robots":{"index":"index","follow":"follow","max-snippet":"max-snippet:-1","max-image-preview":"max-image-preview:large","max-video-preview":"max-video-preview:-1"},"canonical":"https:\/\/ohmondessin.com\/index.php\/product\/carte-decoupee-le-gouter\/","og_locale":"fr_FR","og_type":"article","og_title":"Carte d\u00e9coup\u00e9e \u2013 Le Go\u00fbter - ohmondessin.com","og_description":"Cette carte d\u00e9coup\u00e9e \u00e9voque les instants doux du quotidien, ces pauses gourmandes partag\u00e9es. Elle est parfaite pour accompagner un mot amical, un remerciement.","og_url":"https:\/\/ohmondessin.com\/index.php\/product\/carte-decoupee-le-gouter\/","og_site_name":"ohmondessin.com","article_publisher":"https:\/\/www.facebook.com\/Ohmondessin","article_modified_time":"2026-03-05T13:54:06+00:00","og_image":[{"width":2560,"height":2560,"url":"http:\/\/ohmondessin.com\/wp-content\/uploads\/2026\/03\/CP_Gouter3-scaled.jpg","type":"image\/jpeg"}],"twitter_card":"summary_large_image","twitter_misc":{"Dur\u00e9e de lecture estim\u00e9e":"1 minute"},"schema":{"@context":"https:\/\/schema.org","@graph":[{"@type":"WebPage","@id":"https:\/\/ohmondessin.com\/index.php\/product\/carte-decoupee-le-gouter\/","url":"https:\/\/ohmondessin.com\/index.php\/product\/carte-decoupee-le-gouter\/","name":"Carte d\u00e9coup\u00e9e \u2013 Le Go\u00fbter - ohmondessin.com","isPartOf":{"@id":"https:\/\/ohmondessin.com\/#website"},"primaryImageOfPage":{"@id":"https:\/\/ohmondessin.com\/index.php\/product\/carte-decoupee-le-gouter\/#primaryimage"},"image":{"@id":"https:\/\/ohmondessin.com\/index.php\/product\/carte-decoupee-le-gouter\/#primaryimage"},"thumbnailUrl":"https:\/\/ohmondessin.com\/wp-content\/uploads\/2026\/03\/CP_Gouter3-scaled.jpg","datePublished":"2026-03-05T13:10:30+00:00","dateModified":"2026-03-05T13:54:06+00:00","description":"Cette carte d\u00e9coup\u00e9e \u00e9voque les instants doux du quotidien, ces pauses gourmandes partag\u00e9es. Elle est parfaite pour accompagner un mot amical, un remerciement.","breadcrumb":{"@id":"https:\/\/ohmondessin.com\/index.php\/product\/carte-decoupee-le-gouter\/#breadcrumb"},"inLanguage":"fr-FR","potentialAction":[{"@type":"ReadAction","target":["https:\/\/ohmondessin.com\/index.php\/product\/carte-decoupee-le-gouter\/"]}]},{"@type":"ImageObject","inLanguage":"fr-FR","@id":"https:\/\/ohmondessin.com\/index.php\/product\/carte-decoupee-le-gouter\/#primaryimage","url":"https:\/\/ohmondessin.com\/wp-content\/uploads\/2026\/03\/CP_Gouter3-scaled.jpg","contentUrl":"https:\/\/ohmondessin.com\/wp-content\/uploads\/2026\/03\/CP_Gouter3-scaled.jpg","width":2560,"height":2560},{"@type":"BreadcrumbList","@id":"https:\/\/ohmondessin.com\/index.php\/product\/carte-decoupee-le-gouter\/#breadcrumb","itemListElement":[{"@type":"ListItem","position":1,"name":"Accueil","item":"https:\/\/ohmondessin.com\/"},{"@type":"ListItem","position":2,"name":"La boutique","item":"https:\/\/ohmondessin.com\/index.php\/la-boutique\/"},{"@type":"ListItem","position":3,"name":"Carte d\u00e9coup\u00e9e \u2013 Le Go\u00fbter"}]},{"@type":"WebSite","@id":"https:\/\/ohmondessin.com\/#website","url":"https:\/\/ohmondessin.com\/","name":"ohmondessin.com","description":"De l\u2019illustration et du fait-main","publisher":{"@id":"https:\/\/ohmondessin.com\/#organization"},"potentialAction":[{"@type":"SearchAction","target":{"@type":"EntryPoint","urlTemplate":"https:\/\/ohmondessin.com\/?s={search_term_string}"},"query-input":{"@type":"PropertyValueSpecification","valueRequired":true,"valueName":"search_term_string"}}],"inLanguage":"fr-FR"},{"@type":"Organization","@id":"https:\/\/ohmondessin.com\/#organization","name":"ohmondessin.com","url":"https:\/\/ohmondessin.com\/","logo":{"@type":"ImageObject","inLanguage":"fr-FR","@id":"https:\/\/ohmondessin.com\/#\/schema\/logo\/image\/","url":"https:\/\/ohmondessin.com\/wp-content\/uploads\/2023\/01\/logo_OHMD-dark.png","contentUrl":"https:\/\/ohmondessin.com\/wp-content\/uploads\/2023\/01\/logo_OHMD-dark.png","width":500,"height":500,"caption":"ohmondessin.com"},"image":{"@id":"https:\/\/ohmondessin.com\/#\/schema\/logo\/image\/"},"sameAs":["https:\/\/www.facebook.com\/Ohmondessin","https:\/\/www.instagram.com\/ohmondessin\/"]}]}},"jetpack_sharing_enabled":true,"_links":{"self":[{"href":"https:\/\/ohmondessin.com\/index.php\/wp-json\/wp\/v2\/product\/8254","targetHints":{"allow":["GET"]}}],"collection":[{"href":"https:\/\/ohmondessin.com\/index.php\/wp-json\/wp\/v2\/product"}],"about":[{"href":"https:\/\/ohmondessin.com\/index.php\/wp-json\/wp\/v2\/types\/product"}],"replies":[{"embeddable":true,"href":"https:\/\/ohmondessin.com\/index.php\/wp-json\/wp\/v2\/comments?post=8254"}],"wp:featuredmedia":[{"embeddable":true,"href":"https:\/\/ohmondessin.com\/index.php\/wp-json\/wp\/v2\/media\/8255"}],"wp:attachment":[{"href":"https:\/\/ohmondessin.com\/index.php\/wp-json\/wp\/v2\/media?parent=8254"}],"wp:term":[{"taxonomy":"product_brand","embeddable":true,"href":"https:\/\/ohmondessin.com\/index.php\/wp-json\/wp\/v2\/product_brand?post=8254"},{"taxonomy":"product_cat","embeddable":true,"href":"https:\/\/ohmondessin.com\/index.php\/wp-json\/wp\/v2\/product_cat?post=8254"},{"taxonomy":"product_tag","embeddable":true,"href":"https:\/\/ohmondessin.com\/index.php\/wp-json\/wp\/v2\/product_tag?post=8254"}],"curies":[{"name":"wp","href":"https:\/\/api.w.org\/{rel}","templated":true}]}}