{"id":8259,"date":"2026-03-05T13:44:26","date_gmt":"2026-03-05T13:44:26","guid":{"rendered":"https:\/\/ohmondessin.com\/?post_type=product&#038;p=8259"},"modified":"2026-03-05T13:50:53","modified_gmt":"2026-03-05T13:50:53","slug":"carte-decoupee-la-cigogne-naissance","status":"publish","type":"product","link":"https:\/\/ohmondessin.com\/index.php\/product\/carte-decoupee-la-cigogne-naissance\/","title":{"rendered":"Carte d\u00e9coup\u00e9e \u2013 La Cigogne (Naissance)"},"content":{"rendered":"<p data-start=\"523\" data-end=\"728\">\u2728 Illustration originale Oh ! Mon dessin, imprim\u00e9e sur papier \u00e9pais de qualit\u00e9.<\/p>\n<p data-start=\"523\" data-end=\"728\">\u2728 Vendue avec enveloppe kraft<\/p>\n<p data-start=\"523\" data-end=\"728\">\u2728 Format de la carte environ 10x15cm<\/p>\n<p data-start=\"523\" data-end=\"728\">\u2728 Imagin\u00e9e, dessin\u00e9e, imprim\u00e9e et d\u00e9coup\u00e9e dans les Yvelines en France<\/p>\n<p data-start=\"1014\" data-end=\"1126\">\n","protected":false},"excerpt":{"rendered":"<p data-start=\"1315\" data-end=\"1388\">La c\u00e9l\u00e8bre cigogne est pass\u00e9e\u2026 et elle apporte une merveilleuse nouvelle.<\/p>\n<p data-start=\"1390\" data-end=\"1574\">Dans son grand baluchon vert, un petit chaton tout doux arrive au monde, port\u00e9 d\u00e9licatement par la cigogne. Une sc\u00e8ne tendre et pleine de po\u00e9sie pour annoncer la naissance de b\u00e9b\u00e9.<\/p>\n<p data-start=\"1576\" data-end=\"1696\">Cette carte d\u00e9coup\u00e9e est id\u00e9ale pour partager la grande nouvelle avec ses proches ou accompagner un cadeau de naissance.<\/p>\n<p data-start=\"399\" data-end=\"528\"><span style=\"font-size: 16px;\">Imagin\u00e9e, dessin\u00e9e, imprim\u00e9e et d\u00e9coup\u00e9e dans les Yvelines en France.<\/span><\/p>\n","protected":false},"featured_media":8260,"comment_status":"open","ping_status":"closed","template":"","meta":[],"product_brand":[],"product_cat":[1090,719,725,720,726,722],"product_tag":[1494,1498,1495,1502,1496,1476,635,1499,1500,1493,1497,1501,1448,1347],"class_list":{"0":"post-8259","1":"product","2":"type-product","3":"status-publish","4":"has-post-thumbnail","6":"product_cat-affiches-cartes","7":"product_cat-carterie","8":"product_cat-collection-anniversaire-cartes-postales","9":"product_cat-cartes-naissance","10":"product_cat-collection-remerciement","11":"product_cat-toutes-les-cartes","12":"product_tag-carte-annonce-naissance","13":"product_tag-carte-bebe-illustree","14":"product_tag-carte-bebe-naissance","15":"product_tag-carte-cadeau-naissance","16":"product_tag-carte-cigogne-naissance","17":"product_tag-carte-illustree-originale","18":"product_tag-carte-naissance","19":"product_tag-carte-naissance-fille-garcon","20":"product_tag-carte-naissance-mignonne","21":"product_tag-carte-naissance-originale","22":"product_tag-faire-part-naissance-illustre","23":"product_tag-illustration-cigogne","24":"product_tag-papeterie-illustree","25":"product_tag-papeterie-naissance","26":"product_shipping_class-lettre-suivie","28":"first","29":"instock","30":"taxable","31":"shipping-taxable","32":"purchasable","33":"product-type-simple"},"yoast_head":"<!-- This site is optimized with the Yoast SEO plugin v24.6 - https:\/\/yoast.com\/wordpress\/plugins\/seo\/ -->\n<title>Carte d\u00e9coup\u00e9e \u2013 La Cigogne (Naissance) - ohmondessin.com<\/title>\n<meta name=\"description\" content=\"La carte d\u00e9coup\u00e9e est id\u00e9ale pour partager l&#039;arriv\u00e9e de b\u00e9b\u00e9 avec ses proches ou accompagner un cadeau de naissance.\" \/>\n<meta name=\"robots\" content=\"index, follow, max-snippet:-1, max-image-preview:large, max-video-preview:-1\" \/>\n<link rel=\"canonical\" href=\"https:\/\/ohmondessin.com\/index.php\/product\/carte-decoupee-la-cigogne-naissance\/\" \/>\n<meta property=\"og:locale\" content=\"fr_FR\" \/>\n<meta property=\"og:type\" content=\"article\" \/>\n<meta property=\"og:title\" content=\"Carte d\u00e9coup\u00e9e \u2013 La Cigogne (Naissance) - ohmondessin.com\" \/>\n<meta property=\"og:description\" content=\"La carte d\u00e9coup\u00e9e est id\u00e9ale pour partager l&#039;arriv\u00e9e de b\u00e9b\u00e9 avec ses proches ou accompagner un cadeau de naissance.\" \/>\n<meta property=\"og:url\" content=\"https:\/\/ohmondessin.com\/index.php\/product\/carte-decoupee-la-cigogne-naissance\/\" \/>\n<meta property=\"og:site_name\" content=\"ohmondessin.com\" \/>\n<meta property=\"article:publisher\" content=\"https:\/\/www.facebook.com\/Ohmondessin\" \/>\n<meta property=\"article:modified_time\" content=\"2026-03-05T13:50:53+00:00\" \/>\n<meta property=\"og:image\" content=\"http:\/\/ohmondessin.com\/wp-content\/uploads\/2026\/03\/CP_Naissance2-scaled.jpg\" \/>\n\t<meta property=\"og:image:width\" content=\"2560\" \/>\n\t<meta property=\"og:image:height\" content=\"2560\" \/>\n\t<meta property=\"og:image:type\" content=\"image\/jpeg\" \/>\n<meta name=\"twitter:card\" content=\"summary_large_image\" \/>\n<meta name=\"twitter:label1\" content=\"Dur\u00e9e de lecture estim\u00e9e\" \/>\n\t<meta name=\"twitter:data1\" content=\"1 minute\" \/>\n<script type=\"application\/ld+json\" class=\"yoast-schema-graph\">{\"@context\":\"https:\/\/schema.org\",\"@graph\":[{\"@type\":\"WebPage\",\"@id\":\"https:\/\/ohmondessin.com\/index.php\/product\/carte-decoupee-la-cigogne-naissance\/\",\"url\":\"https:\/\/ohmondessin.com\/index.php\/product\/carte-decoupee-la-cigogne-naissance\/\",\"name\":\"Carte d\u00e9coup\u00e9e \u2013 La Cigogne (Naissance) - ohmondessin.com\",\"isPartOf\":{\"@id\":\"https:\/\/ohmondessin.com\/#website\"},\"primaryImageOfPage\":{\"@id\":\"https:\/\/ohmondessin.com\/index.php\/product\/carte-decoupee-la-cigogne-naissance\/#primaryimage\"},\"image\":{\"@id\":\"https:\/\/ohmondessin.com\/index.php\/product\/carte-decoupee-la-cigogne-naissance\/#primaryimage\"},\"thumbnailUrl\":\"https:\/\/ohmondessin.com\/wp-content\/uploads\/2026\/03\/CP_Naissance2-scaled.jpg\",\"datePublished\":\"2026-03-05T13:44:26+00:00\",\"dateModified\":\"2026-03-05T13:50:53+00:00\",\"description\":\"La carte d\u00e9coup\u00e9e est id\u00e9ale pour partager l'arriv\u00e9e de b\u00e9b\u00e9 avec ses proches ou accompagner un cadeau de naissance.\",\"breadcrumb\":{\"@id\":\"https:\/\/ohmondessin.com\/index.php\/product\/carte-decoupee-la-cigogne-naissance\/#breadcrumb\"},\"inLanguage\":\"fr-FR\",\"potentialAction\":[{\"@type\":\"ReadAction\",\"target\":[\"https:\/\/ohmondessin.com\/index.php\/product\/carte-decoupee-la-cigogne-naissance\/\"]}]},{\"@type\":\"ImageObject\",\"inLanguage\":\"fr-FR\",\"@id\":\"https:\/\/ohmondessin.com\/index.php\/product\/carte-decoupee-la-cigogne-naissance\/#primaryimage\",\"url\":\"https:\/\/ohmondessin.com\/wp-content\/uploads\/2026\/03\/CP_Naissance2-scaled.jpg\",\"contentUrl\":\"https:\/\/ohmondessin.com\/wp-content\/uploads\/2026\/03\/CP_Naissance2-scaled.jpg\",\"width\":2560,\"height\":2560},{\"@type\":\"BreadcrumbList\",\"@id\":\"https:\/\/ohmondessin.com\/index.php\/product\/carte-decoupee-la-cigogne-naissance\/#breadcrumb\",\"itemListElement\":[{\"@type\":\"ListItem\",\"position\":1,\"name\":\"Accueil\",\"item\":\"https:\/\/ohmondessin.com\/\"},{\"@type\":\"ListItem\",\"position\":2,\"name\":\"La boutique\",\"item\":\"https:\/\/ohmondessin.com\/index.php\/la-boutique\/\"},{\"@type\":\"ListItem\",\"position\":3,\"name\":\"Carte d\u00e9coup\u00e9e \u2013 La Cigogne (Naissance)\"}]},{\"@type\":\"WebSite\",\"@id\":\"https:\/\/ohmondessin.com\/#website\",\"url\":\"https:\/\/ohmondessin.com\/\",\"name\":\"ohmondessin.com\",\"description\":\"De l\u2019illustration et du fait-main\",\"publisher\":{\"@id\":\"https:\/\/ohmondessin.com\/#organization\"},\"potentialAction\":[{\"@type\":\"SearchAction\",\"target\":{\"@type\":\"EntryPoint\",\"urlTemplate\":\"https:\/\/ohmondessin.com\/?s={search_term_string}\"},\"query-input\":{\"@type\":\"PropertyValueSpecification\",\"valueRequired\":true,\"valueName\":\"search_term_string\"}}],\"inLanguage\":\"fr-FR\"},{\"@type\":\"Organization\",\"@id\":\"https:\/\/ohmondessin.com\/#organization\",\"name\":\"ohmondessin.com\",\"url\":\"https:\/\/ohmondessin.com\/\",\"logo\":{\"@type\":\"ImageObject\",\"inLanguage\":\"fr-FR\",\"@id\":\"https:\/\/ohmondessin.com\/#\/schema\/logo\/image\/\",\"url\":\"https:\/\/ohmondessin.com\/wp-content\/uploads\/2023\/01\/logo_OHMD-dark.png\",\"contentUrl\":\"https:\/\/ohmondessin.com\/wp-content\/uploads\/2023\/01\/logo_OHMD-dark.png\",\"width\":500,\"height\":500,\"caption\":\"ohmondessin.com\"},\"image\":{\"@id\":\"https:\/\/ohmondessin.com\/#\/schema\/logo\/image\/\"},\"sameAs\":[\"https:\/\/www.facebook.com\/Ohmondessin\",\"https:\/\/www.instagram.com\/ohmondessin\/\"]}]}<\/script>\n<!-- \/ Yoast SEO plugin. -->","yoast_head_json":{"title":"Carte d\u00e9coup\u00e9e \u2013 La Cigogne (Naissance) - ohmondessin.com","description":"La carte d\u00e9coup\u00e9e est id\u00e9ale pour partager l'arriv\u00e9e de b\u00e9b\u00e9 avec ses proches ou accompagner un cadeau de naissance.","robots":{"index":"index","follow":"follow","max-snippet":"max-snippet:-1","max-image-preview":"max-image-preview:large","max-video-preview":"max-video-preview:-1"},"canonical":"https:\/\/ohmondessin.com\/index.php\/product\/carte-decoupee-la-cigogne-naissance\/","og_locale":"fr_FR","og_type":"article","og_title":"Carte d\u00e9coup\u00e9e \u2013 La Cigogne (Naissance) - ohmondessin.com","og_description":"La carte d\u00e9coup\u00e9e est id\u00e9ale pour partager l'arriv\u00e9e de b\u00e9b\u00e9 avec ses proches ou accompagner un cadeau de naissance.","og_url":"https:\/\/ohmondessin.com\/index.php\/product\/carte-decoupee-la-cigogne-naissance\/","og_site_name":"ohmondessin.com","article_publisher":"https:\/\/www.facebook.com\/Ohmondessin","article_modified_time":"2026-03-05T13:50:53+00:00","og_image":[{"width":2560,"height":2560,"url":"http:\/\/ohmondessin.com\/wp-content\/uploads\/2026\/03\/CP_Naissance2-scaled.jpg","type":"image\/jpeg"}],"twitter_card":"summary_large_image","twitter_misc":{"Dur\u00e9e de lecture estim\u00e9e":"1 minute"},"schema":{"@context":"https:\/\/schema.org","@graph":[{"@type":"WebPage","@id":"https:\/\/ohmondessin.com\/index.php\/product\/carte-decoupee-la-cigogne-naissance\/","url":"https:\/\/ohmondessin.com\/index.php\/product\/carte-decoupee-la-cigogne-naissance\/","name":"Carte d\u00e9coup\u00e9e \u2013 La Cigogne (Naissance) - ohmondessin.com","isPartOf":{"@id":"https:\/\/ohmondessin.com\/#website"},"primaryImageOfPage":{"@id":"https:\/\/ohmondessin.com\/index.php\/product\/carte-decoupee-la-cigogne-naissance\/#primaryimage"},"image":{"@id":"https:\/\/ohmondessin.com\/index.php\/product\/carte-decoupee-la-cigogne-naissance\/#primaryimage"},"thumbnailUrl":"https:\/\/ohmondessin.com\/wp-content\/uploads\/2026\/03\/CP_Naissance2-scaled.jpg","datePublished":"2026-03-05T13:44:26+00:00","dateModified":"2026-03-05T13:50:53+00:00","description":"La carte d\u00e9coup\u00e9e est id\u00e9ale pour partager l'arriv\u00e9e de b\u00e9b\u00e9 avec ses proches ou accompagner un cadeau de naissance.","breadcrumb":{"@id":"https:\/\/ohmondessin.com\/index.php\/product\/carte-decoupee-la-cigogne-naissance\/#breadcrumb"},"inLanguage":"fr-FR","potentialAction":[{"@type":"ReadAction","target":["https:\/\/ohmondessin.com\/index.php\/product\/carte-decoupee-la-cigogne-naissance\/"]}]},{"@type":"ImageObject","inLanguage":"fr-FR","@id":"https:\/\/ohmondessin.com\/index.php\/product\/carte-decoupee-la-cigogne-naissance\/#primaryimage","url":"https:\/\/ohmondessin.com\/wp-content\/uploads\/2026\/03\/CP_Naissance2-scaled.jpg","contentUrl":"https:\/\/ohmondessin.com\/wp-content\/uploads\/2026\/03\/CP_Naissance2-scaled.jpg","width":2560,"height":2560},{"@type":"BreadcrumbList","@id":"https:\/\/ohmondessin.com\/index.php\/product\/carte-decoupee-la-cigogne-naissance\/#breadcrumb","itemListElement":[{"@type":"ListItem","position":1,"name":"Accueil","item":"https:\/\/ohmondessin.com\/"},{"@type":"ListItem","position":2,"name":"La boutique","item":"https:\/\/ohmondessin.com\/index.php\/la-boutique\/"},{"@type":"ListItem","position":3,"name":"Carte d\u00e9coup\u00e9e \u2013 La Cigogne (Naissance)"}]},{"@type":"WebSite","@id":"https:\/\/ohmondessin.com\/#website","url":"https:\/\/ohmondessin.com\/","name":"ohmondessin.com","description":"De l\u2019illustration et du fait-main","publisher":{"@id":"https:\/\/ohmondessin.com\/#organization"},"potentialAction":[{"@type":"SearchAction","target":{"@type":"EntryPoint","urlTemplate":"https:\/\/ohmondessin.com\/?s={search_term_string}"},"query-input":{"@type":"PropertyValueSpecification","valueRequired":true,"valueName":"search_term_string"}}],"inLanguage":"fr-FR"},{"@type":"Organization","@id":"https:\/\/ohmondessin.com\/#organization","name":"ohmondessin.com","url":"https:\/\/ohmondessin.com\/","logo":{"@type":"ImageObject","inLanguage":"fr-FR","@id":"https:\/\/ohmondessin.com\/#\/schema\/logo\/image\/","url":"https:\/\/ohmondessin.com\/wp-content\/uploads\/2023\/01\/logo_OHMD-dark.png","contentUrl":"https:\/\/ohmondessin.com\/wp-content\/uploads\/2023\/01\/logo_OHMD-dark.png","width":500,"height":500,"caption":"ohmondessin.com"},"image":{"@id":"https:\/\/ohmondessin.com\/#\/schema\/logo\/image\/"},"sameAs":["https:\/\/www.facebook.com\/Ohmondessin","https:\/\/www.instagram.com\/ohmondessin\/"]}]}},"jetpack_sharing_enabled":true,"_links":{"self":[{"href":"https:\/\/ohmondessin.com\/index.php\/wp-json\/wp\/v2\/product\/8259","targetHints":{"allow":["GET"]}}],"collection":[{"href":"https:\/\/ohmondessin.com\/index.php\/wp-json\/wp\/v2\/product"}],"about":[{"href":"https:\/\/ohmondessin.com\/index.php\/wp-json\/wp\/v2\/types\/product"}],"replies":[{"embeddable":true,"href":"https:\/\/ohmondessin.com\/index.php\/wp-json\/wp\/v2\/comments?post=8259"}],"wp:featuredmedia":[{"embeddable":true,"href":"https:\/\/ohmondessin.com\/index.php\/wp-json\/wp\/v2\/media\/8260"}],"wp:attachment":[{"href":"https:\/\/ohmondessin.com\/index.php\/wp-json\/wp\/v2\/media?parent=8259"}],"wp:term":[{"taxonomy":"product_brand","embeddable":true,"href":"https:\/\/ohmondessin.com\/index.php\/wp-json\/wp\/v2\/product_brand?post=8259"},{"taxonomy":"product_cat","embeddable":true,"href":"https:\/\/ohmondessin.com\/index.php\/wp-json\/wp\/v2\/product_cat?post=8259"},{"taxonomy":"product_tag","embeddable":true,"href":"https:\/\/ohmondessin.com\/index.php\/wp-json\/wp\/v2\/product_tag?post=8259"}],"curies":[{"name":"wp","href":"https:\/\/api.w.org\/{rel}","templated":true}]}}