{"id":8292,"date":"2026-03-24T20:21:29","date_gmt":"2026-03-24T20:21:29","guid":{"rendered":"https:\/\/ohmondessin.com\/?post_type=product&#038;p=8292"},"modified":"2026-03-24T20:37:37","modified_gmt":"2026-03-24T20:37:37","slug":"bloc-notes-a-table","status":"publish","type":"product","link":"https:\/\/ohmondessin.com\/index.php\/product\/bloc-notes-a-table\/","title":{"rendered":"Bloc-notes &#8211; \u00c0 table !"},"content":{"rendered":"<dl class=\"flowtabs product-tab\" data-settings=\"{&quot;height&quot;:true}\">\n<dd class=\"tab1 tabs-block active\">\n<dl class=\"flowtabs product-tab\" data-settings=\"{&quot;height&quot;:true}\">\n<dd class=\"tab1 tabs-block active\">\u2728 Bloc-notes de 50 feuillets, format 10,5 x 14,8 cm<\/p>\n<p>\u2728 Fabrication fran\u00e7aise sur papier offset recycl\u00e9, encollage dos et dos carton<\/p>\n<p>\u2728 50 feuillets pour noter les choses importantes de votre quotidien<\/dd>\n<\/dl>\n<p>&nbsp;<\/dd>\n<\/dl>\n","protected":false},"excerpt":{"rendered":"<p data-start=\"88\" data-end=\"207\">Un joli bloc-notes \u00ab \u00c0 table ! \u00bb pens\u00e9 pour accompagner votre organisation en cuisine au quotidien.<\/p>\n<p data-start=\"209\" data-end=\"380\">Id\u00e9al pour noter vos listes de courses, imaginer vos menus de la semaine ou garder sous la main vos id\u00e9es recettes, il devient vite un indispensable pratique et inspirant.<\/p>\n<p data-start=\"602\" data-end=\"680\">Le bloc-notes \u00ab \u00c0 table ! \u00bb a \u00e9t\u00e9 con\u00e7u et produit de mani\u00e8re \u00e9co-responsable, fabriqu\u00e9 en France sur un papier offset non couch\u00e9 de qualit\u00e9.<\/p>\n","protected":false},"featured_media":8295,"comment_status":"open","ping_status":"closed","template":"","meta":[],"product_brand":[],"product_cat":[729,986],"product_tag":[1025,1522,1523,1519,982,968,967,969,1524,1521,1520,970,1525],"class_list":{"0":"post-8292","1":"product","2":"type-product","3":"status-publish","4":"has-post-thumbnail","6":"product_cat-papeterie","7":"product_cat-blocs-notes","8":"product_tag-bloc-notes-cuisine","9":"product_tag-bloc-notes-a-table","10":"product_tag-bloc-notes-mimosa","11":"product_tag-carnet-cuisine","12":"product_tag-carnet-de-notes","13":"product_tag-carnet-fait-en-france","14":"product_tag-carnet-papeterie","15":"product_tag-eco-responsable","16":"product_tag-illustration-a-table","17":"product_tag-illustration-mimosa","18":"product_tag-papeterie-cuisine","19":"product_tag-papier-recycle","20":"product_tag-recette-cuisine","22":"first","23":"instock","24":"purchasable","25":"product-type-simple"},"yoast_head":"<!-- This site is optimized with the Yoast SEO plugin v24.6 - https:\/\/yoast.com\/wordpress\/plugins\/seo\/ -->\n<title>Bloc-notes - \u00c0 table ! - ohmondessin.com<\/title>\n<meta name=\"description\" content=\"Un joli bloc-notes \u00ab \u00c0 table ! \u00bb pens\u00e9 pour accompagner votre organisation en cuisine au quotidien.\" \/>\n<meta name=\"robots\" content=\"index, follow, max-snippet:-1, max-image-preview:large, max-video-preview:-1\" \/>\n<link rel=\"canonical\" href=\"https:\/\/ohmondessin.com\/index.php\/product\/bloc-notes-a-table\/\" \/>\n<meta property=\"og:locale\" content=\"fr_FR\" \/>\n<meta property=\"og:type\" content=\"article\" \/>\n<meta property=\"og:title\" content=\"Bloc-notes - \u00c0 table ! - ohmondessin.com\" \/>\n<meta property=\"og:description\" content=\"Un joli bloc-notes \u00ab \u00c0 table ! \u00bb pens\u00e9 pour accompagner votre organisation en cuisine au quotidien.\" \/>\n<meta property=\"og:url\" content=\"https:\/\/ohmondessin.com\/index.php\/product\/bloc-notes-a-table\/\" \/>\n<meta property=\"og:site_name\" content=\"ohmondessin.com\" \/>\n<meta property=\"article:publisher\" content=\"https:\/\/www.facebook.com\/Ohmondessin\" \/>\n<meta property=\"article:modified_time\" content=\"2026-03-24T20:37:37+00:00\" \/>\n<meta property=\"og:image\" content=\"http:\/\/ohmondessin.com\/wp-content\/uploads\/2026\/03\/Bloc-Notes-a-table-1-scaled.jpg\" \/>\n\t<meta property=\"og:image:width\" content=\"2560\" \/>\n\t<meta property=\"og:image:height\" content=\"2560\" \/>\n\t<meta property=\"og:image:type\" content=\"image\/jpeg\" \/>\n<meta name=\"twitter:card\" content=\"summary_large_image\" \/>\n<meta name=\"twitter:label1\" content=\"Dur\u00e9e de lecture estim\u00e9e\" \/>\n\t<meta name=\"twitter:data1\" content=\"1 minute\" \/>\n<script type=\"application\/ld+json\" class=\"yoast-schema-graph\">{\"@context\":\"https:\/\/schema.org\",\"@graph\":[{\"@type\":\"WebPage\",\"@id\":\"https:\/\/ohmondessin.com\/index.php\/product\/bloc-notes-a-table\/\",\"url\":\"https:\/\/ohmondessin.com\/index.php\/product\/bloc-notes-a-table\/\",\"name\":\"Bloc-notes - \u00c0 table ! - ohmondessin.com\",\"isPartOf\":{\"@id\":\"https:\/\/ohmondessin.com\/#website\"},\"primaryImageOfPage\":{\"@id\":\"https:\/\/ohmondessin.com\/index.php\/product\/bloc-notes-a-table\/#primaryimage\"},\"image\":{\"@id\":\"https:\/\/ohmondessin.com\/index.php\/product\/bloc-notes-a-table\/#primaryimage\"},\"thumbnailUrl\":\"https:\/\/ohmondessin.com\/wp-content\/uploads\/2026\/03\/Bloc-Notes-a-table-1-scaled.jpg\",\"datePublished\":\"2026-03-24T20:21:29+00:00\",\"dateModified\":\"2026-03-24T20:37:37+00:00\",\"description\":\"Un joli bloc-notes \u00ab \u00c0 table ! \u00bb pens\u00e9 pour accompagner votre organisation en cuisine au quotidien.\",\"breadcrumb\":{\"@id\":\"https:\/\/ohmondessin.com\/index.php\/product\/bloc-notes-a-table\/#breadcrumb\"},\"inLanguage\":\"fr-FR\",\"potentialAction\":[{\"@type\":\"ReadAction\",\"target\":[\"https:\/\/ohmondessin.com\/index.php\/product\/bloc-notes-a-table\/\"]}]},{\"@type\":\"ImageObject\",\"inLanguage\":\"fr-FR\",\"@id\":\"https:\/\/ohmondessin.com\/index.php\/product\/bloc-notes-a-table\/#primaryimage\",\"url\":\"https:\/\/ohmondessin.com\/wp-content\/uploads\/2026\/03\/Bloc-Notes-a-table-1-scaled.jpg\",\"contentUrl\":\"https:\/\/ohmondessin.com\/wp-content\/uploads\/2026\/03\/Bloc-Notes-a-table-1-scaled.jpg\",\"width\":2560,\"height\":2560},{\"@type\":\"BreadcrumbList\",\"@id\":\"https:\/\/ohmondessin.com\/index.php\/product\/bloc-notes-a-table\/#breadcrumb\",\"itemListElement\":[{\"@type\":\"ListItem\",\"position\":1,\"name\":\"Accueil\",\"item\":\"https:\/\/ohmondessin.com\/\"},{\"@type\":\"ListItem\",\"position\":2,\"name\":\"La boutique\",\"item\":\"https:\/\/ohmondessin.com\/index.php\/la-boutique\/\"},{\"@type\":\"ListItem\",\"position\":3,\"name\":\"Bloc-notes &#8211; \u00c0 table !\"}]},{\"@type\":\"WebSite\",\"@id\":\"https:\/\/ohmondessin.com\/#website\",\"url\":\"https:\/\/ohmondessin.com\/\",\"name\":\"ohmondessin.com\",\"description\":\"De l\u2019illustration et du fait-main\",\"publisher\":{\"@id\":\"https:\/\/ohmondessin.com\/#organization\"},\"potentialAction\":[{\"@type\":\"SearchAction\",\"target\":{\"@type\":\"EntryPoint\",\"urlTemplate\":\"https:\/\/ohmondessin.com\/?s={search_term_string}\"},\"query-input\":{\"@type\":\"PropertyValueSpecification\",\"valueRequired\":true,\"valueName\":\"search_term_string\"}}],\"inLanguage\":\"fr-FR\"},{\"@type\":\"Organization\",\"@id\":\"https:\/\/ohmondessin.com\/#organization\",\"name\":\"ohmondessin.com\",\"url\":\"https:\/\/ohmondessin.com\/\",\"logo\":{\"@type\":\"ImageObject\",\"inLanguage\":\"fr-FR\",\"@id\":\"https:\/\/ohmondessin.com\/#\/schema\/logo\/image\/\",\"url\":\"https:\/\/ohmondessin.com\/wp-content\/uploads\/2023\/01\/logo_OHMD-dark.png\",\"contentUrl\":\"https:\/\/ohmondessin.com\/wp-content\/uploads\/2023\/01\/logo_OHMD-dark.png\",\"width\":500,\"height\":500,\"caption\":\"ohmondessin.com\"},\"image\":{\"@id\":\"https:\/\/ohmondessin.com\/#\/schema\/logo\/image\/\"},\"sameAs\":[\"https:\/\/www.facebook.com\/Ohmondessin\",\"https:\/\/www.instagram.com\/ohmondessin\/\"]}]}<\/script>\n<!-- \/ Yoast SEO plugin. -->","yoast_head_json":{"title":"Bloc-notes - \u00c0 table ! - ohmondessin.com","description":"Un joli bloc-notes \u00ab \u00c0 table ! \u00bb pens\u00e9 pour accompagner votre organisation en cuisine au quotidien.","robots":{"index":"index","follow":"follow","max-snippet":"max-snippet:-1","max-image-preview":"max-image-preview:large","max-video-preview":"max-video-preview:-1"},"canonical":"https:\/\/ohmondessin.com\/index.php\/product\/bloc-notes-a-table\/","og_locale":"fr_FR","og_type":"article","og_title":"Bloc-notes - \u00c0 table ! - ohmondessin.com","og_description":"Un joli bloc-notes \u00ab \u00c0 table ! \u00bb pens\u00e9 pour accompagner votre organisation en cuisine au quotidien.","og_url":"https:\/\/ohmondessin.com\/index.php\/product\/bloc-notes-a-table\/","og_site_name":"ohmondessin.com","article_publisher":"https:\/\/www.facebook.com\/Ohmondessin","article_modified_time":"2026-03-24T20:37:37+00:00","og_image":[{"width":2560,"height":2560,"url":"http:\/\/ohmondessin.com\/wp-content\/uploads\/2026\/03\/Bloc-Notes-a-table-1-scaled.jpg","type":"image\/jpeg"}],"twitter_card":"summary_large_image","twitter_misc":{"Dur\u00e9e de lecture estim\u00e9e":"1 minute"},"schema":{"@context":"https:\/\/schema.org","@graph":[{"@type":"WebPage","@id":"https:\/\/ohmondessin.com\/index.php\/product\/bloc-notes-a-table\/","url":"https:\/\/ohmondessin.com\/index.php\/product\/bloc-notes-a-table\/","name":"Bloc-notes - \u00c0 table ! - ohmondessin.com","isPartOf":{"@id":"https:\/\/ohmondessin.com\/#website"},"primaryImageOfPage":{"@id":"https:\/\/ohmondessin.com\/index.php\/product\/bloc-notes-a-table\/#primaryimage"},"image":{"@id":"https:\/\/ohmondessin.com\/index.php\/product\/bloc-notes-a-table\/#primaryimage"},"thumbnailUrl":"https:\/\/ohmondessin.com\/wp-content\/uploads\/2026\/03\/Bloc-Notes-a-table-1-scaled.jpg","datePublished":"2026-03-24T20:21:29+00:00","dateModified":"2026-03-24T20:37:37+00:00","description":"Un joli bloc-notes \u00ab \u00c0 table ! \u00bb pens\u00e9 pour accompagner votre organisation en cuisine au quotidien.","breadcrumb":{"@id":"https:\/\/ohmondessin.com\/index.php\/product\/bloc-notes-a-table\/#breadcrumb"},"inLanguage":"fr-FR","potentialAction":[{"@type":"ReadAction","target":["https:\/\/ohmondessin.com\/index.php\/product\/bloc-notes-a-table\/"]}]},{"@type":"ImageObject","inLanguage":"fr-FR","@id":"https:\/\/ohmondessin.com\/index.php\/product\/bloc-notes-a-table\/#primaryimage","url":"https:\/\/ohmondessin.com\/wp-content\/uploads\/2026\/03\/Bloc-Notes-a-table-1-scaled.jpg","contentUrl":"https:\/\/ohmondessin.com\/wp-content\/uploads\/2026\/03\/Bloc-Notes-a-table-1-scaled.jpg","width":2560,"height":2560},{"@type":"BreadcrumbList","@id":"https:\/\/ohmondessin.com\/index.php\/product\/bloc-notes-a-table\/#breadcrumb","itemListElement":[{"@type":"ListItem","position":1,"name":"Accueil","item":"https:\/\/ohmondessin.com\/"},{"@type":"ListItem","position":2,"name":"La boutique","item":"https:\/\/ohmondessin.com\/index.php\/la-boutique\/"},{"@type":"ListItem","position":3,"name":"Bloc-notes &#8211; \u00c0 table !"}]},{"@type":"WebSite","@id":"https:\/\/ohmondessin.com\/#website","url":"https:\/\/ohmondessin.com\/","name":"ohmondessin.com","description":"De l\u2019illustration et du fait-main","publisher":{"@id":"https:\/\/ohmondessin.com\/#organization"},"potentialAction":[{"@type":"SearchAction","target":{"@type":"EntryPoint","urlTemplate":"https:\/\/ohmondessin.com\/?s={search_term_string}"},"query-input":{"@type":"PropertyValueSpecification","valueRequired":true,"valueName":"search_term_string"}}],"inLanguage":"fr-FR"},{"@type":"Organization","@id":"https:\/\/ohmondessin.com\/#organization","name":"ohmondessin.com","url":"https:\/\/ohmondessin.com\/","logo":{"@type":"ImageObject","inLanguage":"fr-FR","@id":"https:\/\/ohmondessin.com\/#\/schema\/logo\/image\/","url":"https:\/\/ohmondessin.com\/wp-content\/uploads\/2023\/01\/logo_OHMD-dark.png","contentUrl":"https:\/\/ohmondessin.com\/wp-content\/uploads\/2023\/01\/logo_OHMD-dark.png","width":500,"height":500,"caption":"ohmondessin.com"},"image":{"@id":"https:\/\/ohmondessin.com\/#\/schema\/logo\/image\/"},"sameAs":["https:\/\/www.facebook.com\/Ohmondessin","https:\/\/www.instagram.com\/ohmondessin\/"]}]}},"jetpack_sharing_enabled":true,"_links":{"self":[{"href":"https:\/\/ohmondessin.com\/index.php\/wp-json\/wp\/v2\/product\/8292","targetHints":{"allow":["GET"]}}],"collection":[{"href":"https:\/\/ohmondessin.com\/index.php\/wp-json\/wp\/v2\/product"}],"about":[{"href":"https:\/\/ohmondessin.com\/index.php\/wp-json\/wp\/v2\/types\/product"}],"replies":[{"embeddable":true,"href":"https:\/\/ohmondessin.com\/index.php\/wp-json\/wp\/v2\/comments?post=8292"}],"wp:featuredmedia":[{"embeddable":true,"href":"https:\/\/ohmondessin.com\/index.php\/wp-json\/wp\/v2\/media\/8295"}],"wp:attachment":[{"href":"https:\/\/ohmondessin.com\/index.php\/wp-json\/wp\/v2\/media?parent=8292"}],"wp:term":[{"taxonomy":"product_brand","embeddable":true,"href":"https:\/\/ohmondessin.com\/index.php\/wp-json\/wp\/v2\/product_brand?post=8292"},{"taxonomy":"product_cat","embeddable":true,"href":"https:\/\/ohmondessin.com\/index.php\/wp-json\/wp\/v2\/product_cat?post=8292"},{"taxonomy":"product_tag","embeddable":true,"href":"https:\/\/ohmondessin.com\/index.php\/wp-json\/wp\/v2\/product_tag?post=8292"}],"curies":[{"name":"wp","href":"https:\/\/api.w.org\/{rel}","templated":true}]}}