{"id":8313,"date":"2026-04-21T14:11:55","date_gmt":"2026-04-21T14:11:55","guid":{"rendered":"https:\/\/ohmondessin.com\/?post_type=product&#038;p=8313"},"modified":"2026-04-21T15:03:28","modified_gmt":"2026-04-21T15:03:28","slug":"affiche-le-libraire","status":"publish","type":"product","link":"https:\/\/ohmondessin.com\/index.php\/product\/affiche-le-libraire\/","title":{"rendered":"Affiche \u00ab\u00a0Le Libraire\u00a0\u00bb"},"content":{"rendered":"<p>\u2728 3 formats disponibles : A5, A4 et A3<\/p>\n<p>\u2728 Fabrication fran\u00e7aise sur papier mate premium 210 g\/m\u00b2<\/p>\n<p>\u2728 Affiche pr\u00eate \u00e0 \u00eatre encadr\u00e9e<\/p>\n<p>\u2728 Toutes les commandes sont soigneusement emball\u00e9es avec amour et exp\u00e9di\u00e9es avec un suivi.<\/p>\n<p>Les tons de l&rsquo;illustration peuvent varier entre l&rsquo;impression et l&rsquo;aper\u00e7u sur votre \u00e9cran.<\/p>\n","protected":false},"excerpt":{"rendered":"<p>L&rsquo;affiche \u00ab\u00a0Le Libraire\u00a0\u00bb est disponible en plusieurs formats : A5, A4 et A3.<\/p>\n<p>Dans une librairie chaleureuse et pleine de vie, un chat libraire vous accueille, entour\u00e9 d\u2019\u00e9tag\u00e8res d\u00e9bordantes de livres et de tr\u00e9sors \u00e0 d\u00e9couvrir.<\/p>\n<p>Chaque impression est r\u00e9alis\u00e9e dans mon atelier \u00e0 Maisons-Laffitte (78).<\/p>\n","protected":false},"featured_media":8323,"comment_status":"open","ping_status":"closed","template":"","meta":[],"product_brand":[],"product_cat":[1235,745,746],"product_tag":[105,1184,1183,112,1538,1537,525,139,1542,1185,1186,1539,1540,1541,521,1140,501],"class_list":{"0":"post-8313","1":"product","2":"type-product","3":"status-publish","4":"has-post-thumbnail","6":"product_cat-guide-cadeaux-de-noel","7":"product_cat-affiches","8":"product_cat-toutes-les-affiches","9":"product_tag-affiche","10":"product_tag-affiche-boutique","11":"product_tag-affiche-devanture","12":"product_tag-affiche-france","13":"product_tag-affiche-libraire","14":"product_tag-affiche-librairie","15":"product_tag-cadeau-orginal","16":"product_tag-fait-main","17":"product_tag-illustration-bibliotheque","18":"product_tag-illustration-boutique","19":"product_tag-illustration-boutique-vintage","20":"product_tag-illustration-le-libraire","21":"product_tag-illustration-librairie","22":"product_tag-illustration-livres","23":"product_tag-illustration-personnalisee","24":"product_tag-portrait-chat","25":"product_tag-poster-chat","26":"product_shipping_class-lettre-suivie","28":"first","29":"instock","30":"taxable","31":"shipping-taxable","32":"purchasable","33":"product-type-variable"},"yoast_head":"<!-- This site is optimized with the Yoast SEO plugin v24.6 - https:\/\/yoast.com\/wordpress\/plugins\/seo\/ -->\n<title>Affiche &quot;Le Libraire&quot; - ohmondessin.com<\/title>\n<meta name=\"robots\" content=\"index, follow, max-snippet:-1, max-image-preview:large, max-video-preview:-1\" \/>\n<link rel=\"canonical\" href=\"https:\/\/ohmondessin.com\/index.php\/product\/affiche-le-libraire\/\" \/>\n<meta property=\"og:locale\" content=\"fr_FR\" \/>\n<meta property=\"og:type\" content=\"article\" \/>\n<meta property=\"og:title\" content=\"Affiche &quot;Le Libraire&quot; - ohmondessin.com\" \/>\n<meta property=\"og:description\" content=\"L&#039;affiche &quot;Le Libraire&quot; est disponible en plusieurs formats : A5, A4 et A3.  Dans une librairie chaleureuse et pleine de vie, un chat libraire vous accueille, entour\u00e9 d\u2019\u00e9tag\u00e8res d\u00e9bordantes de livres et de tr\u00e9sors \u00e0 d\u00e9couvrir.  Chaque impression est r\u00e9alis\u00e9e dans mon atelier \u00e0 Maisons-Laffitte (78).\" \/>\n<meta property=\"og:url\" content=\"https:\/\/ohmondessin.com\/index.php\/product\/affiche-le-libraire\/\" \/>\n<meta property=\"og:site_name\" content=\"ohmondessin.com\" \/>\n<meta property=\"article:publisher\" content=\"https:\/\/www.facebook.com\/Ohmondessin\" \/>\n<meta property=\"article:modified_time\" content=\"2026-04-21T15:03:28+00:00\" \/>\n<meta property=\"og:image\" content=\"http:\/\/ohmondessin.com\/wp-content\/uploads\/2026\/04\/Affiche-leLibraire-Frame3.jpg\" \/>\n\t<meta property=\"og:image:width\" content=\"1200\" \/>\n\t<meta property=\"og:image:height\" content=\"1200\" \/>\n\t<meta property=\"og:image:type\" content=\"image\/jpeg\" \/>\n<meta name=\"twitter:card\" content=\"summary_large_image\" \/>\n<meta name=\"twitter:label1\" content=\"Dur\u00e9e de lecture estim\u00e9e\" \/>\n\t<meta name=\"twitter:data1\" content=\"1 minute\" \/>\n<script type=\"application\/ld+json\" class=\"yoast-schema-graph\">{\"@context\":\"https:\/\/schema.org\",\"@graph\":[{\"@type\":\"WebPage\",\"@id\":\"https:\/\/ohmondessin.com\/index.php\/product\/affiche-le-libraire\/\",\"url\":\"https:\/\/ohmondessin.com\/index.php\/product\/affiche-le-libraire\/\",\"name\":\"Affiche \\\"Le Libraire\\\" - ohmondessin.com\",\"isPartOf\":{\"@id\":\"https:\/\/ohmondessin.com\/#website\"},\"primaryImageOfPage\":{\"@id\":\"https:\/\/ohmondessin.com\/index.php\/product\/affiche-le-libraire\/#primaryimage\"},\"image\":{\"@id\":\"https:\/\/ohmondessin.com\/index.php\/product\/affiche-le-libraire\/#primaryimage\"},\"thumbnailUrl\":\"https:\/\/ohmondessin.com\/wp-content\/uploads\/2026\/04\/Affiche-leLibraire-Frame3.jpg\",\"datePublished\":\"2026-04-21T14:11:55+00:00\",\"dateModified\":\"2026-04-21T15:03:28+00:00\",\"breadcrumb\":{\"@id\":\"https:\/\/ohmondessin.com\/index.php\/product\/affiche-le-libraire\/#breadcrumb\"},\"inLanguage\":\"fr-FR\",\"potentialAction\":[{\"@type\":\"ReadAction\",\"target\":[\"https:\/\/ohmondessin.com\/index.php\/product\/affiche-le-libraire\/\"]}]},{\"@type\":\"ImageObject\",\"inLanguage\":\"fr-FR\",\"@id\":\"https:\/\/ohmondessin.com\/index.php\/product\/affiche-le-libraire\/#primaryimage\",\"url\":\"https:\/\/ohmondessin.com\/wp-content\/uploads\/2026\/04\/Affiche-leLibraire-Frame3.jpg\",\"contentUrl\":\"https:\/\/ohmondessin.com\/wp-content\/uploads\/2026\/04\/Affiche-leLibraire-Frame3.jpg\",\"width\":1200,\"height\":1200},{\"@type\":\"BreadcrumbList\",\"@id\":\"https:\/\/ohmondessin.com\/index.php\/product\/affiche-le-libraire\/#breadcrumb\",\"itemListElement\":[{\"@type\":\"ListItem\",\"position\":1,\"name\":\"Accueil\",\"item\":\"https:\/\/ohmondessin.com\/\"},{\"@type\":\"ListItem\",\"position\":2,\"name\":\"La boutique\",\"item\":\"https:\/\/ohmondessin.com\/index.php\/la-boutique\/\"},{\"@type\":\"ListItem\",\"position\":3,\"name\":\"Affiche \u00ab\u00a0Le Libraire\u00a0\u00bb\"}]},{\"@type\":\"WebSite\",\"@id\":\"https:\/\/ohmondessin.com\/#website\",\"url\":\"https:\/\/ohmondessin.com\/\",\"name\":\"ohmondessin.com\",\"description\":\"De l\u2019illustration et du fait-main\",\"publisher\":{\"@id\":\"https:\/\/ohmondessin.com\/#organization\"},\"potentialAction\":[{\"@type\":\"SearchAction\",\"target\":{\"@type\":\"EntryPoint\",\"urlTemplate\":\"https:\/\/ohmondessin.com\/?s={search_term_string}\"},\"query-input\":{\"@type\":\"PropertyValueSpecification\",\"valueRequired\":true,\"valueName\":\"search_term_string\"}}],\"inLanguage\":\"fr-FR\"},{\"@type\":\"Organization\",\"@id\":\"https:\/\/ohmondessin.com\/#organization\",\"name\":\"ohmondessin.com\",\"url\":\"https:\/\/ohmondessin.com\/\",\"logo\":{\"@type\":\"ImageObject\",\"inLanguage\":\"fr-FR\",\"@id\":\"https:\/\/ohmondessin.com\/#\/schema\/logo\/image\/\",\"url\":\"https:\/\/ohmondessin.com\/wp-content\/uploads\/2023\/01\/logo_OHMD-dark.png\",\"contentUrl\":\"https:\/\/ohmondessin.com\/wp-content\/uploads\/2023\/01\/logo_OHMD-dark.png\",\"width\":500,\"height\":500,\"caption\":\"ohmondessin.com\"},\"image\":{\"@id\":\"https:\/\/ohmondessin.com\/#\/schema\/logo\/image\/\"},\"sameAs\":[\"https:\/\/www.facebook.com\/Ohmondessin\",\"https:\/\/www.instagram.com\/ohmondessin\/\"]}]}<\/script>\n<!-- \/ Yoast SEO plugin. -->","yoast_head_json":{"title":"Affiche \"Le Libraire\" - ohmondessin.com","robots":{"index":"index","follow":"follow","max-snippet":"max-snippet:-1","max-image-preview":"max-image-preview:large","max-video-preview":"max-video-preview:-1"},"canonical":"https:\/\/ohmondessin.com\/index.php\/product\/affiche-le-libraire\/","og_locale":"fr_FR","og_type":"article","og_title":"Affiche \"Le Libraire\" - ohmondessin.com","og_description":"L'affiche \"Le Libraire\" est disponible en plusieurs formats : A5, A4 et A3.  Dans une librairie chaleureuse et pleine de vie, un chat libraire vous accueille, entour\u00e9 d\u2019\u00e9tag\u00e8res d\u00e9bordantes de livres et de tr\u00e9sors \u00e0 d\u00e9couvrir.  Chaque impression est r\u00e9alis\u00e9e dans mon atelier \u00e0 Maisons-Laffitte (78).","og_url":"https:\/\/ohmondessin.com\/index.php\/product\/affiche-le-libraire\/","og_site_name":"ohmondessin.com","article_publisher":"https:\/\/www.facebook.com\/Ohmondessin","article_modified_time":"2026-04-21T15:03:28+00:00","og_image":[{"width":1200,"height":1200,"url":"http:\/\/ohmondessin.com\/wp-content\/uploads\/2026\/04\/Affiche-leLibraire-Frame3.jpg","type":"image\/jpeg"}],"twitter_card":"summary_large_image","twitter_misc":{"Dur\u00e9e de lecture estim\u00e9e":"1 minute"},"schema":{"@context":"https:\/\/schema.org","@graph":[{"@type":"WebPage","@id":"https:\/\/ohmondessin.com\/index.php\/product\/affiche-le-libraire\/","url":"https:\/\/ohmondessin.com\/index.php\/product\/affiche-le-libraire\/","name":"Affiche \"Le Libraire\" - ohmondessin.com","isPartOf":{"@id":"https:\/\/ohmondessin.com\/#website"},"primaryImageOfPage":{"@id":"https:\/\/ohmondessin.com\/index.php\/product\/affiche-le-libraire\/#primaryimage"},"image":{"@id":"https:\/\/ohmondessin.com\/index.php\/product\/affiche-le-libraire\/#primaryimage"},"thumbnailUrl":"https:\/\/ohmondessin.com\/wp-content\/uploads\/2026\/04\/Affiche-leLibraire-Frame3.jpg","datePublished":"2026-04-21T14:11:55+00:00","dateModified":"2026-04-21T15:03:28+00:00","breadcrumb":{"@id":"https:\/\/ohmondessin.com\/index.php\/product\/affiche-le-libraire\/#breadcrumb"},"inLanguage":"fr-FR","potentialAction":[{"@type":"ReadAction","target":["https:\/\/ohmondessin.com\/index.php\/product\/affiche-le-libraire\/"]}]},{"@type":"ImageObject","inLanguage":"fr-FR","@id":"https:\/\/ohmondessin.com\/index.php\/product\/affiche-le-libraire\/#primaryimage","url":"https:\/\/ohmondessin.com\/wp-content\/uploads\/2026\/04\/Affiche-leLibraire-Frame3.jpg","contentUrl":"https:\/\/ohmondessin.com\/wp-content\/uploads\/2026\/04\/Affiche-leLibraire-Frame3.jpg","width":1200,"height":1200},{"@type":"BreadcrumbList","@id":"https:\/\/ohmondessin.com\/index.php\/product\/affiche-le-libraire\/#breadcrumb","itemListElement":[{"@type":"ListItem","position":1,"name":"Accueil","item":"https:\/\/ohmondessin.com\/"},{"@type":"ListItem","position":2,"name":"La boutique","item":"https:\/\/ohmondessin.com\/index.php\/la-boutique\/"},{"@type":"ListItem","position":3,"name":"Affiche \u00ab\u00a0Le Libraire\u00a0\u00bb"}]},{"@type":"WebSite","@id":"https:\/\/ohmondessin.com\/#website","url":"https:\/\/ohmondessin.com\/","name":"ohmondessin.com","description":"De l\u2019illustration et du fait-main","publisher":{"@id":"https:\/\/ohmondessin.com\/#organization"},"potentialAction":[{"@type":"SearchAction","target":{"@type":"EntryPoint","urlTemplate":"https:\/\/ohmondessin.com\/?s={search_term_string}"},"query-input":{"@type":"PropertyValueSpecification","valueRequired":true,"valueName":"search_term_string"}}],"inLanguage":"fr-FR"},{"@type":"Organization","@id":"https:\/\/ohmondessin.com\/#organization","name":"ohmondessin.com","url":"https:\/\/ohmondessin.com\/","logo":{"@type":"ImageObject","inLanguage":"fr-FR","@id":"https:\/\/ohmondessin.com\/#\/schema\/logo\/image\/","url":"https:\/\/ohmondessin.com\/wp-content\/uploads\/2023\/01\/logo_OHMD-dark.png","contentUrl":"https:\/\/ohmondessin.com\/wp-content\/uploads\/2023\/01\/logo_OHMD-dark.png","width":500,"height":500,"caption":"ohmondessin.com"},"image":{"@id":"https:\/\/ohmondessin.com\/#\/schema\/logo\/image\/"},"sameAs":["https:\/\/www.facebook.com\/Ohmondessin","https:\/\/www.instagram.com\/ohmondessin\/"]}]}},"jetpack_sharing_enabled":true,"_links":{"self":[{"href":"https:\/\/ohmondessin.com\/index.php\/wp-json\/wp\/v2\/product\/8313","targetHints":{"allow":["GET"]}}],"collection":[{"href":"https:\/\/ohmondessin.com\/index.php\/wp-json\/wp\/v2\/product"}],"about":[{"href":"https:\/\/ohmondessin.com\/index.php\/wp-json\/wp\/v2\/types\/product"}],"replies":[{"embeddable":true,"href":"https:\/\/ohmondessin.com\/index.php\/wp-json\/wp\/v2\/comments?post=8313"}],"wp:featuredmedia":[{"embeddable":true,"href":"https:\/\/ohmondessin.com\/index.php\/wp-json\/wp\/v2\/media\/8323"}],"wp:attachment":[{"href":"https:\/\/ohmondessin.com\/index.php\/wp-json\/wp\/v2\/media?parent=8313"}],"wp:term":[{"taxonomy":"product_brand","embeddable":true,"href":"https:\/\/ohmondessin.com\/index.php\/wp-json\/wp\/v2\/product_brand?post=8313"},{"taxonomy":"product_cat","embeddable":true,"href":"https:\/\/ohmondessin.com\/index.php\/wp-json\/wp\/v2\/product_cat?post=8313"},{"taxonomy":"product_tag","embeddable":true,"href":"https:\/\/ohmondessin.com\/index.php\/wp-json\/wp\/v2\/product_tag?post=8313"}],"curies":[{"name":"wp","href":"https:\/\/api.w.org\/{rel}","templated":true}]}}