{"id":8406,"date":"2026-04-29T16:53:48","date_gmt":"2026-04-29T16:53:48","guid":{"rendered":"https:\/\/ohmondessin.com\/?post_type=product&#038;p=8406"},"modified":"2026-04-29T17:00:08","modified_gmt":"2026-04-29T17:00:08","slug":"puzzle-le-libraire-500-pieces","status":"publish","type":"product","link":"https:\/\/ohmondessin.com\/index.php\/product\/puzzle-le-libraire-500-pieces\/","title":{"rendered":"Puzzle \u00ab\u00a0Le Libraire\u00a0\u00bb \u2013 500 pi\u00e8ces"},"content":{"rendered":"<p>Ce puzzle est un v\u00e9ritable voyage \u00e0 partager entre amis ou en famille, ou \u00e0 savourer en solo !<\/p>\n<ul>\n<li><strong>Dimensions<\/strong> : 47,8 x 34,2 cm une fois assembl\u00e9.<\/li>\n<li><strong>Mat\u00e9riau<\/strong> : Avec une boite en carton recycl\u00e9 et une fabrication fran\u00e7aise pour un meilleur respect de l\u2019environnement<\/li>\n<li><strong>Illustration<\/strong> : Un visuel original sign\u00e9 Oh ! Mon Dessin, avec de nombreux d\u00e9tails \u00e0 d\u00e9couvrir !<\/li>\n<li><strong>Cadeau id\u00e9al<\/strong> : pour les enfants \u00e0 partir de 12 ans et jusqu&rsquo;\u00e0&#8230; pas de limite \ud83d\ude0a<\/li>\n<\/ul>\n<p><a href=\"https:\/\/ohmondessin.com\/index.php\/product\/affiche-le-libraire\/\">D&rsquo;apr\u00e8s l&rsquo;illustration \u00ab\u00a0Le Libraire\u00a0\u00bb \u00e0 retrouver en affiche !<\/a><\/p>\n","protected":false},"excerpt":{"rendered":"<div class=\"wrapper_desc_content\">\n<div class=\"productDescription__block productDescription__bs\">\n<p>Plongez dans l&rsquo;univers d\u00e9licat et charmant de la Librairie \u00ab\u00a0Du Chat Qui Lit\u00a0\u00bb avec le puzzle <strong>\u00ab\u00a0Le Libraire\u00a0\u00bb<\/strong>. Ce puzzle de 500 pi\u00e8ces capture une sc\u00e8ne pleine de douceur et de d\u00e9tails soigneusement illustr\u00e9s. Entre livres color\u00e9s, s\u00e9ances de d\u00e9dicace \u00e0 venir et d\u00e9tails qui se glissent ici et l\u00e0, chaque pi\u00e8ce raconte une histoire.<\/p>\n<p><b>Nos engagements<\/b> :<\/p>\n<p>\ud83d\ude9a Livraison rapide &amp; suivie<br \/>\n\ud83c\uddeb\ud83c\uddf7 Puzzles cr\u00e9\u00e9s et fabriqu\u00e9s en France<br \/>\n\ud83d\udc9b Tirages en petite s\u00e9rie, pi\u00e8ces exclusives<br \/>\n\ud83d\udd12 Paiement 100 % s\u00e9curis\u00e9<\/p>\n<\/div>\n<\/div>\n","protected":false},"featured_media":8407,"comment_status":"open","ping_status":"closed","template":"","meta":[],"product_brand":[],"product_cat":[1234,1235],"product_tag":[1184,1551,342,1553,1540,1552,1270,1275,1289,1284,1271,1277,1550,1287,1285,1279,1288,1283,1276,1278,1274,1547,1548,1549],"class_list":{"0":"post-8406","1":"product","2":"type-product","3":"status-publish","4":"has-post-thumbnail","6":"product_cat-puzzles","7":"product_cat-guide-cadeaux-de-noel","8":"product_tag-affiche-boutique","9":"product_tag-booktok","10":"product_tag-illustration-chat","11":"product_tag-illustration-libraire","12":"product_tag-illustration-librairie","13":"product_tag-librairie","14":"product_tag-puzzle","15":"product_tag-puzzle-1000-pieces-made-in-france","16":"product_tag-puzzle-500-pieces","17":"product_tag-puzzle-ados","18":"product_tag-puzzle-adulte","19":"product_tag-puzzle-amour","20":"product_tag-puzzle-booktok","21":"product_tag-puzzle-boutique","22":"product_tag-puzzle-chat","23":"product_tag-puzzle-design","24":"product_tag-puzzle-devanture","25":"product_tag-puzzle-enfant","26":"product_tag-puzzle-fait-en-france","27":"product_tag-puzzle-illustratice","28":"product_tag-puzzle-illustration","29":"product_tag-puzzle-le-libraire","30":"product_tag-puzzle-librairie","31":"product_tag-puzzle-livres","32":"product_shipping_class-puzzles","34":"first","35":"instock","36":"taxable","37":"shipping-taxable","38":"purchasable","39":"product-type-simple"},"yoast_head":"<!-- This site is optimized with the Yoast SEO plugin v24.6 - https:\/\/yoast.com\/wordpress\/plugins\/seo\/ -->\n<title>Puzzle &quot;Le Libraire&quot; \u2013 500 pi\u00e8ces - ohmondessin.com<\/title>\n<meta name=\"description\" content=\"Ajoutez une touche de nature et de charme \u00e0 vos pauses caf\u00e9 avec cette tasse en c\u00e9ramique au design unique !\" \/>\n<meta name=\"robots\" content=\"index, follow, max-snippet:-1, max-image-preview:large, max-video-preview:-1\" \/>\n<link rel=\"canonical\" href=\"https:\/\/ohmondessin.com\/index.php\/product\/puzzle-le-libraire-500-pieces\/\" \/>\n<meta property=\"og:locale\" content=\"fr_FR\" \/>\n<meta property=\"og:type\" content=\"article\" \/>\n<meta property=\"og:title\" content=\"Puzzle &quot;Le Libraire&quot; \u2013 500 pi\u00e8ces - ohmondessin.com\" \/>\n<meta property=\"og:description\" content=\"Ajoutez une touche de nature et de charme \u00e0 vos pauses caf\u00e9 avec cette tasse en c\u00e9ramique au design unique !\" \/>\n<meta property=\"og:url\" content=\"https:\/\/ohmondessin.com\/index.php\/product\/puzzle-le-libraire-500-pieces\/\" \/>\n<meta property=\"og:site_name\" content=\"ohmondessin.com\" \/>\n<meta property=\"article:publisher\" content=\"https:\/\/www.facebook.com\/Ohmondessin\" \/>\n<meta property=\"article:modified_time\" content=\"2026-04-29T17:00:08+00:00\" \/>\n<meta property=\"og:image\" content=\"http:\/\/ohmondessin.com\/wp-content\/uploads\/2026\/04\/puzzle-Libraire-1-scaled.jpg\" \/>\n\t<meta property=\"og:image:width\" content=\"2133\" \/>\n\t<meta property=\"og:image:height\" content=\"2560\" \/>\n\t<meta property=\"og:image:type\" content=\"image\/jpeg\" \/>\n<meta name=\"twitter:card\" content=\"summary_large_image\" \/>\n<meta name=\"twitter:label1\" content=\"Dur\u00e9e de lecture estim\u00e9e\" \/>\n\t<meta name=\"twitter:data1\" content=\"1 minute\" \/>\n<script type=\"application\/ld+json\" class=\"yoast-schema-graph\">{\"@context\":\"https:\/\/schema.org\",\"@graph\":[{\"@type\":\"WebPage\",\"@id\":\"https:\/\/ohmondessin.com\/index.php\/product\/puzzle-le-libraire-500-pieces\/\",\"url\":\"https:\/\/ohmondessin.com\/index.php\/product\/puzzle-le-libraire-500-pieces\/\",\"name\":\"Puzzle \\\"Le Libraire\\\" \u2013 500 pi\u00e8ces - ohmondessin.com\",\"isPartOf\":{\"@id\":\"https:\/\/ohmondessin.com\/#website\"},\"primaryImageOfPage\":{\"@id\":\"https:\/\/ohmondessin.com\/index.php\/product\/puzzle-le-libraire-500-pieces\/#primaryimage\"},\"image\":{\"@id\":\"https:\/\/ohmondessin.com\/index.php\/product\/puzzle-le-libraire-500-pieces\/#primaryimage\"},\"thumbnailUrl\":\"https:\/\/ohmondessin.com\/wp-content\/uploads\/2026\/04\/puzzle-Libraire-1-scaled.jpg\",\"datePublished\":\"2026-04-29T16:53:48+00:00\",\"dateModified\":\"2026-04-29T17:00:08+00:00\",\"description\":\"Ajoutez une touche de nature et de charme \u00e0 vos pauses caf\u00e9 avec cette tasse en c\u00e9ramique au design unique !\",\"breadcrumb\":{\"@id\":\"https:\/\/ohmondessin.com\/index.php\/product\/puzzle-le-libraire-500-pieces\/#breadcrumb\"},\"inLanguage\":\"fr-FR\",\"potentialAction\":[{\"@type\":\"ReadAction\",\"target\":[\"https:\/\/ohmondessin.com\/index.php\/product\/puzzle-le-libraire-500-pieces\/\"]}]},{\"@type\":\"ImageObject\",\"inLanguage\":\"fr-FR\",\"@id\":\"https:\/\/ohmondessin.com\/index.php\/product\/puzzle-le-libraire-500-pieces\/#primaryimage\",\"url\":\"https:\/\/ohmondessin.com\/wp-content\/uploads\/2026\/04\/puzzle-Libraire-1-scaled.jpg\",\"contentUrl\":\"https:\/\/ohmondessin.com\/wp-content\/uploads\/2026\/04\/puzzle-Libraire-1-scaled.jpg\",\"width\":2133,\"height\":2560},{\"@type\":\"BreadcrumbList\",\"@id\":\"https:\/\/ohmondessin.com\/index.php\/product\/puzzle-le-libraire-500-pieces\/#breadcrumb\",\"itemListElement\":[{\"@type\":\"ListItem\",\"position\":1,\"name\":\"Accueil\",\"item\":\"https:\/\/ohmondessin.com\/\"},{\"@type\":\"ListItem\",\"position\":2,\"name\":\"La boutique\",\"item\":\"https:\/\/ohmondessin.com\/index.php\/la-boutique\/\"},{\"@type\":\"ListItem\",\"position\":3,\"name\":\"Puzzle \u00ab\u00a0Le Libraire\u00a0\u00bb \u2013 500 pi\u00e8ces\"}]},{\"@type\":\"WebSite\",\"@id\":\"https:\/\/ohmondessin.com\/#website\",\"url\":\"https:\/\/ohmondessin.com\/\",\"name\":\"ohmondessin.com\",\"description\":\"De l\u2019illustration et du fait-main\",\"publisher\":{\"@id\":\"https:\/\/ohmondessin.com\/#organization\"},\"potentialAction\":[{\"@type\":\"SearchAction\",\"target\":{\"@type\":\"EntryPoint\",\"urlTemplate\":\"https:\/\/ohmondessin.com\/?s={search_term_string}\"},\"query-input\":{\"@type\":\"PropertyValueSpecification\",\"valueRequired\":true,\"valueName\":\"search_term_string\"}}],\"inLanguage\":\"fr-FR\"},{\"@type\":\"Organization\",\"@id\":\"https:\/\/ohmondessin.com\/#organization\",\"name\":\"ohmondessin.com\",\"url\":\"https:\/\/ohmondessin.com\/\",\"logo\":{\"@type\":\"ImageObject\",\"inLanguage\":\"fr-FR\",\"@id\":\"https:\/\/ohmondessin.com\/#\/schema\/logo\/image\/\",\"url\":\"https:\/\/ohmondessin.com\/wp-content\/uploads\/2023\/01\/logo_OHMD-dark.png\",\"contentUrl\":\"https:\/\/ohmondessin.com\/wp-content\/uploads\/2023\/01\/logo_OHMD-dark.png\",\"width\":500,\"height\":500,\"caption\":\"ohmondessin.com\"},\"image\":{\"@id\":\"https:\/\/ohmondessin.com\/#\/schema\/logo\/image\/\"},\"sameAs\":[\"https:\/\/www.facebook.com\/Ohmondessin\",\"https:\/\/www.instagram.com\/ohmondessin\/\"]}]}<\/script>\n<!-- \/ Yoast SEO plugin. -->","yoast_head_json":{"title":"Puzzle \"Le Libraire\" \u2013 500 pi\u00e8ces - ohmondessin.com","description":"Ajoutez une touche de nature et de charme \u00e0 vos pauses caf\u00e9 avec cette tasse en c\u00e9ramique au design unique !","robots":{"index":"index","follow":"follow","max-snippet":"max-snippet:-1","max-image-preview":"max-image-preview:large","max-video-preview":"max-video-preview:-1"},"canonical":"https:\/\/ohmondessin.com\/index.php\/product\/puzzle-le-libraire-500-pieces\/","og_locale":"fr_FR","og_type":"article","og_title":"Puzzle \"Le Libraire\" \u2013 500 pi\u00e8ces - ohmondessin.com","og_description":"Ajoutez une touche de nature et de charme \u00e0 vos pauses caf\u00e9 avec cette tasse en c\u00e9ramique au design unique !","og_url":"https:\/\/ohmondessin.com\/index.php\/product\/puzzle-le-libraire-500-pieces\/","og_site_name":"ohmondessin.com","article_publisher":"https:\/\/www.facebook.com\/Ohmondessin","article_modified_time":"2026-04-29T17:00:08+00:00","og_image":[{"width":2133,"height":2560,"url":"http:\/\/ohmondessin.com\/wp-content\/uploads\/2026\/04\/puzzle-Libraire-1-scaled.jpg","type":"image\/jpeg"}],"twitter_card":"summary_large_image","twitter_misc":{"Dur\u00e9e de lecture estim\u00e9e":"1 minute"},"schema":{"@context":"https:\/\/schema.org","@graph":[{"@type":"WebPage","@id":"https:\/\/ohmondessin.com\/index.php\/product\/puzzle-le-libraire-500-pieces\/","url":"https:\/\/ohmondessin.com\/index.php\/product\/puzzle-le-libraire-500-pieces\/","name":"Puzzle \"Le Libraire\" \u2013 500 pi\u00e8ces - ohmondessin.com","isPartOf":{"@id":"https:\/\/ohmondessin.com\/#website"},"primaryImageOfPage":{"@id":"https:\/\/ohmondessin.com\/index.php\/product\/puzzle-le-libraire-500-pieces\/#primaryimage"},"image":{"@id":"https:\/\/ohmondessin.com\/index.php\/product\/puzzle-le-libraire-500-pieces\/#primaryimage"},"thumbnailUrl":"https:\/\/ohmondessin.com\/wp-content\/uploads\/2026\/04\/puzzle-Libraire-1-scaled.jpg","datePublished":"2026-04-29T16:53:48+00:00","dateModified":"2026-04-29T17:00:08+00:00","description":"Ajoutez une touche de nature et de charme \u00e0 vos pauses caf\u00e9 avec cette tasse en c\u00e9ramique au design unique !","breadcrumb":{"@id":"https:\/\/ohmondessin.com\/index.php\/product\/puzzle-le-libraire-500-pieces\/#breadcrumb"},"inLanguage":"fr-FR","potentialAction":[{"@type":"ReadAction","target":["https:\/\/ohmondessin.com\/index.php\/product\/puzzle-le-libraire-500-pieces\/"]}]},{"@type":"ImageObject","inLanguage":"fr-FR","@id":"https:\/\/ohmondessin.com\/index.php\/product\/puzzle-le-libraire-500-pieces\/#primaryimage","url":"https:\/\/ohmondessin.com\/wp-content\/uploads\/2026\/04\/puzzle-Libraire-1-scaled.jpg","contentUrl":"https:\/\/ohmondessin.com\/wp-content\/uploads\/2026\/04\/puzzle-Libraire-1-scaled.jpg","width":2133,"height":2560},{"@type":"BreadcrumbList","@id":"https:\/\/ohmondessin.com\/index.php\/product\/puzzle-le-libraire-500-pieces\/#breadcrumb","itemListElement":[{"@type":"ListItem","position":1,"name":"Accueil","item":"https:\/\/ohmondessin.com\/"},{"@type":"ListItem","position":2,"name":"La boutique","item":"https:\/\/ohmondessin.com\/index.php\/la-boutique\/"},{"@type":"ListItem","position":3,"name":"Puzzle \u00ab\u00a0Le Libraire\u00a0\u00bb \u2013 500 pi\u00e8ces"}]},{"@type":"WebSite","@id":"https:\/\/ohmondessin.com\/#website","url":"https:\/\/ohmondessin.com\/","name":"ohmondessin.com","description":"De l\u2019illustration et du fait-main","publisher":{"@id":"https:\/\/ohmondessin.com\/#organization"},"potentialAction":[{"@type":"SearchAction","target":{"@type":"EntryPoint","urlTemplate":"https:\/\/ohmondessin.com\/?s={search_term_string}"},"query-input":{"@type":"PropertyValueSpecification","valueRequired":true,"valueName":"search_term_string"}}],"inLanguage":"fr-FR"},{"@type":"Organization","@id":"https:\/\/ohmondessin.com\/#organization","name":"ohmondessin.com","url":"https:\/\/ohmondessin.com\/","logo":{"@type":"ImageObject","inLanguage":"fr-FR","@id":"https:\/\/ohmondessin.com\/#\/schema\/logo\/image\/","url":"https:\/\/ohmondessin.com\/wp-content\/uploads\/2023\/01\/logo_OHMD-dark.png","contentUrl":"https:\/\/ohmondessin.com\/wp-content\/uploads\/2023\/01\/logo_OHMD-dark.png","width":500,"height":500,"caption":"ohmondessin.com"},"image":{"@id":"https:\/\/ohmondessin.com\/#\/schema\/logo\/image\/"},"sameAs":["https:\/\/www.facebook.com\/Ohmondessin","https:\/\/www.instagram.com\/ohmondessin\/"]}]}},"jetpack_sharing_enabled":true,"_links":{"self":[{"href":"https:\/\/ohmondessin.com\/index.php\/wp-json\/wp\/v2\/product\/8406","targetHints":{"allow":["GET"]}}],"collection":[{"href":"https:\/\/ohmondessin.com\/index.php\/wp-json\/wp\/v2\/product"}],"about":[{"href":"https:\/\/ohmondessin.com\/index.php\/wp-json\/wp\/v2\/types\/product"}],"replies":[{"embeddable":true,"href":"https:\/\/ohmondessin.com\/index.php\/wp-json\/wp\/v2\/comments?post=8406"}],"wp:featuredmedia":[{"embeddable":true,"href":"https:\/\/ohmondessin.com\/index.php\/wp-json\/wp\/v2\/media\/8407"}],"wp:attachment":[{"href":"https:\/\/ohmondessin.com\/index.php\/wp-json\/wp\/v2\/media?parent=8406"}],"wp:term":[{"taxonomy":"product_brand","embeddable":true,"href":"https:\/\/ohmondessin.com\/index.php\/wp-json\/wp\/v2\/product_brand?post=8406"},{"taxonomy":"product_cat","embeddable":true,"href":"https:\/\/ohmondessin.com\/index.php\/wp-json\/wp\/v2\/product_cat?post=8406"},{"taxonomy":"product_tag","embeddable":true,"href":"https:\/\/ohmondessin.com\/index.php\/wp-json\/wp\/v2\/product_tag?post=8406"}],"curies":[{"name":"wp","href":"https:\/\/api.w.org\/{rel}","templated":true}]}}